{"id":449,"date":"2025-10-29T13:56:30","date_gmt":"2025-10-29T13:56:30","guid":{"rendered":"https:\/\/llenapampalona.panelserver.org\/abogados-especialistas-en-accidentes-de-trafico\/"},"modified":"2025-12-04T15:36:05","modified_gmt":"2025-12-04T15:36:05","slug":"advocats-especialistes-en-accidents-de-transit","status":"publish","type":"page","link":"https:\/\/llenapampalona.com\/ca\/advocats-especialistes-en-accidents-de-transit\/","title":{"rendered":"Advocats especialistes en accidents de tr\u00e0nsit"},"content":{"rendered":"\t\t<div data-elementor-type=\"wp-page\" data-elementor-id=\"449\" class=\"elementor elementor-449 elementor-161\" data-elementor-post-type=\"page\">\n\t\t\t\t<div class=\"elementor-element elementor-element-eab28b6 e-flex e-con-boxed e-con e-parent\" data-id=\"eab28b6\" data-element_type=\"container\" data-settings=\"{&quot;background_background&quot;:&quot;classic&quot;}\">\n\t\t\t\t\t<div class=\"e-con-inner\">\n\t\t\t\t<div class=\"elementor-element elementor-element-3a784d1 elementor-widget elementor-widget-heading\" data-id=\"3a784d1\" data-element_type=\"widget\" data-widget_type=\"heading.default\">\n\t\t\t\t\t<h2 class=\"elementor-heading-title elementor-size-default\">Advocats especialistes en accidents de tr\u00e0nsit<\/h2>\t\t\t\t<\/div>\n\t\t\t\t\t<\/div>\n\t\t\t\t<\/div>\n\t\t<div class=\"elementor-element elementor-element-2851f27 e-flex e-con-boxed e-con e-parent\" data-id=\"2851f27\" data-element_type=\"container\">\n\t\t\t\t\t<div class=\"e-con-inner\">\n\t\t<div class=\"elementor-element elementor-element-e24167c e-con-full e-flex e-con e-child\" data-id=\"e24167c\" data-element_type=\"container\">\n\t\t\t\t<div class=\"elementor-element elementor-element-01b31f9 elementor-widget elementor-widget-heading\" data-id=\"01b31f9\" data-element_type=\"widget\" data-widget_type=\"heading.default\">\n\t\t\t\t\t<h1 class=\"elementor-heading-title elementor-size-default\">Advocats experts en accidents de tr\u00e0nsit a Lleida:<br> reclamem la teva indemnitzaci\u00f3 amb efic\u00e0cia i proximitat<\/h1>\t\t\t\t<\/div>\n\t\t\t\t<div class=\"elementor-element elementor-element-3436d9a elementor-widget-divider--view-line elementor-widget elementor-widget-divider\" data-id=\"3436d9a\" data-element_type=\"widget\" data-widget_type=\"divider.default\">\n\t\t\t\t\t\t\t<div class=\"elementor-divider\">\n\t\t\t<span class=\"elementor-divider-separator\">\n\t\t\t\t\t\t<\/span>\n\t\t<\/div>\n\t\t\t\t\t\t<\/div>\n\t\t\t\t<div class=\"elementor-element elementor-element-bfbd851 elementor-widget elementor-widget-text-editor\" data-id=\"bfbd851\" data-element_type=\"widget\" data-widget_type=\"text-editor.default\">\n\t\t\t\t\t\t\t\t\t<p>En Llena Pampalona Arri\u00e0 som experts en la defensa i assessorament de v\u00edctimes d&#8217;accidents de tr\u00e0nsit. Comptem amb una \u00e0mplia experi\u00e8ncia en la reclamaci\u00f3 de danys i perjudicis, tant personals com materials, i treballem per a garantir que els nostres clients rebin la m\u00e0xima indemnitzaci\u00f3 que els correspon per llei.<\/p>\t\t\t\t\t\t\t\t<\/div>\n\t\t\t\t<\/div>\n\t\t\t\t\t<\/div>\n\t\t\t\t<\/div>\n\t\t<div class=\"elementor-element elementor-element-df4a9fa e-flex e-con-boxed elementor-invisible e-con e-parent\" data-id=\"df4a9fa\" data-element_type=\"container\" data-settings=\"{&quot;background_background&quot;:&quot;classic&quot;,&quot;animation&quot;:&quot;fadeInUp&quot;}\">\n\t\t\t\t\t<div class=\"e-con-inner\">\n\t\t\t\t\t<\/div>\n\t\t\t\t<\/div>\n\t\t<div class=\"elementor-element elementor-element-08a2008 e-flex e-con-boxed e-con e-parent\" data-id=\"08a2008\" data-element_type=\"container\">\n\t\t\t\t\t<div class=\"e-con-inner\">\n\t\t<div class=\"elementor-element elementor-element-4bf7d3a e-con-full e-flex e-con e-child\" data-id=\"4bf7d3a\" data-element_type=\"container\">\n\t\t\t\t<div class=\"elementor-element elementor-element-f198cb6 elementor-widget elementor-widget-text-editor\" data-id=\"f198cb6\" data-element_type=\"widget\" data-widget_type=\"text-editor.default\">\n\t\t\t\t\t\t\t\t\t<p>Sabem que despr\u00e9s d&#8217;un accident, a m\u00e9s de la recuperaci\u00f3 f\u00edsica i emocional, solen apar\u00e8ixer preocupacions econ\u00f2miques i legals. El nostre objectiu \u00e9s que el client pugui centrar-se en la seva recuperaci\u00f3, mentre nosaltres ens ocupem de tot el proc\u00e9s legal i administratiu.<\/p>\t\t\t\t\t\t\t\t<\/div>\n\t\t\t\t<div class=\"elementor-element elementor-element-4b07ede elementor-widget elementor-widget-heading\" data-id=\"4b07ede\" data-element_type=\"widget\" data-widget_type=\"heading.default\">\n\t\t\t\t\t<h2 class=\"elementor-heading-title elementor-size-default\">Els nostres serveis jur\u00eddics inclouen:<\/h2>\t\t\t\t<\/div>\n\t\t\t\t<div class=\"elementor-element elementor-element-2098213 elementor-widget elementor-widget-text-editor\" data-id=\"2098213\" data-element_type=\"widget\" data-widget_type=\"text-editor.default\">\n\t\t\t\t\t\t\t\t\t<ul><li><span class=\"a_GcMg font-feature-liga-off font-feature-clig-off font-feature-calt-off text-decoration-none text-strikethrough-none\">Assessorament integral des del primer moment, amb estudi i valoraci\u00f3 clara de les possibilitats de reclamaci\u00f3.<\/span><\/li><li><span class=\"a_GcMg font-feature-liga-off font-feature-clig-off font-feature-calt-off text-decoration-none text-strikethrough-none\">Reclamaci\u00f3 d&#8217;indemnitzacions per lesions, seq\u00fceles, danys materials i perjudicis econ\u00f2mics.<\/span><\/li><li><span class=\"a_GcMg font-feature-liga-off font-feature-clig-off font-feature-calt-off text-decoration-none text-strikethrough-none\">Tracte directe i personalitzat, adaptat a cada cas.<\/span><\/li><li><span class=\"a_GcMg font-feature-liga-off font-feature-clig-off font-feature-calt-off text-decoration-none text-strikethrough-none\">Gesti\u00f3 amb companyies d&#8217;assegurances, per a evitar que els afectats hagin de negociar en situaci\u00f3 de desavantatge.<\/span><\/li><li><span class=\"a_GcMg font-feature-liga-off font-feature-clig-off font-feature-calt-off text-decoration-none text-strikethrough-none\">Col\u00b7laboraci\u00f3 amb metges i perits per a acreditar l&#8217;abast real de les lesions i danys.<\/span><\/li><\/ul>\t\t\t\t\t\t\t\t<\/div>\n\t\t\t\t<\/div>\n\t\t<div class=\"elementor-element elementor-element-b248cbb e-con-full e-flex e-con e-child\" data-id=\"b248cbb\" data-element_type=\"container\">\n\t\t\t\t<div class=\"elementor-element elementor-element-8272e22 elementor-widget elementor-widget-image\" data-id=\"8272e22\" data-element_type=\"widget\" data-widget_type=\"image.default\">\n\t\t\t\t\t\t\t\t\t\t\t\t\t\t\t<img fetchpriority=\"high\" decoding=\"async\" width=\"500\" height=\"500\" src=\"https:\/\/llenapampalona.com\/wp-content\/uploads\/2025\/10\/accidentes-de-trafico.png\" class=\"attachment-full size-full wp-image-450\" alt=\"accidentes-de-trafico ICONO\" srcset=\"https:\/\/llenapampalona.com\/wp-content\/uploads\/2025\/10\/accidentes-de-trafico.png 500w, https:\/\/llenapampalona.com\/wp-content\/uploads\/2025\/10\/accidentes-de-trafico-300x300.png 300w, https:\/\/llenapampalona.com\/wp-content\/uploads\/2025\/10\/accidentes-de-trafico-150x150.png 150w\" sizes=\"(max-width: 500px) 100vw, 500px\" \/>\t\t\t\t\t\t\t\t\t\t\t\t\t\t\t<\/div>\n\t\t\t\t<\/div>\n\t\t\t\t\t<\/div>\n\t\t\t\t<\/div>\n\t\t\t\t<\/div>\n\t\t","protected":false},"excerpt":{"rendered":"<p>Advocats especialistes en accidents de tr\u00e0nsit Advocats experts en accidents de tr\u00e0nsit a Lleida: reclamem la teva indemnitzaci\u00f3 amb efic\u00e0cia i proximitat En Llena Pampalona Arri\u00e0 som experts en la defensa i assessorament de v\u00edctimes d&#8217;accidents de tr\u00e0nsit. Comptem amb una \u00e0mplia experi\u00e8ncia en la reclamaci\u00f3 de danys i perjudicis, tant personals com materials, i [&hellip;]<\/p>\n","protected":false},"author":1,"featured_media":0,"parent":0,"menu_order":0,"comment_status":"closed","ping_status":"closed","template":"","meta":{"footnotes":""},"class_list":["post-449","page","type-page","status-publish","hentry"],"yoast_head":"<!-- This site is optimized with the Yoast SEO plugin v26.6 - https:\/\/yoast.com\/wordpress\/plugins\/seo\/ -->\n<title>Advocats especialistes en accidents de tr\u00e0nsit - Abogados accidente de tr\u00e1fico Lleida<\/title>\n<meta name=\"description\" content=\"\u00bfHas sufrido un accidente de tr\u00e1fico en Lleida? Nuestro equipo legal te acompa\u00f1a desde el primer momento para reclamar lo que te corresponde. Cercan\u00eda, eficacia y experiencia contrastada\" \/>\n<meta name=\"robots\" content=\"index, follow, max-snippet:-1, max-image-preview:large, max-video-preview:-1\" \/>\n<link rel=\"canonical\" href=\"https:\/\/llenapampalona.com\/ca\/advocats-especialistes-en-accidents-de-transit\/\" \/>\n<meta property=\"og:locale\" content=\"ca_ES\" \/>\n<meta property=\"og:type\" content=\"article\" \/>\n<meta property=\"og:title\" content=\"Advocats especialistes en accidents de tr\u00e0nsit - Abogados accidente de tr\u00e1fico Lleida\" \/>\n<meta property=\"og:description\" content=\"\u00bfHas sufrido un accidente de tr\u00e1fico en Lleida? Nuestro equipo legal te acompa\u00f1a desde el primer momento para reclamar lo que te corresponde. Cercan\u00eda, eficacia y experiencia contrastada\" \/>\n<meta property=\"og:url\" content=\"https:\/\/llenapampalona.com\/ca\/advocats-especialistes-en-accidents-de-transit\/\" \/>\n<meta property=\"og:site_name\" content=\"Llena Pampalona Arri\u00e0\" \/>\n<meta property=\"article:modified_time\" content=\"2025-12-04T15:36:05+00:00\" \/>\n<meta property=\"og:image\" content=\"https:\/\/llenapampalona.com\/wp-content\/uploads\/2025\/10\/accidentes-de-trafico.png\" \/>\n\t<meta property=\"og:image:width\" content=\"500\" \/>\n\t<meta property=\"og:image:height\" content=\"500\" \/>\n\t<meta property=\"og:image:type\" content=\"image\/png\" \/>\n<meta name=\"twitter:card\" content=\"summary_large_image\" \/>\n<meta name=\"twitter:label1\" content=\"Temps estimat de lectura\" \/>\n\t<meta name=\"twitter:data1\" content=\"2 minuts\" \/>\n<script type=\"application\/ld+json\" class=\"yoast-schema-graph\">{\"@context\":\"https:\/\/schema.org\",\"@graph\":[{\"@type\":\"WebPage\",\"@id\":\"https:\/\/llenapampalona.com\/ca\/advocats-especialistes-en-accidents-de-transit\/\",\"url\":\"https:\/\/llenapampalona.com\/ca\/advocats-especialistes-en-accidents-de-transit\/\",\"name\":\"Advocats especialistes en accidents de tr\u00e0nsit - Abogados accidente de tr\u00e1fico Lleida\",\"isPartOf\":{\"@id\":\"https:\/\/llenapampalona.com\/ca\/#website\"},\"primaryImageOfPage\":{\"@id\":\"https:\/\/llenapampalona.com\/ca\/advocats-especialistes-en-accidents-de-transit\/#primaryimage\"},\"image\":{\"@id\":\"https:\/\/llenapampalona.com\/ca\/advocats-especialistes-en-accidents-de-transit\/#primaryimage\"},\"thumbnailUrl\":\"https:\/\/llenapampalona.com\/wp-content\/uploads\/2025\/10\/accidentes-de-trafico.png\",\"datePublished\":\"2025-10-29T13:56:30+00:00\",\"dateModified\":\"2025-12-04T15:36:05+00:00\",\"description\":\"\u00bfHas sufrido un accidente de tr\u00e1fico en Lleida? Nuestro equipo legal te acompa\u00f1a desde el primer momento para reclamar lo que te corresponde. Cercan\u00eda, eficacia y experiencia contrastada\",\"breadcrumb\":{\"@id\":\"https:\/\/llenapampalona.com\/ca\/advocats-especialistes-en-accidents-de-transit\/#breadcrumb\"},\"inLanguage\":\"ca\",\"potentialAction\":[{\"@type\":\"ReadAction\",\"target\":[\"https:\/\/llenapampalona.com\/ca\/advocats-especialistes-en-accidents-de-transit\/\"]}]},{\"@type\":\"ImageObject\",\"inLanguage\":\"ca\",\"@id\":\"https:\/\/llenapampalona.com\/ca\/advocats-especialistes-en-accidents-de-transit\/#primaryimage\",\"url\":\"https:\/\/llenapampalona.com\/wp-content\/uploads\/2025\/10\/accidentes-de-trafico.png\",\"contentUrl\":\"https:\/\/llenapampalona.com\/wp-content\/uploads\/2025\/10\/accidentes-de-trafico.png\"},{\"@type\":\"BreadcrumbList\",\"@id\":\"https:\/\/llenapampalona.com\/ca\/advocats-especialistes-en-accidents-de-transit\/#breadcrumb\",\"itemListElement\":[{\"@type\":\"ListItem\",\"position\":1,\"name\":\"Portada\",\"item\":\"https:\/\/llenapampalona.com\/ca\/\"},{\"@type\":\"ListItem\",\"position\":2,\"name\":\"Advocats especialistes en accidents de tr\u00e0nsit\"}]},{\"@type\":\"WebSite\",\"@id\":\"https:\/\/llenapampalona.com\/ca\/#website\",\"url\":\"https:\/\/llenapampalona.com\/ca\/\",\"name\":\"Llena Pampalona Arri\u00e0\",\"description\":\"\",\"publisher\":{\"@id\":\"https:\/\/llenapampalona.com\/ca\/#organization\"},\"potentialAction\":[{\"@type\":\"SearchAction\",\"target\":{\"@type\":\"EntryPoint\",\"urlTemplate\":\"https:\/\/llenapampalona.com\/ca\/?s={search_term_string}\"},\"query-input\":{\"@type\":\"PropertyValueSpecification\",\"valueRequired\":true,\"valueName\":\"search_term_string\"}}],\"inLanguage\":\"ca\"},{\"@type\":\"Organization\",\"@id\":\"https:\/\/llenapampalona.com\/ca\/#organization\",\"name\":\"Llena Pampalona Arri\u00e0\",\"url\":\"https:\/\/llenapampalona.com\/ca\/\",\"logo\":{\"@type\":\"ImageObject\",\"inLanguage\":\"ca\",\"@id\":\"https:\/\/llenapampalona.com\/ca\/#\/schema\/logo\/image\/\",\"url\":\"https:\/\/llenapampalona.com\/wp-content\/uploads\/2025\/10\/llena-pampalona-logo-2.png\",\"contentUrl\":\"https:\/\/llenapampalona.com\/wp-content\/uploads\/2025\/10\/llena-pampalona-logo-2.png\",\"width\":500,\"height\":60,\"caption\":\"Llena Pampalona Arri\u00e0\"},\"image\":{\"@id\":\"https:\/\/llenapampalona.com\/ca\/#\/schema\/logo\/image\/\"}}]}<\/script>\n<!-- \/ Yoast SEO plugin. -->","yoast_head_json":{"title":"Advocats especialistes en accidents de tr\u00e0nsit - Abogados accidente de tr\u00e1fico Lleida","description":"\u00bfHas sufrido un accidente de tr\u00e1fico en Lleida? Nuestro equipo legal te acompa\u00f1a desde el primer momento para reclamar lo que te corresponde. Cercan\u00eda, eficacia y experiencia contrastada","robots":{"index":"index","follow":"follow","max-snippet":"max-snippet:-1","max-image-preview":"max-image-preview:large","max-video-preview":"max-video-preview:-1"},"canonical":"https:\/\/llenapampalona.com\/ca\/advocats-especialistes-en-accidents-de-transit\/","og_locale":"ca_ES","og_type":"article","og_title":"Advocats especialistes en accidents de tr\u00e0nsit - Abogados accidente de tr\u00e1fico Lleida","og_description":"\u00bfHas sufrido un accidente de tr\u00e1fico en Lleida? Nuestro equipo legal te acompa\u00f1a desde el primer momento para reclamar lo que te corresponde. Cercan\u00eda, eficacia y experiencia contrastada","og_url":"https:\/\/llenapampalona.com\/ca\/advocats-especialistes-en-accidents-de-transit\/","og_site_name":"Llena Pampalona Arri\u00e0","article_modified_time":"2025-12-04T15:36:05+00:00","og_image":[{"width":500,"height":500,"url":"https:\/\/llenapampalona.com\/wp-content\/uploads\/2025\/10\/accidentes-de-trafico.png","type":"image\/png"}],"twitter_card":"summary_large_image","twitter_misc":{"Temps estimat de lectura":"2 minuts"},"schema":{"@context":"https:\/\/schema.org","@graph":[{"@type":"WebPage","@id":"https:\/\/llenapampalona.com\/ca\/advocats-especialistes-en-accidents-de-transit\/","url":"https:\/\/llenapampalona.com\/ca\/advocats-especialistes-en-accidents-de-transit\/","name":"Advocats especialistes en accidents de tr\u00e0nsit - Abogados accidente de tr\u00e1fico Lleida","isPartOf":{"@id":"https:\/\/llenapampalona.com\/ca\/#website"},"primaryImageOfPage":{"@id":"https:\/\/llenapampalona.com\/ca\/advocats-especialistes-en-accidents-de-transit\/#primaryimage"},"image":{"@id":"https:\/\/llenapampalona.com\/ca\/advocats-especialistes-en-accidents-de-transit\/#primaryimage"},"thumbnailUrl":"https:\/\/llenapampalona.com\/wp-content\/uploads\/2025\/10\/accidentes-de-trafico.png","datePublished":"2025-10-29T13:56:30+00:00","dateModified":"2025-12-04T15:36:05+00:00","description":"\u00bfHas sufrido un accidente de tr\u00e1fico en Lleida? Nuestro equipo legal te acompa\u00f1a desde el primer momento para reclamar lo que te corresponde. Cercan\u00eda, eficacia y experiencia contrastada","breadcrumb":{"@id":"https:\/\/llenapampalona.com\/ca\/advocats-especialistes-en-accidents-de-transit\/#breadcrumb"},"inLanguage":"ca","potentialAction":[{"@type":"ReadAction","target":["https:\/\/llenapampalona.com\/ca\/advocats-especialistes-en-accidents-de-transit\/"]}]},{"@type":"ImageObject","inLanguage":"ca","@id":"https:\/\/llenapampalona.com\/ca\/advocats-especialistes-en-accidents-de-transit\/#primaryimage","url":"https:\/\/llenapampalona.com\/wp-content\/uploads\/2025\/10\/accidentes-de-trafico.png","contentUrl":"https:\/\/llenapampalona.com\/wp-content\/uploads\/2025\/10\/accidentes-de-trafico.png"},{"@type":"BreadcrumbList","@id":"https:\/\/llenapampalona.com\/ca\/advocats-especialistes-en-accidents-de-transit\/#breadcrumb","itemListElement":[{"@type":"ListItem","position":1,"name":"Portada","item":"https:\/\/llenapampalona.com\/ca\/"},{"@type":"ListItem","position":2,"name":"Advocats especialistes en accidents de tr\u00e0nsit"}]},{"@type":"WebSite","@id":"https:\/\/llenapampalona.com\/ca\/#website","url":"https:\/\/llenapampalona.com\/ca\/","name":"Llena Pampalona Arri\u00e0","description":"","publisher":{"@id":"https:\/\/llenapampalona.com\/ca\/#organization"},"potentialAction":[{"@type":"SearchAction","target":{"@type":"EntryPoint","urlTemplate":"https:\/\/llenapampalona.com\/ca\/?s={search_term_string}"},"query-input":{"@type":"PropertyValueSpecification","valueRequired":true,"valueName":"search_term_string"}}],"inLanguage":"ca"},{"@type":"Organization","@id":"https:\/\/llenapampalona.com\/ca\/#organization","name":"Llena Pampalona Arri\u00e0","url":"https:\/\/llenapampalona.com\/ca\/","logo":{"@type":"ImageObject","inLanguage":"ca","@id":"https:\/\/llenapampalona.com\/ca\/#\/schema\/logo\/image\/","url":"https:\/\/llenapampalona.com\/wp-content\/uploads\/2025\/10\/llena-pampalona-logo-2.png","contentUrl":"https:\/\/llenapampalona.com\/wp-content\/uploads\/2025\/10\/llena-pampalona-logo-2.png","width":500,"height":60,"caption":"Llena Pampalona Arri\u00e0"},"image":{"@id":"https:\/\/llenapampalona.com\/ca\/#\/schema\/logo\/image\/"}}]}},"_links":{"self":[{"href":"https:\/\/llenapampalona.com\/ca\/wp-json\/wp\/v2\/pages\/449","targetHints":{"allow":["GET"]}}],"collection":[{"href":"https:\/\/llenapampalona.com\/ca\/wp-json\/wp\/v2\/pages"}],"about":[{"href":"https:\/\/llenapampalona.com\/ca\/wp-json\/wp\/v2\/types\/page"}],"author":[{"embeddable":true,"href":"https:\/\/llenapampalona.com\/ca\/wp-json\/wp\/v2\/users\/1"}],"replies":[{"embeddable":true,"href":"https:\/\/llenapampalona.com\/ca\/wp-json\/wp\/v2\/comments?post=449"}],"version-history":[{"count":7,"href":"https:\/\/llenapampalona.com\/ca\/wp-json\/wp\/v2\/pages\/449\/revisions"}],"predecessor-version":[{"id":636,"href":"https:\/\/llenapampalona.com\/ca\/wp-json\/wp\/v2\/pages\/449\/revisions\/636"}],"wp:attachment":[{"href":"https:\/\/llenapampalona.com\/ca\/wp-json\/wp\/v2\/media?parent=449"}],"curies":[{"name":"wp","href":"https:\/\/api.w.org\/{rel}","templated":true}]}}