{"id":451,"date":"2025-10-28T15:46:04","date_gmt":"2025-10-28T15:46:04","guid":{"rendered":"https:\/\/llenapampalona.panelserver.org\/asesoramiento-en-divorcios\/"},"modified":"2025-12-04T15:35:36","modified_gmt":"2025-12-04T15:35:36","slug":"assessorament-en-divorcis","status":"publish","type":"page","link":"https:\/\/llenapampalona.com\/ca\/assessorament-en-divorcis\/","title":{"rendered":"Assessorament en divorcis"},"content":{"rendered":"\t\t<div data-elementor-type=\"wp-page\" data-elementor-id=\"451\" class=\"elementor elementor-451 elementor-132\" data-elementor-post-type=\"page\">\n\t\t\t\t<div class=\"elementor-element elementor-element-31e5548 e-flex e-con-boxed e-con e-parent\" data-id=\"31e5548\" data-element_type=\"container\" data-settings=\"{&quot;background_background&quot;:&quot;classic&quot;}\">\n\t\t\t\t\t<div class=\"e-con-inner\">\n\t\t\t\t<div class=\"elementor-element elementor-element-8f8e23c elementor-widget elementor-widget-heading\" data-id=\"8f8e23c\" data-element_type=\"widget\" data-widget_type=\"heading.default\">\n\t\t\t\t\t<h2 class=\"elementor-heading-title elementor-size-default\">Assessorament en Divorcis<\/h2>\t\t\t\t<\/div>\n\t\t\t\t\t<\/div>\n\t\t\t\t<\/div>\n\t\t<div class=\"elementor-element elementor-element-2cd5637 e-flex e-con-boxed e-con e-parent\" data-id=\"2cd5637\" data-element_type=\"container\">\n\t\t\t\t\t<div class=\"e-con-inner\">\n\t\t<div class=\"elementor-element elementor-element-df08add e-con-full e-flex e-con e-child\" data-id=\"df08add\" data-element_type=\"container\">\n\t\t\t\t<div class=\"elementor-element elementor-element-4b63637 elementor-widget elementor-widget-heading\" data-id=\"4b63637\" data-element_type=\"widget\" data-widget_type=\"heading.default\">\n\t\t\t\t\t<h1 class=\"elementor-heading-title elementor-size-default\">Advocats especialistes en Divorcis i Dret de Fam\u00edlia a Lleida<\/h1>\t\t\t\t<\/div>\n\t\t\t\t<div class=\"elementor-element elementor-element-1a9c651 elementor-widget-divider--view-line elementor-widget elementor-widget-divider\" data-id=\"1a9c651\" data-element_type=\"widget\" data-widget_type=\"divider.default\">\n\t\t\t\t\t\t\t<div class=\"elementor-divider\">\n\t\t\t<span class=\"elementor-divider-separator\">\n\t\t\t\t\t\t<\/span>\n\t\t<\/div>\n\t\t\t\t\t\t<\/div>\n\t\t\t\t<div class=\"elementor-element elementor-element-311b72c elementor-widget elementor-widget-text-editor\" data-id=\"311b72c\" data-element_type=\"widget\" data-widget_type=\"text-editor.default\">\n\t\t\t\t\t\t\t\t\t<p>Els processos de separaci\u00f3 o divorci requereixen no sols coneixements legals, sin\u00f3 tamb\u00e9 sensibilitat humana. En Llena Pampalona Arri\u00e0 t&#8217;acompanyem en tot el proc\u00e9s de divorci o ruptura de parella amb el comprom\u00eds d&#8217;aconseguir solucions justes, r\u00e0pides i amb el menor conflicte possible.<\/p><p>Comptem amb advocats matrimonialistes a Lleida experts en dret de fam\u00edlia, cust\u00f2dies, pensions i repartiment de b\u00e9ns. Defensem els teus interessos amb responsabilitat, buscant sempre acords sostenibles i evitant processos llargs innecessaris.<\/p>\t\t\t\t\t\t\t\t<\/div>\n\t\t\t\t<\/div>\n\t\t\t\t\t<\/div>\n\t\t\t\t<\/div>\n\t\t<div class=\"elementor-element elementor-element-23f5730 e-flex e-con-boxed elementor-invisible e-con e-parent\" data-id=\"23f5730\" data-element_type=\"container\" data-settings=\"{&quot;background_background&quot;:&quot;classic&quot;,&quot;animation&quot;:&quot;fadeInUp&quot;}\">\n\t\t\t\t\t<div class=\"e-con-inner\">\n\t\t\t\t\t<\/div>\n\t\t\t\t<\/div>\n\t\t<div class=\"elementor-element elementor-element-b2c8f09 e-flex e-con-boxed e-con e-parent\" data-id=\"b2c8f09\" data-element_type=\"container\">\n\t\t\t\t\t<div class=\"e-con-inner\">\n\t\t<div class=\"elementor-element elementor-element-0c360ac e-con-full e-flex e-con e-child\" data-id=\"0c360ac\" data-element_type=\"container\">\n\t\t\t\t<div class=\"elementor-element elementor-element-1055c08 elementor-widget elementor-widget-heading\" data-id=\"1055c08\" data-element_type=\"widget\" data-widget_type=\"heading.default\">\n\t\t\t\t\t<h2 class=\"elementor-heading-title elementor-size-default\">Qu\u00e8 resolem per tu?<\/h2>\t\t\t\t<\/div>\n\t\t\t\t<div class=\"elementor-element elementor-element-2c47b4c elementor-widget elementor-widget-text-editor\" data-id=\"2c47b4c\" data-element_type=\"widget\" data-widget_type=\"text-editor.default\">\n\t\t\t\t\t\t\t\t\t<ul>\n<li><span class=\"a_GcMg font-feature-liga-off font-feature-clig-off font-feature-calt-off text-decoration-none text-strikethrough-none\">Divorcis de mutu acord i contenciosos<\/span><\/li>\n<li><span class=\"a_GcMg font-feature-liga-off font-feature-clig-off font-feature-calt-off text-decoration-none text-strikethrough-none\">Cust\u00f2dia compartida o exclusiva<\/span><\/li>\n<li><span class=\"a_GcMg font-feature-liga-off font-feature-clig-off font-feature-calt-off text-decoration-none text-strikethrough-none\">Pensi\u00f3 d&#8217;aliments i pensi\u00f3 compensat\u00f2ria<\/span><\/li>\n<li><span class=\"a_GcMg font-feature-liga-off font-feature-clig-off font-feature-calt-off text-decoration-none text-strikethrough-none\">Liquidaci\u00f3 del r\u00e8gim econ\u00f2mic matrimonial<\/span><\/li>\n<li><span class=\"a_GcMg font-feature-liga-off font-feature-clig-off font-feature-calt-off text-decoration-none text-strikethrough-none\">Convenis reguladors i mediaci\u00f3 familiar<\/span><\/li>\n<\/ul>\t\t\t\t\t\t\t\t<\/div>\n\t\t\t\t<\/div>\n\t\t<div class=\"elementor-element elementor-element-1f9afc4 e-con-full e-flex e-con e-child\" data-id=\"1f9afc4\" data-element_type=\"container\">\n\t\t\t\t<div class=\"elementor-element elementor-element-58f68cd elementor-widget elementor-widget-image\" data-id=\"58f68cd\" data-element_type=\"widget\" data-widget_type=\"image.default\">\n\t\t\t\t\t\t\t\t\t\t\t\t\t\t\t<img fetchpriority=\"high\" decoding=\"async\" width=\"500\" height=\"500\" src=\"https:\/\/llenapampalona.com\/wp-content\/uploads\/2025\/10\/divorcios-logo-1.png\" class=\"attachment-full size-full wp-image-452\" alt=\"divorcios-logo (1)\" srcset=\"https:\/\/llenapampalona.com\/wp-content\/uploads\/2025\/10\/divorcios-logo-1.png 500w, https:\/\/llenapampalona.com\/wp-content\/uploads\/2025\/10\/divorcios-logo-1-300x300.png 300w, https:\/\/llenapampalona.com\/wp-content\/uploads\/2025\/10\/divorcios-logo-1-150x150.png 150w\" sizes=\"(max-width: 500px) 100vw, 500px\" \/>\t\t\t\t\t\t\t\t\t\t\t\t\t\t\t<\/div>\n\t\t\t\t<\/div>\n\t\t\t\t\t<\/div>\n\t\t\t\t<\/div>\n\t\t\t\t<\/div>\n\t\t","protected":false},"excerpt":{"rendered":"<p>Assessorament en Divorcis Advocats especialistes en Divorcis i Dret de Fam\u00edlia a Lleida Els processos de separaci\u00f3 o divorci requereixen no sols coneixements legals, sin\u00f3 tamb\u00e9 sensibilitat humana. En Llena Pampalona Arri\u00e0 t&#8217;acompanyem en tot el proc\u00e9s de divorci o ruptura de parella amb el comprom\u00eds d&#8217;aconseguir solucions justes, r\u00e0pides i amb el menor conflicte [&hellip;]<\/p>\n","protected":false},"author":1,"featured_media":0,"parent":0,"menu_order":0,"comment_status":"closed","ping_status":"closed","template":"","meta":{"footnotes":""},"class_list":["post-451","page","type-page","status-publish","hentry"],"yoast_head":"<!-- This site is optimized with the Yoast SEO plugin v26.6 - https:\/\/yoast.com\/wordpress\/plugins\/seo\/ -->\n<title>Assessorament en divorcis - Llena Pampalona Arri\u00e0<\/title>\n<meta name=\"robots\" content=\"index, follow, max-snippet:-1, max-image-preview:large, max-video-preview:-1\" \/>\n<link rel=\"canonical\" href=\"https:\/\/llenapampalona.com\/ca\/assessorament-en-divorcis\/\" \/>\n<meta property=\"og:locale\" content=\"ca_ES\" \/>\n<meta property=\"og:type\" content=\"article\" \/>\n<meta property=\"og:title\" content=\"Assessorament en divorcis - Llena Pampalona Arri\u00e0\" \/>\n<meta property=\"og:description\" content=\"Assessorament en Divorcis Advocats especialistes en Divorcis i Dret de Fam\u00edlia a Lleida Els processos de separaci\u00f3 o divorci requereixen no sols coneixements legals, sin\u00f3 tamb\u00e9 sensibilitat humana. En Llena Pampalona Arri\u00e0 t&#8217;acompanyem en tot el proc\u00e9s de divorci o ruptura de parella amb el comprom\u00eds d&#8217;aconseguir solucions justes, r\u00e0pides i amb el menor conflicte [&hellip;]\" \/>\n<meta property=\"og:url\" content=\"https:\/\/llenapampalona.com\/ca\/assessorament-en-divorcis\/\" \/>\n<meta property=\"og:site_name\" content=\"Llena Pampalona Arri\u00e0\" \/>\n<meta property=\"article:modified_time\" content=\"2025-12-04T15:35:36+00:00\" \/>\n<meta property=\"og:image\" content=\"https:\/\/llenapampalona.com\/wp-content\/uploads\/2025\/10\/divorcios-logo-1.png\" \/>\n\t<meta property=\"og:image:width\" content=\"500\" \/>\n\t<meta property=\"og:image:height\" content=\"500\" \/>\n\t<meta property=\"og:image:type\" content=\"image\/png\" \/>\n<meta name=\"twitter:card\" content=\"summary_large_image\" \/>\n<meta name=\"twitter:label1\" content=\"Temps estimat de lectura\" \/>\n\t<meta name=\"twitter:data1\" content=\"1 minut\" \/>\n<script type=\"application\/ld+json\" class=\"yoast-schema-graph\">{\"@context\":\"https:\/\/schema.org\",\"@graph\":[{\"@type\":\"WebPage\",\"@id\":\"https:\/\/llenapampalona.com\/ca\/assessorament-en-divorcis\/\",\"url\":\"https:\/\/llenapampalona.com\/ca\/assessorament-en-divorcis\/\",\"name\":\"Assessorament en divorcis - Llena Pampalona Arri\u00e0\",\"isPartOf\":{\"@id\":\"https:\/\/llenapampalona.com\/ca\/#website\"},\"primaryImageOfPage\":{\"@id\":\"https:\/\/llenapampalona.com\/ca\/assessorament-en-divorcis\/#primaryimage\"},\"image\":{\"@id\":\"https:\/\/llenapampalona.com\/ca\/assessorament-en-divorcis\/#primaryimage\"},\"thumbnailUrl\":\"https:\/\/llenapampalona.com\/wp-content\/uploads\/2025\/10\/divorcios-logo-1.png\",\"datePublished\":\"2025-10-28T15:46:04+00:00\",\"dateModified\":\"2025-12-04T15:35:36+00:00\",\"breadcrumb\":{\"@id\":\"https:\/\/llenapampalona.com\/ca\/assessorament-en-divorcis\/#breadcrumb\"},\"inLanguage\":\"ca\",\"potentialAction\":[{\"@type\":\"ReadAction\",\"target\":[\"https:\/\/llenapampalona.com\/ca\/assessorament-en-divorcis\/\"]}]},{\"@type\":\"ImageObject\",\"inLanguage\":\"ca\",\"@id\":\"https:\/\/llenapampalona.com\/ca\/assessorament-en-divorcis\/#primaryimage\",\"url\":\"https:\/\/llenapampalona.com\/wp-content\/uploads\/2025\/10\/divorcios-logo-1.png\",\"contentUrl\":\"https:\/\/llenapampalona.com\/wp-content\/uploads\/2025\/10\/divorcios-logo-1.png\"},{\"@type\":\"BreadcrumbList\",\"@id\":\"https:\/\/llenapampalona.com\/ca\/assessorament-en-divorcis\/#breadcrumb\",\"itemListElement\":[{\"@type\":\"ListItem\",\"position\":1,\"name\":\"Portada\",\"item\":\"https:\/\/llenapampalona.com\/ca\/\"},{\"@type\":\"ListItem\",\"position\":2,\"name\":\"Assessorament en divorcis\"}]},{\"@type\":\"WebSite\",\"@id\":\"https:\/\/llenapampalona.com\/ca\/#website\",\"url\":\"https:\/\/llenapampalona.com\/ca\/\",\"name\":\"Llena Pampalona Arri\u00e0\",\"description\":\"\",\"publisher\":{\"@id\":\"https:\/\/llenapampalona.com\/ca\/#organization\"},\"potentialAction\":[{\"@type\":\"SearchAction\",\"target\":{\"@type\":\"EntryPoint\",\"urlTemplate\":\"https:\/\/llenapampalona.com\/ca\/?s={search_term_string}\"},\"query-input\":{\"@type\":\"PropertyValueSpecification\",\"valueRequired\":true,\"valueName\":\"search_term_string\"}}],\"inLanguage\":\"ca\"},{\"@type\":\"Organization\",\"@id\":\"https:\/\/llenapampalona.com\/ca\/#organization\",\"name\":\"Llena Pampalona Arri\u00e0\",\"url\":\"https:\/\/llenapampalona.com\/ca\/\",\"logo\":{\"@type\":\"ImageObject\",\"inLanguage\":\"ca\",\"@id\":\"https:\/\/llenapampalona.com\/ca\/#\/schema\/logo\/image\/\",\"url\":\"https:\/\/llenapampalona.com\/wp-content\/uploads\/2025\/10\/llena-pampalona-logo-2.png\",\"contentUrl\":\"https:\/\/llenapampalona.com\/wp-content\/uploads\/2025\/10\/llena-pampalona-logo-2.png\",\"width\":500,\"height\":60,\"caption\":\"Llena Pampalona Arri\u00e0\"},\"image\":{\"@id\":\"https:\/\/llenapampalona.com\/ca\/#\/schema\/logo\/image\/\"}}]}<\/script>\n<!-- \/ Yoast SEO plugin. -->","yoast_head_json":{"title":"Assessorament en divorcis - Llena Pampalona Arri\u00e0","robots":{"index":"index","follow":"follow","max-snippet":"max-snippet:-1","max-image-preview":"max-image-preview:large","max-video-preview":"max-video-preview:-1"},"canonical":"https:\/\/llenapampalona.com\/ca\/assessorament-en-divorcis\/","og_locale":"ca_ES","og_type":"article","og_title":"Assessorament en divorcis - Llena Pampalona Arri\u00e0","og_description":"Assessorament en Divorcis Advocats especialistes en Divorcis i Dret de Fam\u00edlia a Lleida Els processos de separaci\u00f3 o divorci requereixen no sols coneixements legals, sin\u00f3 tamb\u00e9 sensibilitat humana. En Llena Pampalona Arri\u00e0 t&#8217;acompanyem en tot el proc\u00e9s de divorci o ruptura de parella amb el comprom\u00eds d&#8217;aconseguir solucions justes, r\u00e0pides i amb el menor conflicte [&hellip;]","og_url":"https:\/\/llenapampalona.com\/ca\/assessorament-en-divorcis\/","og_site_name":"Llena Pampalona Arri\u00e0","article_modified_time":"2025-12-04T15:35:36+00:00","og_image":[{"width":500,"height":500,"url":"https:\/\/llenapampalona.com\/wp-content\/uploads\/2025\/10\/divorcios-logo-1.png","type":"image\/png"}],"twitter_card":"summary_large_image","twitter_misc":{"Temps estimat de lectura":"1 minut"},"schema":{"@context":"https:\/\/schema.org","@graph":[{"@type":"WebPage","@id":"https:\/\/llenapampalona.com\/ca\/assessorament-en-divorcis\/","url":"https:\/\/llenapampalona.com\/ca\/assessorament-en-divorcis\/","name":"Assessorament en divorcis - Llena Pampalona Arri\u00e0","isPartOf":{"@id":"https:\/\/llenapampalona.com\/ca\/#website"},"primaryImageOfPage":{"@id":"https:\/\/llenapampalona.com\/ca\/assessorament-en-divorcis\/#primaryimage"},"image":{"@id":"https:\/\/llenapampalona.com\/ca\/assessorament-en-divorcis\/#primaryimage"},"thumbnailUrl":"https:\/\/llenapampalona.com\/wp-content\/uploads\/2025\/10\/divorcios-logo-1.png","datePublished":"2025-10-28T15:46:04+00:00","dateModified":"2025-12-04T15:35:36+00:00","breadcrumb":{"@id":"https:\/\/llenapampalona.com\/ca\/assessorament-en-divorcis\/#breadcrumb"},"inLanguage":"ca","potentialAction":[{"@type":"ReadAction","target":["https:\/\/llenapampalona.com\/ca\/assessorament-en-divorcis\/"]}]},{"@type":"ImageObject","inLanguage":"ca","@id":"https:\/\/llenapampalona.com\/ca\/assessorament-en-divorcis\/#primaryimage","url":"https:\/\/llenapampalona.com\/wp-content\/uploads\/2025\/10\/divorcios-logo-1.png","contentUrl":"https:\/\/llenapampalona.com\/wp-content\/uploads\/2025\/10\/divorcios-logo-1.png"},{"@type":"BreadcrumbList","@id":"https:\/\/llenapampalona.com\/ca\/assessorament-en-divorcis\/#breadcrumb","itemListElement":[{"@type":"ListItem","position":1,"name":"Portada","item":"https:\/\/llenapampalona.com\/ca\/"},{"@type":"ListItem","position":2,"name":"Assessorament en divorcis"}]},{"@type":"WebSite","@id":"https:\/\/llenapampalona.com\/ca\/#website","url":"https:\/\/llenapampalona.com\/ca\/","name":"Llena Pampalona Arri\u00e0","description":"","publisher":{"@id":"https:\/\/llenapampalona.com\/ca\/#organization"},"potentialAction":[{"@type":"SearchAction","target":{"@type":"EntryPoint","urlTemplate":"https:\/\/llenapampalona.com\/ca\/?s={search_term_string}"},"query-input":{"@type":"PropertyValueSpecification","valueRequired":true,"valueName":"search_term_string"}}],"inLanguage":"ca"},{"@type":"Organization","@id":"https:\/\/llenapampalona.com\/ca\/#organization","name":"Llena Pampalona Arri\u00e0","url":"https:\/\/llenapampalona.com\/ca\/","logo":{"@type":"ImageObject","inLanguage":"ca","@id":"https:\/\/llenapampalona.com\/ca\/#\/schema\/logo\/image\/","url":"https:\/\/llenapampalona.com\/wp-content\/uploads\/2025\/10\/llena-pampalona-logo-2.png","contentUrl":"https:\/\/llenapampalona.com\/wp-content\/uploads\/2025\/10\/llena-pampalona-logo-2.png","width":500,"height":60,"caption":"Llena Pampalona Arri\u00e0"},"image":{"@id":"https:\/\/llenapampalona.com\/ca\/#\/schema\/logo\/image\/"}}]}},"_links":{"self":[{"href":"https:\/\/llenapampalona.com\/ca\/wp-json\/wp\/v2\/pages\/451","targetHints":{"allow":["GET"]}}],"collection":[{"href":"https:\/\/llenapampalona.com\/ca\/wp-json\/wp\/v2\/pages"}],"about":[{"href":"https:\/\/llenapampalona.com\/ca\/wp-json\/wp\/v2\/types\/page"}],"author":[{"embeddable":true,"href":"https:\/\/llenapampalona.com\/ca\/wp-json\/wp\/v2\/users\/1"}],"replies":[{"embeddable":true,"href":"https:\/\/llenapampalona.com\/ca\/wp-json\/wp\/v2\/comments?post=451"}],"version-history":[{"count":7,"href":"https:\/\/llenapampalona.com\/ca\/wp-json\/wp\/v2\/pages\/451\/revisions"}],"predecessor-version":[{"id":627,"href":"https:\/\/llenapampalona.com\/ca\/wp-json\/wp\/v2\/pages\/451\/revisions\/627"}],"wp:attachment":[{"href":"https:\/\/llenapampalona.com\/ca\/wp-json\/wp\/v2\/media?parent=451"}],"curies":[{"name":"wp","href":"https:\/\/api.w.org\/{rel}","templated":true}]}}