{"id":453,"date":"2025-10-29T13:21:00","date_gmt":"2025-10-29T13:21:00","guid":{"rendered":"https:\/\/llenapampalona.panelserver.org\/asesoramiento-en-herencias-y-sucesiones\/"},"modified":"2025-12-04T15:36:13","modified_gmt":"2025-12-04T15:36:13","slug":"assessorament-en-herencies-i-successions","status":"publish","type":"page","link":"https:\/\/llenapampalona.com\/ca\/assessorament-en-herencies-i-successions\/","title":{"rendered":"Assessorament en Her\u00e8ncies i successions"},"content":{"rendered":"\t\t<div data-elementor-type=\"wp-page\" data-elementor-id=\"453\" class=\"elementor elementor-453 elementor-147\" data-elementor-post-type=\"page\">\n\t\t\t\t<div class=\"elementor-element elementor-element-d40a7e8 e-flex e-con-boxed e-con e-parent\" data-id=\"d40a7e8\" data-element_type=\"container\" data-settings=\"{&quot;background_background&quot;:&quot;classic&quot;}\">\n\t\t\t\t\t<div class=\"e-con-inner\">\n\t\t\t\t<div class=\"elementor-element elementor-element-b263c05 elementor-widget elementor-widget-heading\" data-id=\"b263c05\" data-element_type=\"widget\" data-widget_type=\"heading.default\">\n\t\t\t\t\t<h2 class=\"elementor-heading-title elementor-size-default\">Assessorament en Her\u00e8ncies i successions<\/h2>\t\t\t\t<\/div>\n\t\t\t\t\t<\/div>\n\t\t\t\t<\/div>\n\t\t<div class=\"elementor-element elementor-element-8a35e89 e-flex e-con-boxed e-con e-parent\" data-id=\"8a35e89\" data-element_type=\"container\">\n\t\t\t\t\t<div class=\"e-con-inner\">\n\t\t<div class=\"elementor-element elementor-element-adc79aa e-con-full e-flex e-con e-child\" data-id=\"adc79aa\" data-element_type=\"container\">\n\t\t\t\t<div class=\"elementor-element elementor-element-ac3cef1 elementor-widget elementor-widget-heading\" data-id=\"ac3cef1\" data-element_type=\"widget\" data-widget_type=\"heading.default\">\n\t\t\t\t\t<h1 class=\"elementor-heading-title elementor-size-default\">Especialistes en Her\u00e8ncies i Successions a Lleida<\/h1>\t\t\t\t<\/div>\n\t\t\t\t<div class=\"elementor-element elementor-element-76d1d2e elementor-widget-divider--view-line elementor-widget elementor-widget-divider\" data-id=\"76d1d2e\" data-element_type=\"widget\" data-widget_type=\"divider.default\">\n\t\t\t\t\t\t\t<div class=\"elementor-divider\">\n\t\t\t<span class=\"elementor-divider-separator\">\n\t\t\t\t\t\t<\/span>\n\t\t<\/div>\n\t\t\t\t\t\t<\/div>\n\t\t\t\t<div class=\"elementor-element elementor-element-5f51e70 elementor-widget elementor-widget-text-editor\" data-id=\"5f51e70\" data-element_type=\"widget\" data-widget_type=\"text-editor.default\">\n\t\t\t\t\t\t\t\t\t<p>En Llena Pampalona Arri\u00e0 t&#8217;oferim un servei legal complet en mat\u00e8ria de successions, ajudant-te a resoldre conflictes familiars, redacci\u00f3 de testaments, acceptaci\u00f3 d&#8217;her\u00e8ncies i adjudicaci\u00f3 de patrimonis amb transpar\u00e8ncia.<\/p>\t\t\t\t\t\t\t\t<\/div>\n\t\t\t\t<\/div>\n\t\t\t\t\t<\/div>\n\t\t\t\t<\/div>\n\t\t<div class=\"elementor-element elementor-element-eeb7c44 e-flex e-con-boxed elementor-invisible e-con e-parent\" data-id=\"eeb7c44\" data-element_type=\"container\" data-settings=\"{&quot;background_background&quot;:&quot;classic&quot;,&quot;animation&quot;:&quot;fadeInUp&quot;}\">\n\t\t\t\t\t<div class=\"e-con-inner\">\n\t\t\t\t\t<\/div>\n\t\t\t\t<\/div>\n\t\t<div class=\"elementor-element elementor-element-625a29c e-flex e-con-boxed e-con e-parent\" data-id=\"625a29c\" data-element_type=\"container\">\n\t\t\t\t\t<div class=\"e-con-inner\">\n\t\t<div class=\"elementor-element elementor-element-3aa1706 e-con-full e-flex e-con e-child\" data-id=\"3aa1706\" data-element_type=\"container\">\n\t\t\t\t<div class=\"elementor-element elementor-element-ad2d9d5 elementor-widget elementor-widget-text-editor\" data-id=\"ad2d9d5\" data-element_type=\"widget\" data-widget_type=\"text-editor.default\">\n\t\t\t\t\t\t\t\t\t<p>En Llena Pampalona Arri\u00e0 t&#8217;oferim un servei legal complet en mat\u00e8ria de successions, ajudant-te a resoldre conflictes familiars, redacci\u00f3 de testaments, acceptaci\u00f3 d&#8217;her\u00e8ncies i adjudicaci\u00f3 de patrimonis amb transpar\u00e8ncia.<\/p>\t\t\t\t\t\t\t\t<\/div>\n\t\t\t\t<div class=\"elementor-element elementor-element-f9fe5f4 elementor-widget elementor-widget-heading\" data-id=\"f9fe5f4\" data-element_type=\"widget\" data-widget_type=\"heading.default\">\n\t\t\t\t\t<h2 class=\"elementor-heading-title elementor-size-default\">T'ajudem amb:<\/h2>\t\t\t\t<\/div>\n\t\t\t\t<div class=\"elementor-element elementor-element-3a6b23f elementor-widget elementor-widget-text-editor\" data-id=\"3a6b23f\" data-element_type=\"widget\" data-widget_type=\"text-editor.default\">\n\t\t\t\t\t\t\t\t\t<ul><li><span class=\"a_GcMg font-feature-liga-off font-feature-clig-off font-feature-calt-off text-decoration-none text-strikethrough-none\">Estudi jur\u00eddic i redacci\u00f3 de testaments<\/span><\/li><li><span class=\"a_GcMg font-feature-liga-off font-feature-clig-off font-feature-calt-off text-decoration-none text-strikethrough-none\">Declaracions d&#8217;hereus<\/span><\/li><li><span class=\"a_GcMg font-feature-liga-off font-feature-clig-off font-feature-calt-off text-decoration-none text-strikethrough-none\">Tramitaci\u00f3 i distribuci\u00f3 del cabal hereditari.<\/span><\/li><li><span class=\"a_GcMg font-feature-liga-off font-feature-clig-off font-feature-calt-off text-decoration-none text-strikethrough-none\">Gesti\u00f3 d&#8217;impostos de successions<\/span><\/li><li><span class=\"a_GcMg font-feature-liga-off font-feature-clig-off font-feature-calt-off text-decoration-none text-strikethrough-none\">Reclamaci\u00f3 de leg\u00edtimes.<\/span><\/li><\/ul>\t\t\t\t\t\t\t\t<\/div>\n\t\t\t\t<\/div>\n\t\t<div class=\"elementor-element elementor-element-26c163c e-con-full e-flex e-con e-child\" data-id=\"26c163c\" data-element_type=\"container\">\n\t\t\t\t<div class=\"elementor-element elementor-element-65a168f elementor-widget elementor-widget-image\" data-id=\"65a168f\" data-element_type=\"widget\" data-widget_type=\"image.default\">\n\t\t\t\t\t\t\t\t\t\t\t\t\t\t\t<img fetchpriority=\"high\" decoding=\"async\" width=\"500\" height=\"500\" src=\"https:\/\/llenapampalona.com\/wp-content\/uploads\/2025\/10\/icono-herencia.png\" class=\"attachment-full size-full wp-image-476\" alt=\"accidentes-de-trafico\" srcset=\"https:\/\/llenapampalona.com\/wp-content\/uploads\/2025\/10\/icono-herencia.png 500w, https:\/\/llenapampalona.com\/wp-content\/uploads\/2025\/10\/icono-herencia-300x300.png 300w, https:\/\/llenapampalona.com\/wp-content\/uploads\/2025\/10\/icono-herencia-150x150.png 150w\" sizes=\"(max-width: 500px) 100vw, 500px\" \/>\t\t\t\t\t\t\t\t\t\t\t\t\t\t\t<\/div>\n\t\t\t\t<\/div>\n\t\t\t\t\t<\/div>\n\t\t\t\t<\/div>\n\t\t\t\t<\/div>\n\t\t","protected":false},"excerpt":{"rendered":"<p>Assessorament en Her\u00e8ncies i successions Especialistes en Her\u00e8ncies i Successions a Lleida En Llena Pampalona Arri\u00e0 t&#8217;oferim un servei legal complet en mat\u00e8ria de successions, ajudant-te a resoldre conflictes familiars, redacci\u00f3 de testaments, acceptaci\u00f3 d&#8217;her\u00e8ncies i adjudicaci\u00f3 de patrimonis amb transpar\u00e8ncia. En Llena Pampalona Arri\u00e0 t&#8217;oferim un servei legal complet en mat\u00e8ria de successions, ajudant-te [&hellip;]<\/p>\n","protected":false},"author":1,"featured_media":0,"parent":0,"menu_order":0,"comment_status":"closed","ping_status":"closed","template":"","meta":{"footnotes":""},"class_list":["post-453","page","type-page","status-publish","hentry"],"yoast_head":"<!-- This site is optimized with the Yoast SEO plugin v26.6 - https:\/\/yoast.com\/wordpress\/plugins\/seo\/ -->\n<title>Assessorament en Her\u00e8ncies i successions - Abogados herencias Lleida<\/title>\n<meta name=\"description\" content=\"\u00bfNecesitas ayuda con una herencia en Lleida? En Llena Pampalona Arri\u00e0 te asesoramos en testamentos, reparto de bienes y leg\u00edtimas. Tramitamos todo el proceso con cercan\u00eda y claridad legal\" \/>\n<meta name=\"robots\" content=\"index, follow, max-snippet:-1, max-image-preview:large, max-video-preview:-1\" \/>\n<link rel=\"canonical\" href=\"https:\/\/llenapampalona.com\/ca\/assessorament-en-herencies-i-successions\/\" \/>\n<meta property=\"og:locale\" content=\"ca_ES\" \/>\n<meta property=\"og:type\" content=\"article\" \/>\n<meta property=\"og:title\" content=\"Assessorament en Her\u00e8ncies i successions - Abogados herencias Lleida\" \/>\n<meta property=\"og:description\" content=\"\u00bfNecesitas ayuda con una herencia en Lleida? En Llena Pampalona Arri\u00e0 te asesoramos en testamentos, reparto de bienes y leg\u00edtimas. Tramitamos todo el proceso con cercan\u00eda y claridad legal\" \/>\n<meta property=\"og:url\" content=\"https:\/\/llenapampalona.com\/ca\/assessorament-en-herencies-i-successions\/\" \/>\n<meta property=\"og:site_name\" content=\"Llena Pampalona Arri\u00e0\" \/>\n<meta property=\"article:modified_time\" content=\"2025-12-04T15:36:13+00:00\" \/>\n<meta property=\"og:image\" content=\"https:\/\/llenapampalona.com\/wp-content\/uploads\/2025\/10\/icono-herencia.png\" \/>\n\t<meta property=\"og:image:width\" content=\"500\" \/>\n\t<meta property=\"og:image:height\" content=\"500\" \/>\n\t<meta property=\"og:image:type\" content=\"image\/png\" \/>\n<meta name=\"twitter:card\" content=\"summary_large_image\" \/>\n<meta name=\"twitter:label1\" content=\"Temps estimat de lectura\" \/>\n\t<meta name=\"twitter:data1\" content=\"1 minut\" \/>\n<script type=\"application\/ld+json\" class=\"yoast-schema-graph\">{\"@context\":\"https:\/\/schema.org\",\"@graph\":[{\"@type\":\"WebPage\",\"@id\":\"https:\/\/llenapampalona.com\/ca\/assessorament-en-herencies-i-successions\/\",\"url\":\"https:\/\/llenapampalona.com\/ca\/assessorament-en-herencies-i-successions\/\",\"name\":\"Assessorament en Her\u00e8ncies i successions - Abogados herencias Lleida\",\"isPartOf\":{\"@id\":\"https:\/\/llenapampalona.com\/ca\/#website\"},\"primaryImageOfPage\":{\"@id\":\"https:\/\/llenapampalona.com\/ca\/assessorament-en-herencies-i-successions\/#primaryimage\"},\"image\":{\"@id\":\"https:\/\/llenapampalona.com\/ca\/assessorament-en-herencies-i-successions\/#primaryimage\"},\"thumbnailUrl\":\"https:\/\/llenapampalona.com\/wp-content\/uploads\/2025\/10\/icono-herencia.png\",\"datePublished\":\"2025-10-29T13:21:00+00:00\",\"dateModified\":\"2025-12-04T15:36:13+00:00\",\"description\":\"\u00bfNecesitas ayuda con una herencia en Lleida? En Llena Pampalona Arri\u00e0 te asesoramos en testamentos, reparto de bienes y leg\u00edtimas. Tramitamos todo el proceso con cercan\u00eda y claridad legal\",\"breadcrumb\":{\"@id\":\"https:\/\/llenapampalona.com\/ca\/assessorament-en-herencies-i-successions\/#breadcrumb\"},\"inLanguage\":\"ca\",\"potentialAction\":[{\"@type\":\"ReadAction\",\"target\":[\"https:\/\/llenapampalona.com\/ca\/assessorament-en-herencies-i-successions\/\"]}]},{\"@type\":\"ImageObject\",\"inLanguage\":\"ca\",\"@id\":\"https:\/\/llenapampalona.com\/ca\/assessorament-en-herencies-i-successions\/#primaryimage\",\"url\":\"https:\/\/llenapampalona.com\/wp-content\/uploads\/2025\/10\/icono-herencia.png\",\"contentUrl\":\"https:\/\/llenapampalona.com\/wp-content\/uploads\/2025\/10\/icono-herencia.png\"},{\"@type\":\"BreadcrumbList\",\"@id\":\"https:\/\/llenapampalona.com\/ca\/assessorament-en-herencies-i-successions\/#breadcrumb\",\"itemListElement\":[{\"@type\":\"ListItem\",\"position\":1,\"name\":\"Portada\",\"item\":\"https:\/\/llenapampalona.com\/ca\/\"},{\"@type\":\"ListItem\",\"position\":2,\"name\":\"Assessorament en Her\u00e8ncies i successions\"}]},{\"@type\":\"WebSite\",\"@id\":\"https:\/\/llenapampalona.com\/ca\/#website\",\"url\":\"https:\/\/llenapampalona.com\/ca\/\",\"name\":\"Llena Pampalona Arri\u00e0\",\"description\":\"\",\"publisher\":{\"@id\":\"https:\/\/llenapampalona.com\/ca\/#organization\"},\"potentialAction\":[{\"@type\":\"SearchAction\",\"target\":{\"@type\":\"EntryPoint\",\"urlTemplate\":\"https:\/\/llenapampalona.com\/ca\/?s={search_term_string}\"},\"query-input\":{\"@type\":\"PropertyValueSpecification\",\"valueRequired\":true,\"valueName\":\"search_term_string\"}}],\"inLanguage\":\"ca\"},{\"@type\":\"Organization\",\"@id\":\"https:\/\/llenapampalona.com\/ca\/#organization\",\"name\":\"Llena Pampalona Arri\u00e0\",\"url\":\"https:\/\/llenapampalona.com\/ca\/\",\"logo\":{\"@type\":\"ImageObject\",\"inLanguage\":\"ca\",\"@id\":\"https:\/\/llenapampalona.com\/ca\/#\/schema\/logo\/image\/\",\"url\":\"https:\/\/llenapampalona.com\/wp-content\/uploads\/2025\/10\/llena-pampalona-logo-2.png\",\"contentUrl\":\"https:\/\/llenapampalona.com\/wp-content\/uploads\/2025\/10\/llena-pampalona-logo-2.png\",\"width\":500,\"height\":60,\"caption\":\"Llena Pampalona Arri\u00e0\"},\"image\":{\"@id\":\"https:\/\/llenapampalona.com\/ca\/#\/schema\/logo\/image\/\"}}]}<\/script>\n<!-- \/ Yoast SEO plugin. -->","yoast_head_json":{"title":"Assessorament en Her\u00e8ncies i successions - Abogados herencias Lleida","description":"\u00bfNecesitas ayuda con una herencia en Lleida? En Llena Pampalona Arri\u00e0 te asesoramos en testamentos, reparto de bienes y leg\u00edtimas. Tramitamos todo el proceso con cercan\u00eda y claridad legal","robots":{"index":"index","follow":"follow","max-snippet":"max-snippet:-1","max-image-preview":"max-image-preview:large","max-video-preview":"max-video-preview:-1"},"canonical":"https:\/\/llenapampalona.com\/ca\/assessorament-en-herencies-i-successions\/","og_locale":"ca_ES","og_type":"article","og_title":"Assessorament en Her\u00e8ncies i successions - Abogados herencias Lleida","og_description":"\u00bfNecesitas ayuda con una herencia en Lleida? En Llena Pampalona Arri\u00e0 te asesoramos en testamentos, reparto de bienes y leg\u00edtimas. Tramitamos todo el proceso con cercan\u00eda y claridad legal","og_url":"https:\/\/llenapampalona.com\/ca\/assessorament-en-herencies-i-successions\/","og_site_name":"Llena Pampalona Arri\u00e0","article_modified_time":"2025-12-04T15:36:13+00:00","og_image":[{"width":500,"height":500,"url":"https:\/\/llenapampalona.com\/wp-content\/uploads\/2025\/10\/icono-herencia.png","type":"image\/png"}],"twitter_card":"summary_large_image","twitter_misc":{"Temps estimat de lectura":"1 minut"},"schema":{"@context":"https:\/\/schema.org","@graph":[{"@type":"WebPage","@id":"https:\/\/llenapampalona.com\/ca\/assessorament-en-herencies-i-successions\/","url":"https:\/\/llenapampalona.com\/ca\/assessorament-en-herencies-i-successions\/","name":"Assessorament en Her\u00e8ncies i successions - Abogados herencias Lleida","isPartOf":{"@id":"https:\/\/llenapampalona.com\/ca\/#website"},"primaryImageOfPage":{"@id":"https:\/\/llenapampalona.com\/ca\/assessorament-en-herencies-i-successions\/#primaryimage"},"image":{"@id":"https:\/\/llenapampalona.com\/ca\/assessorament-en-herencies-i-successions\/#primaryimage"},"thumbnailUrl":"https:\/\/llenapampalona.com\/wp-content\/uploads\/2025\/10\/icono-herencia.png","datePublished":"2025-10-29T13:21:00+00:00","dateModified":"2025-12-04T15:36:13+00:00","description":"\u00bfNecesitas ayuda con una herencia en Lleida? En Llena Pampalona Arri\u00e0 te asesoramos en testamentos, reparto de bienes y leg\u00edtimas. Tramitamos todo el proceso con cercan\u00eda y claridad legal","breadcrumb":{"@id":"https:\/\/llenapampalona.com\/ca\/assessorament-en-herencies-i-successions\/#breadcrumb"},"inLanguage":"ca","potentialAction":[{"@type":"ReadAction","target":["https:\/\/llenapampalona.com\/ca\/assessorament-en-herencies-i-successions\/"]}]},{"@type":"ImageObject","inLanguage":"ca","@id":"https:\/\/llenapampalona.com\/ca\/assessorament-en-herencies-i-successions\/#primaryimage","url":"https:\/\/llenapampalona.com\/wp-content\/uploads\/2025\/10\/icono-herencia.png","contentUrl":"https:\/\/llenapampalona.com\/wp-content\/uploads\/2025\/10\/icono-herencia.png"},{"@type":"BreadcrumbList","@id":"https:\/\/llenapampalona.com\/ca\/assessorament-en-herencies-i-successions\/#breadcrumb","itemListElement":[{"@type":"ListItem","position":1,"name":"Portada","item":"https:\/\/llenapampalona.com\/ca\/"},{"@type":"ListItem","position":2,"name":"Assessorament en Her\u00e8ncies i successions"}]},{"@type":"WebSite","@id":"https:\/\/llenapampalona.com\/ca\/#website","url":"https:\/\/llenapampalona.com\/ca\/","name":"Llena Pampalona Arri\u00e0","description":"","publisher":{"@id":"https:\/\/llenapampalona.com\/ca\/#organization"},"potentialAction":[{"@type":"SearchAction","target":{"@type":"EntryPoint","urlTemplate":"https:\/\/llenapampalona.com\/ca\/?s={search_term_string}"},"query-input":{"@type":"PropertyValueSpecification","valueRequired":true,"valueName":"search_term_string"}}],"inLanguage":"ca"},{"@type":"Organization","@id":"https:\/\/llenapampalona.com\/ca\/#organization","name":"Llena Pampalona Arri\u00e0","url":"https:\/\/llenapampalona.com\/ca\/","logo":{"@type":"ImageObject","inLanguage":"ca","@id":"https:\/\/llenapampalona.com\/ca\/#\/schema\/logo\/image\/","url":"https:\/\/llenapampalona.com\/wp-content\/uploads\/2025\/10\/llena-pampalona-logo-2.png","contentUrl":"https:\/\/llenapampalona.com\/wp-content\/uploads\/2025\/10\/llena-pampalona-logo-2.png","width":500,"height":60,"caption":"Llena Pampalona Arri\u00e0"},"image":{"@id":"https:\/\/llenapampalona.com\/ca\/#\/schema\/logo\/image\/"}}]}},"_links":{"self":[{"href":"https:\/\/llenapampalona.com\/ca\/wp-json\/wp\/v2\/pages\/453","targetHints":{"allow":["GET"]}}],"collection":[{"href":"https:\/\/llenapampalona.com\/ca\/wp-json\/wp\/v2\/pages"}],"about":[{"href":"https:\/\/llenapampalona.com\/ca\/wp-json\/wp\/v2\/types\/page"}],"author":[{"embeddable":true,"href":"https:\/\/llenapampalona.com\/ca\/wp-json\/wp\/v2\/users\/1"}],"replies":[{"embeddable":true,"href":"https:\/\/llenapampalona.com\/ca\/wp-json\/wp\/v2\/comments?post=453"}],"version-history":[{"count":7,"href":"https:\/\/llenapampalona.com\/ca\/wp-json\/wp\/v2\/pages\/453\/revisions"}],"predecessor-version":[{"id":639,"href":"https:\/\/llenapampalona.com\/ca\/wp-json\/wp\/v2\/pages\/453\/revisions\/639"}],"wp:attachment":[{"href":"https:\/\/llenapampalona.com\/ca\/wp-json\/wp\/v2\/media?parent=453"}],"curies":[{"name":"wp","href":"https:\/\/api.w.org\/{rel}","templated":true}]}}