{"id":455,"date":"2025-10-28T10:14:29","date_gmt":"2025-10-28T10:14:29","guid":{"rendered":"https:\/\/llenapampalona.panelserver.org\/asesoramiento-juridico\/"},"modified":"2025-12-04T15:35:41","modified_gmt":"2025-12-04T15:35:41","slug":"assessorament-juridic","status":"publish","type":"page","link":"https:\/\/llenapampalona.com\/ca\/assessorament-juridic\/","title":{"rendered":"Assessorament jur\u00eddic"},"content":{"rendered":"\t\t<div data-elementor-type=\"wp-page\" data-elementor-id=\"455\" class=\"elementor elementor-455 elementor-97\" data-elementor-post-type=\"page\">\n\t\t\t\t<div class=\"elementor-element elementor-element-73cf3ca e-flex e-con-boxed e-con e-parent\" data-id=\"73cf3ca\" data-element_type=\"container\" data-settings=\"{&quot;background_background&quot;:&quot;classic&quot;}\">\n\t\t\t\t\t<div class=\"e-con-inner\">\n\t\t\t\t<div class=\"elementor-element elementor-element-220bcf2 elementor-widget elementor-widget-heading\" data-id=\"220bcf2\" data-element_type=\"widget\" data-widget_type=\"heading.default\">\n\t\t\t\t\t<h2 class=\"elementor-heading-title elementor-size-default\">Assessorament jur\u00eddic<\/h2>\t\t\t\t<\/div>\n\t\t\t\t\t<\/div>\n\t\t\t\t<\/div>\n\t\t<div class=\"elementor-element elementor-element-f78fc54 e-flex e-con-boxed e-con e-parent\" data-id=\"f78fc54\" data-element_type=\"container\">\n\t\t\t\t\t<div class=\"e-con-inner\">\n\t\t<div class=\"elementor-element elementor-element-ab1aca9 e-con-full e-flex e-con e-child\" data-id=\"ab1aca9\" data-element_type=\"container\">\n\t\t\t\t<div class=\"elementor-element elementor-element-8153e85 elementor-widget elementor-widget-heading\" data-id=\"8153e85\" data-element_type=\"widget\" data-widget_type=\"heading.default\">\n\t\t\t\t\t<h1 class=\"elementor-heading-title elementor-size-default\">Assessorament Jur\u00eddic Integral a Lleida<\/h1>\t\t\t\t<\/div>\n\t\t\t\t<div class=\"elementor-element elementor-element-19f70c6 elementor-widget-divider--view-line elementor-widget elementor-widget-divider\" data-id=\"19f70c6\" data-element_type=\"widget\" data-widget_type=\"divider.default\">\n\t\t\t\t\t\t\t<div class=\"elementor-divider\">\n\t\t\t<span class=\"elementor-divider-separator\">\n\t\t\t\t\t\t<\/span>\n\t\t<\/div>\n\t\t\t\t\t\t<\/div>\n\t\t\t\t<div class=\"elementor-element elementor-element-e7cbd6f elementor-widget elementor-widget-text-editor\" data-id=\"e7cbd6f\" data-element_type=\"widget\" data-widget_type=\"text-editor.default\">\n\t\t\t\t\t\t\t\t\t<p>En Llena &amp; Pampalona &amp; Arri\u00e0, despatx d&#8217;advocats a Lleida, oferim un servei d&#8217;assessorament jur\u00eddic complet, pr\u00f2xim i efica\u00e7. La nostra experi\u00e8ncia multidisciplin\u00e0ria ens permet atendre tant particulars com a empreses en q\u00fcestions legals de diversa \u00edndole, amb la m\u00e0xima professionalitat i rigor.<\/p>\t\t\t\t\t\t\t\t<\/div>\n\t\t\t\t<\/div>\n\t\t\t\t\t<\/div>\n\t\t\t\t<\/div>\n\t\t<div class=\"elementor-element elementor-element-548b599 e-flex e-con-boxed elementor-invisible e-con e-parent\" data-id=\"548b599\" data-element_type=\"container\" data-settings=\"{&quot;background_background&quot;:&quot;classic&quot;,&quot;animation&quot;:&quot;fadeInUp&quot;}\">\n\t\t\t\t\t<div class=\"e-con-inner\">\n\t\t\t\t\t<\/div>\n\t\t\t\t<\/div>\n\t\t<div class=\"elementor-element elementor-element-81b62a2 e-flex e-con-boxed e-con e-parent\" data-id=\"81b62a2\" data-element_type=\"container\">\n\t\t\t\t\t<div class=\"e-con-inner\">\n\t\t<div class=\"elementor-element elementor-element-85a0e2a e-con-full e-flex e-con e-child\" data-id=\"85a0e2a\" data-element_type=\"container\">\n\t\t\t\t<div class=\"elementor-element elementor-element-c4c13e2 elementor-widget elementor-widget-text-editor\" data-id=\"c4c13e2\" data-element_type=\"widget\" data-widget_type=\"text-editor.default\">\n\t\t\t\t\t\t\t\t\t<p>Des de conflictes civils fins a necessitats societ\u00e0ries, estem preparats per a acompanyar-te en cada pas amb claredat i solucions a mesura. Analitzem cada cas de manera individualitzada i et proporcionem el marc legal m\u00e9s adequat per a prendre decisions amb seguretat jur\u00eddica.<\/p>\t\t\t\t\t\t\t\t<\/div>\n\t\t\t\t<div class=\"elementor-element elementor-element-0b0a27e elementor-widget elementor-widget-heading\" data-id=\"0b0a27e\" data-element_type=\"widget\" data-widget_type=\"heading.default\">\n\t\t\t\t\t<h2 class=\"elementor-heading-title elementor-size-default\">Els nostres serveis jur\u00eddics inclouen:<\/h2>\t\t\t\t<\/div>\n\t\t\t\t<div class=\"elementor-element elementor-element-6a8f186 elementor-widget elementor-widget-text-editor\" data-id=\"6a8f186\" data-element_type=\"widget\" data-widget_type=\"text-editor.default\">\n\t\t\t\t\t\t\t\t\t<ul><li><span class=\"a_GcMg font-feature-liga-off font-feature-clig-off font-feature-calt-off text-decoration-none text-strikethrough-none\">Constituci\u00f3 i dissoluci\u00f3 de societats<\/span><\/li><li><span class=\"a_GcMg font-feature-liga-off font-feature-clig-off font-feature-calt-off text-decoration-none text-strikethrough-none\">Assessorament jur\u00eddic laboral per a empreses i treballadors<\/span><\/li><li><span class=\"a_GcMg font-feature-liga-off font-feature-clig-off font-feature-calt-off text-decoration-none text-strikethrough-none\">Assessorament penal<\/span><\/li><li><span class=\"a_GcMg font-feature-liga-off font-feature-clig-off font-feature-calt-off text-decoration-none text-strikethrough-none\">Assessorament en divorcis i dret de fam\u00edlia<\/span><\/li><li><span class=\"a_GcMg font-feature-liga-off font-feature-clig-off font-feature-calt-off text-decoration-none text-strikethrough-none\">Assessorament en her\u00e8ncies i successions<\/span><\/li><li><span class=\"a_GcMg font-feature-liga-off font-feature-clig-off font-feature-calt-off text-decoration-none text-strikethrough-none\">Especialistes en accidents de tr\u00e0nsit<\/span><\/li><li><span class=\"a_GcMg font-feature-liga-off font-feature-clig-off font-feature-calt-off text-decoration-none text-strikethrough-none\">Especialistes en dret bancari<\/span><\/li><\/ul>\t\t\t\t\t\t\t\t<\/div>\n\t\t\t\t<\/div>\n\t\t<div class=\"elementor-element elementor-element-5736cb1 e-con-full e-flex e-con e-child\" data-id=\"5736cb1\" data-element_type=\"container\">\n\t\t\t\t<div class=\"elementor-element elementor-element-fc1f331 elementor-widget elementor-widget-image\" data-id=\"fc1f331\" data-element_type=\"widget\" data-widget_type=\"image.default\">\n\t\t\t\t\t\t\t\t\t\t\t\t\t\t\t<img fetchpriority=\"high\" decoding=\"async\" width=\"500\" height=\"500\" src=\"https:\/\/llenapampalona.com\/wp-content\/uploads\/2025\/10\/balance-icono.png\" class=\"attachment-full size-full wp-image-478\" alt=\"balance-icono\" srcset=\"https:\/\/llenapampalona.com\/wp-content\/uploads\/2025\/10\/balance-icono.png 500w, https:\/\/llenapampalona.com\/wp-content\/uploads\/2025\/10\/balance-icono-300x300.png 300w, https:\/\/llenapampalona.com\/wp-content\/uploads\/2025\/10\/balance-icono-150x150.png 150w\" sizes=\"(max-width: 500px) 100vw, 500px\" \/>\t\t\t\t\t\t\t\t\t\t\t\t\t\t\t<\/div>\n\t\t\t\t<\/div>\n\t\t\t\t\t<\/div>\n\t\t\t\t<\/div>\n\t\t\t\t<\/div>\n\t\t","protected":false},"excerpt":{"rendered":"<p>Assessorament jur\u00eddic Assessorament Jur\u00eddic Integral a Lleida En Llena &amp; Pampalona &amp; Arri\u00e0, despatx d&#8217;advocats a Lleida, oferim un servei d&#8217;assessorament jur\u00eddic complet, pr\u00f2xim i efica\u00e7. La nostra experi\u00e8ncia multidisciplin\u00e0ria ens permet atendre tant particulars com a empreses en q\u00fcestions legals de diversa \u00edndole, amb la m\u00e0xima professionalitat i rigor. Des de conflictes civils fins [&hellip;]<\/p>\n","protected":false},"author":1,"featured_media":0,"parent":0,"menu_order":0,"comment_status":"closed","ping_status":"closed","template":"","meta":{"footnotes":""},"class_list":["post-455","page","type-page","status-publish","hentry"],"yoast_head":"<!-- This site is optimized with the Yoast SEO plugin v26.6 - https:\/\/yoast.com\/wordpress\/plugins\/seo\/ -->\n<title>Assessorament jur\u00eddic - Abogados laboralistas Lleida<\/title>\n<meta name=\"description\" content=\"Abogados laboralistas en Lleida especializados en despidos, conflictos laborales, contrataci\u00f3n, n\u00f3minas y Seguridad Social. Asesoramos a empresas, trabajadores y aut\u00f3nomos.\" \/>\n<meta name=\"robots\" content=\"index, follow, max-snippet:-1, max-image-preview:large, max-video-preview:-1\" \/>\n<link rel=\"canonical\" href=\"https:\/\/llenapampalona.com\/ca\/assessorament-juridic\/\" \/>\n<meta property=\"og:locale\" content=\"ca_ES\" \/>\n<meta property=\"og:type\" content=\"article\" \/>\n<meta property=\"og:title\" content=\"Assessorament jur\u00eddic - Abogados laboralistas Lleida\" \/>\n<meta property=\"og:description\" content=\"Abogados laboralistas en Lleida especializados en despidos, conflictos laborales, contrataci\u00f3n, n\u00f3minas y Seguridad Social. Asesoramos a empresas, trabajadores y aut\u00f3nomos.\" \/>\n<meta property=\"og:url\" content=\"https:\/\/llenapampalona.com\/ca\/assessorament-juridic\/\" \/>\n<meta property=\"og:site_name\" content=\"Llena Pampalona Arri\u00e0\" \/>\n<meta property=\"article:modified_time\" content=\"2025-12-04T15:35:41+00:00\" \/>\n<meta property=\"og:image\" content=\"https:\/\/llenapampalona.com\/wp-content\/uploads\/2025\/10\/balance-icono.png\" \/>\n\t<meta property=\"og:image:width\" content=\"500\" \/>\n\t<meta property=\"og:image:height\" content=\"500\" \/>\n\t<meta property=\"og:image:type\" content=\"image\/png\" \/>\n<meta name=\"twitter:card\" content=\"summary_large_image\" \/>\n<meta name=\"twitter:label1\" content=\"Temps estimat de lectura\" \/>\n\t<meta name=\"twitter:data1\" content=\"1 minut\" \/>\n<script type=\"application\/ld+json\" class=\"yoast-schema-graph\">{\"@context\":\"https:\/\/schema.org\",\"@graph\":[{\"@type\":\"WebPage\",\"@id\":\"https:\/\/llenapampalona.com\/ca\/assessorament-juridic\/\",\"url\":\"https:\/\/llenapampalona.com\/ca\/assessorament-juridic\/\",\"name\":\"Assessorament jur\u00eddic - Abogados laboralistas Lleida\",\"isPartOf\":{\"@id\":\"https:\/\/llenapampalona.com\/ca\/#website\"},\"primaryImageOfPage\":{\"@id\":\"https:\/\/llenapampalona.com\/ca\/assessorament-juridic\/#primaryimage\"},\"image\":{\"@id\":\"https:\/\/llenapampalona.com\/ca\/assessorament-juridic\/#primaryimage\"},\"thumbnailUrl\":\"https:\/\/llenapampalona.com\/wp-content\/uploads\/2025\/10\/balance-icono.png\",\"datePublished\":\"2025-10-28T10:14:29+00:00\",\"dateModified\":\"2025-12-04T15:35:41+00:00\",\"description\":\"Abogados laboralistas en Lleida especializados en despidos, conflictos laborales, contrataci\u00f3n, n\u00f3minas y Seguridad Social. Asesoramos a empresas, trabajadores y aut\u00f3nomos.\",\"breadcrumb\":{\"@id\":\"https:\/\/llenapampalona.com\/ca\/assessorament-juridic\/#breadcrumb\"},\"inLanguage\":\"ca\",\"potentialAction\":[{\"@type\":\"ReadAction\",\"target\":[\"https:\/\/llenapampalona.com\/ca\/assessorament-juridic\/\"]}]},{\"@type\":\"ImageObject\",\"inLanguage\":\"ca\",\"@id\":\"https:\/\/llenapampalona.com\/ca\/assessorament-juridic\/#primaryimage\",\"url\":\"https:\/\/llenapampalona.com\/wp-content\/uploads\/2025\/10\/balance-icono.png\",\"contentUrl\":\"https:\/\/llenapampalona.com\/wp-content\/uploads\/2025\/10\/balance-icono.png\"},{\"@type\":\"BreadcrumbList\",\"@id\":\"https:\/\/llenapampalona.com\/ca\/assessorament-juridic\/#breadcrumb\",\"itemListElement\":[{\"@type\":\"ListItem\",\"position\":1,\"name\":\"Portada\",\"item\":\"https:\/\/llenapampalona.com\/ca\/\"},{\"@type\":\"ListItem\",\"position\":2,\"name\":\"Assessorament jur\u00eddic\"}]},{\"@type\":\"WebSite\",\"@id\":\"https:\/\/llenapampalona.com\/ca\/#website\",\"url\":\"https:\/\/llenapampalona.com\/ca\/\",\"name\":\"Llena Pampalona Arri\u00e0\",\"description\":\"\",\"publisher\":{\"@id\":\"https:\/\/llenapampalona.com\/ca\/#organization\"},\"potentialAction\":[{\"@type\":\"SearchAction\",\"target\":{\"@type\":\"EntryPoint\",\"urlTemplate\":\"https:\/\/llenapampalona.com\/ca\/?s={search_term_string}\"},\"query-input\":{\"@type\":\"PropertyValueSpecification\",\"valueRequired\":true,\"valueName\":\"search_term_string\"}}],\"inLanguage\":\"ca\"},{\"@type\":\"Organization\",\"@id\":\"https:\/\/llenapampalona.com\/ca\/#organization\",\"name\":\"Llena Pampalona Arri\u00e0\",\"url\":\"https:\/\/llenapampalona.com\/ca\/\",\"logo\":{\"@type\":\"ImageObject\",\"inLanguage\":\"ca\",\"@id\":\"https:\/\/llenapampalona.com\/ca\/#\/schema\/logo\/image\/\",\"url\":\"https:\/\/llenapampalona.com\/wp-content\/uploads\/2025\/10\/llena-pampalona-logo-2.png\",\"contentUrl\":\"https:\/\/llenapampalona.com\/wp-content\/uploads\/2025\/10\/llena-pampalona-logo-2.png\",\"width\":500,\"height\":60,\"caption\":\"Llena Pampalona Arri\u00e0\"},\"image\":{\"@id\":\"https:\/\/llenapampalona.com\/ca\/#\/schema\/logo\/image\/\"}}]}<\/script>\n<!-- \/ Yoast SEO plugin. -->","yoast_head_json":{"title":"Assessorament jur\u00eddic - Abogados laboralistas Lleida","description":"Abogados laboralistas en Lleida especializados en despidos, conflictos laborales, contrataci\u00f3n, n\u00f3minas y Seguridad Social. Asesoramos a empresas, trabajadores y aut\u00f3nomos.","robots":{"index":"index","follow":"follow","max-snippet":"max-snippet:-1","max-image-preview":"max-image-preview:large","max-video-preview":"max-video-preview:-1"},"canonical":"https:\/\/llenapampalona.com\/ca\/assessorament-juridic\/","og_locale":"ca_ES","og_type":"article","og_title":"Assessorament jur\u00eddic - Abogados laboralistas Lleida","og_description":"Abogados laboralistas en Lleida especializados en despidos, conflictos laborales, contrataci\u00f3n, n\u00f3minas y Seguridad Social. Asesoramos a empresas, trabajadores y aut\u00f3nomos.","og_url":"https:\/\/llenapampalona.com\/ca\/assessorament-juridic\/","og_site_name":"Llena Pampalona Arri\u00e0","article_modified_time":"2025-12-04T15:35:41+00:00","og_image":[{"width":500,"height":500,"url":"https:\/\/llenapampalona.com\/wp-content\/uploads\/2025\/10\/balance-icono.png","type":"image\/png"}],"twitter_card":"summary_large_image","twitter_misc":{"Temps estimat de lectura":"1 minut"},"schema":{"@context":"https:\/\/schema.org","@graph":[{"@type":"WebPage","@id":"https:\/\/llenapampalona.com\/ca\/assessorament-juridic\/","url":"https:\/\/llenapampalona.com\/ca\/assessorament-juridic\/","name":"Assessorament jur\u00eddic - Abogados laboralistas Lleida","isPartOf":{"@id":"https:\/\/llenapampalona.com\/ca\/#website"},"primaryImageOfPage":{"@id":"https:\/\/llenapampalona.com\/ca\/assessorament-juridic\/#primaryimage"},"image":{"@id":"https:\/\/llenapampalona.com\/ca\/assessorament-juridic\/#primaryimage"},"thumbnailUrl":"https:\/\/llenapampalona.com\/wp-content\/uploads\/2025\/10\/balance-icono.png","datePublished":"2025-10-28T10:14:29+00:00","dateModified":"2025-12-04T15:35:41+00:00","description":"Abogados laboralistas en Lleida especializados en despidos, conflictos laborales, contrataci\u00f3n, n\u00f3minas y Seguridad Social. Asesoramos a empresas, trabajadores y aut\u00f3nomos.","breadcrumb":{"@id":"https:\/\/llenapampalona.com\/ca\/assessorament-juridic\/#breadcrumb"},"inLanguage":"ca","potentialAction":[{"@type":"ReadAction","target":["https:\/\/llenapampalona.com\/ca\/assessorament-juridic\/"]}]},{"@type":"ImageObject","inLanguage":"ca","@id":"https:\/\/llenapampalona.com\/ca\/assessorament-juridic\/#primaryimage","url":"https:\/\/llenapampalona.com\/wp-content\/uploads\/2025\/10\/balance-icono.png","contentUrl":"https:\/\/llenapampalona.com\/wp-content\/uploads\/2025\/10\/balance-icono.png"},{"@type":"BreadcrumbList","@id":"https:\/\/llenapampalona.com\/ca\/assessorament-juridic\/#breadcrumb","itemListElement":[{"@type":"ListItem","position":1,"name":"Portada","item":"https:\/\/llenapampalona.com\/ca\/"},{"@type":"ListItem","position":2,"name":"Assessorament jur\u00eddic"}]},{"@type":"WebSite","@id":"https:\/\/llenapampalona.com\/ca\/#website","url":"https:\/\/llenapampalona.com\/ca\/","name":"Llena Pampalona Arri\u00e0","description":"","publisher":{"@id":"https:\/\/llenapampalona.com\/ca\/#organization"},"potentialAction":[{"@type":"SearchAction","target":{"@type":"EntryPoint","urlTemplate":"https:\/\/llenapampalona.com\/ca\/?s={search_term_string}"},"query-input":{"@type":"PropertyValueSpecification","valueRequired":true,"valueName":"search_term_string"}}],"inLanguage":"ca"},{"@type":"Organization","@id":"https:\/\/llenapampalona.com\/ca\/#organization","name":"Llena Pampalona Arri\u00e0","url":"https:\/\/llenapampalona.com\/ca\/","logo":{"@type":"ImageObject","inLanguage":"ca","@id":"https:\/\/llenapampalona.com\/ca\/#\/schema\/logo\/image\/","url":"https:\/\/llenapampalona.com\/wp-content\/uploads\/2025\/10\/llena-pampalona-logo-2.png","contentUrl":"https:\/\/llenapampalona.com\/wp-content\/uploads\/2025\/10\/llena-pampalona-logo-2.png","width":500,"height":60,"caption":"Llena Pampalona Arri\u00e0"},"image":{"@id":"https:\/\/llenapampalona.com\/ca\/#\/schema\/logo\/image\/"}}]}},"_links":{"self":[{"href":"https:\/\/llenapampalona.com\/ca\/wp-json\/wp\/v2\/pages\/455","targetHints":{"allow":["GET"]}}],"collection":[{"href":"https:\/\/llenapampalona.com\/ca\/wp-json\/wp\/v2\/pages"}],"about":[{"href":"https:\/\/llenapampalona.com\/ca\/wp-json\/wp\/v2\/types\/page"}],"author":[{"embeddable":true,"href":"https:\/\/llenapampalona.com\/ca\/wp-json\/wp\/v2\/users\/1"}],"replies":[{"embeddable":true,"href":"https:\/\/llenapampalona.com\/ca\/wp-json\/wp\/v2\/comments?post=455"}],"version-history":[{"count":10,"href":"https:\/\/llenapampalona.com\/ca\/wp-json\/wp\/v2\/pages\/455\/revisions"}],"predecessor-version":[{"id":630,"href":"https:\/\/llenapampalona.com\/ca\/wp-json\/wp\/v2\/pages\/455\/revisions\/630"}],"wp:attachment":[{"href":"https:\/\/llenapampalona.com\/ca\/wp-json\/wp\/v2\/media?parent=455"}],"curies":[{"name":"wp","href":"https:\/\/api.w.org\/{rel}","templated":true}]}}