{"id":457,"date":"2025-10-28T13:51:24","date_gmt":"2025-10-28T13:51:24","guid":{"rendered":"https:\/\/llenapampalona.panelserver.org\/asesoramiento-laboral\/"},"modified":"2025-12-04T12:23:22","modified_gmt":"2025-12-04T12:23:22","slug":"assessorament-laboral","status":"publish","type":"page","link":"https:\/\/llenapampalona.com\/ca\/assessorament-laboral\/","title":{"rendered":"Assessorament laboral"},"content":{"rendered":"\t\t<div data-elementor-type=\"wp-page\" data-elementor-id=\"457\" class=\"elementor elementor-457 elementor-112\" data-elementor-post-type=\"page\">\n\t\t\t\t<div class=\"elementor-element elementor-element-6a73bfa e-flex e-con-boxed e-con e-parent\" data-id=\"6a73bfa\" data-element_type=\"container\" data-settings=\"{&quot;background_background&quot;:&quot;classic&quot;}\">\n\t\t\t\t\t<div class=\"e-con-inner\">\n\t\t\t\t<div class=\"elementor-element elementor-element-efb0247 elementor-widget elementor-widget-heading\" data-id=\"efb0247\" data-element_type=\"widget\" data-widget_type=\"heading.default\">\n\t\t\t\t\t<h2 class=\"elementor-heading-title elementor-size-default\">Assessorament LABORAL<\/h2>\t\t\t\t<\/div>\n\t\t\t\t\t<\/div>\n\t\t\t\t<\/div>\n\t\t<div class=\"elementor-element elementor-element-b9d7359 e-flex e-con-boxed e-con e-parent\" data-id=\"b9d7359\" data-element_type=\"container\">\n\t\t\t\t\t<div class=\"e-con-inner\">\n\t\t<div class=\"elementor-element elementor-element-2cec0a1 e-con-full e-flex e-con e-child\" data-id=\"2cec0a1\" data-element_type=\"container\">\n\t\t\t\t<div class=\"elementor-element elementor-element-10d0350 elementor-widget elementor-widget-heading\" data-id=\"10d0350\" data-element_type=\"widget\" data-widget_type=\"heading.default\">\n\t\t\t\t\t<h1 class=\"elementor-heading-title elementor-size-default\">Assessorament jur\u00eddic-laboral per a Empreses<br>\ni Treballadors<\/h1>\t\t\t\t<\/div>\n\t\t\t\t<div class=\"elementor-element elementor-element-2852e82 elementor-widget-divider--view-line elementor-widget elementor-widget-divider\" data-id=\"2852e82\" data-element_type=\"widget\" data-widget_type=\"divider.default\">\n\t\t\t\t\t\t\t<div class=\"elementor-divider\">\n\t\t\t<span class=\"elementor-divider-separator\">\n\t\t\t\t\t\t<\/span>\n\t\t<\/div>\n\t\t\t\t\t\t<\/div>\n\t\t\t\t<div class=\"elementor-element elementor-element-998bcf4 elementor-widget elementor-widget-text-editor\" data-id=\"998bcf4\" data-element_type=\"widget\" data-widget_type=\"text-editor.default\">\n\t\t\t\t\t\t\t\t\t<p class=\"cvGsUA direction-ltr align-center para-style-body\">En Llena Pampalona Arri\u00e0 comptem amb un equip especialitzat en dret laboral a Lleida que assessora tant treballadors com a empreses en la gesti\u00f3 de les seves relacions laborals, sempre buscant l&#8217;equilibri entre protecci\u00f3 jur\u00eddica i solucions efectives.<br \/><br \/>Els nostres advocats laboralistes t&#8217;acompanyaran en totes les fases del teu cas, ja sigui un acomiadament, una sanci\u00f3, una baixa m\u00e8dica prolongada o l&#8217;externalitzaci\u00f3 de la gesti\u00f3 de n\u00f2mines i assegurances socials. Tamb\u00e9 oferim assessorament integral a aut\u00f2noms i pimes per a la correcta gesti\u00f3 del personal.<\/p>\t\t\t\t\t\t\t\t<\/div>\n\t\t\t\t<\/div>\n\t\t\t\t\t<\/div>\n\t\t\t\t<\/div>\n\t\t<div class=\"elementor-element elementor-element-fdbb00e e-flex e-con-boxed elementor-invisible e-con e-parent\" data-id=\"fdbb00e\" data-element_type=\"container\" data-settings=\"{&quot;background_background&quot;:&quot;classic&quot;,&quot;animation&quot;:&quot;fadeInUp&quot;}\">\n\t\t\t\t\t<div class=\"e-con-inner\">\n\t\t\t\t\t<\/div>\n\t\t\t\t<\/div>\n\t\t<div class=\"elementor-element elementor-element-453eead e-flex e-con-boxed e-con e-parent\" data-id=\"453eead\" data-element_type=\"container\">\n\t\t\t\t\t<div class=\"e-con-inner\">\n\t\t<div class=\"elementor-element elementor-element-257b696 e-con-full e-flex e-con e-child\" data-id=\"257b696\" data-element_type=\"container\">\n\t\t\t\t<div class=\"elementor-element elementor-element-52ade5f elementor-widget elementor-widget-heading\" data-id=\"52ade5f\" data-element_type=\"widget\" data-widget_type=\"heading.default\">\n\t\t\t\t\t<h2 class=\"elementor-heading-title elementor-size-default\">Especialitats en dret laboral:<\/h2>\t\t\t\t<\/div>\n\t\t\t\t<div class=\"elementor-element elementor-element-2b726fe elementor-widget elementor-widget-text-editor\" data-id=\"2b726fe\" data-element_type=\"widget\" data-widget_type=\"text-editor.default\">\n\t\t\t\t\t\t\t\t\t<ul><li><span class=\"a_GcMg font-feature-liga-off font-feature-clig-off font-feature-calt-off text-decoration-none text-strikethrough-none\">Acomiadaments disciplinaris, objectius i improcedents<\/span><\/li><li><span class=\"a_GcMg font-feature-liga-off font-feature-clig-off font-feature-calt-off text-decoration-none text-strikethrough-none\">Assessorament jur\u00eddic en contractaci\u00f3 de personal<\/span><\/li><li><span class=\"a_GcMg font-feature-liga-off font-feature-clig-off font-feature-calt-off text-decoration-none text-strikethrough-none\">Reclamacions de quantitat, hores extres o impagaments<\/span><\/li><li><span class=\"a_GcMg font-feature-liga-off font-feature-clig-off font-feature-calt-off text-decoration-none text-strikethrough-none\">Gesti\u00f3 de n\u00f2mines i Seguretat Social<\/span><\/li><li><span class=\"a_GcMg font-feature-liga-off font-feature-clig-off font-feature-calt-off text-decoration-none text-strikethrough-none\">Alta, baixa i seguiment de treballadors<\/span><\/li><li><span class=\"a_GcMg font-feature-liga-off font-feature-clig-off font-feature-calt-off text-decoration-none text-strikethrough-none\">Assessorament en conflictes laborals col\u00b7lectius<\/span><\/li><li><span class=\"a_GcMg font-feature-liga-off font-feature-clig-off font-feature-calt-off text-decoration-none text-strikethrough-none\">Tr\u00e0mits de prestacions, pensions i jubilacions<\/span><\/li><\/ul>\t\t\t\t\t\t\t\t<\/div>\n\t\t\t\t<\/div>\n\t\t<div class=\"elementor-element elementor-element-759c381 e-con-full e-flex e-con e-child\" data-id=\"759c381\" data-element_type=\"container\">\n\t\t\t\t<div class=\"elementor-element elementor-element-8c17ffa elementor-widget elementor-widget-image\" data-id=\"8c17ffa\" data-element_type=\"widget\" data-widget_type=\"image.default\">\n\t\t\t\t\t\t\t\t\t\t\t\t\t\t\t<img fetchpriority=\"high\" decoding=\"async\" width=\"500\" height=\"500\" src=\"https:\/\/llenapampalona.com\/wp-content\/uploads\/2025\/10\/icono-personas.png\" class=\"attachment-full size-full wp-image-481\" alt=\"icono-personas\" srcset=\"https:\/\/llenapampalona.com\/wp-content\/uploads\/2025\/10\/icono-personas.png 500w, https:\/\/llenapampalona.com\/wp-content\/uploads\/2025\/10\/icono-personas-300x300.png 300w, https:\/\/llenapampalona.com\/wp-content\/uploads\/2025\/10\/icono-personas-150x150.png 150w\" sizes=\"(max-width: 500px) 100vw, 500px\" \/>\t\t\t\t\t\t\t\t\t\t\t\t\t\t\t<\/div>\n\t\t\t\t<\/div>\n\t\t\t\t\t<\/div>\n\t\t\t\t<\/div>\n\t\t\t\t<\/div>\n\t\t","protected":false},"excerpt":{"rendered":"<p>Assessorament LABORAL Assessorament jur\u00eddic-laboral per a Empreses i Treballadors En Llena Pampalona Arri\u00e0 comptem amb un equip especialitzat en dret laboral a Lleida que assessora tant treballadors com a empreses en la gesti\u00f3 de les seves relacions laborals, sempre buscant l&#8217;equilibri entre protecci\u00f3 jur\u00eddica i solucions efectives. Els nostres advocats laboralistes t&#8217;acompanyaran en totes les [&hellip;]<\/p>\n","protected":false},"author":1,"featured_media":0,"parent":0,"menu_order":0,"comment_status":"closed","ping_status":"closed","template":"","meta":{"footnotes":""},"class_list":["post-457","page","type-page","status-publish","hentry"],"yoast_head":"<!-- This site is optimized with the Yoast SEO plugin v26.6 - https:\/\/yoast.com\/wordpress\/plugins\/seo\/ -->\n<title>Assessorament laboral - Abogados penalistas Lleida<\/title>\n<meta name=\"description\" content=\"Abogados penalistas en Lleida con experiencia en defensa por delitos penales. Asistencia en detenciones, juicios r\u00e1pidos, violencia, robos, estafas y cancelaci\u00f3n de antecedentes\" \/>\n<meta name=\"robots\" content=\"index, follow, max-snippet:-1, max-image-preview:large, max-video-preview:-1\" \/>\n<link rel=\"canonical\" href=\"https:\/\/llenapampalona.com\/ca\/assessorament-laboral\/\" \/>\n<meta property=\"og:locale\" content=\"ca_ES\" \/>\n<meta property=\"og:type\" content=\"article\" \/>\n<meta property=\"og:title\" content=\"Assessorament laboral - Abogados penalistas Lleida\" \/>\n<meta property=\"og:description\" content=\"Abogados penalistas en Lleida con experiencia en defensa por delitos penales. Asistencia en detenciones, juicios r\u00e1pidos, violencia, robos, estafas y cancelaci\u00f3n de antecedentes\" \/>\n<meta property=\"og:url\" content=\"https:\/\/llenapampalona.com\/ca\/assessorament-laboral\/\" \/>\n<meta property=\"og:site_name\" content=\"Llena Pampalona Arri\u00e0\" \/>\n<meta property=\"article:modified_time\" content=\"2025-12-04T12:23:22+00:00\" \/>\n<meta property=\"og:image\" content=\"https:\/\/llenapampalona.com\/wp-content\/uploads\/2025\/10\/icono-personas.png\" \/>\n\t<meta property=\"og:image:width\" content=\"500\" \/>\n\t<meta property=\"og:image:height\" content=\"500\" \/>\n\t<meta property=\"og:image:type\" content=\"image\/png\" \/>\n<meta name=\"twitter:card\" content=\"summary_large_image\" \/>\n<meta name=\"twitter:label1\" content=\"Temps estimat de lectura\" \/>\n\t<meta name=\"twitter:data1\" content=\"1 minut\" \/>\n<script type=\"application\/ld+json\" class=\"yoast-schema-graph\">{\"@context\":\"https:\/\/schema.org\",\"@graph\":[{\"@type\":\"WebPage\",\"@id\":\"https:\/\/llenapampalona.com\/ca\/assessorament-laboral\/\",\"url\":\"https:\/\/llenapampalona.com\/ca\/assessorament-laboral\/\",\"name\":\"Assessorament laboral - Abogados penalistas Lleida\",\"isPartOf\":{\"@id\":\"https:\/\/llenapampalona.com\/ca\/#website\"},\"primaryImageOfPage\":{\"@id\":\"https:\/\/llenapampalona.com\/ca\/assessorament-laboral\/#primaryimage\"},\"image\":{\"@id\":\"https:\/\/llenapampalona.com\/ca\/assessorament-laboral\/#primaryimage\"},\"thumbnailUrl\":\"https:\/\/llenapampalona.com\/wp-content\/uploads\/2025\/10\/icono-personas.png\",\"datePublished\":\"2025-10-28T13:51:24+00:00\",\"dateModified\":\"2025-12-04T12:23:22+00:00\",\"description\":\"Abogados penalistas en Lleida con experiencia en defensa por delitos penales. Asistencia en detenciones, juicios r\u00e1pidos, violencia, robos, estafas y cancelaci\u00f3n de antecedentes\",\"breadcrumb\":{\"@id\":\"https:\/\/llenapampalona.com\/ca\/assessorament-laboral\/#breadcrumb\"},\"inLanguage\":\"ca\",\"potentialAction\":[{\"@type\":\"ReadAction\",\"target\":[\"https:\/\/llenapampalona.com\/ca\/assessorament-laboral\/\"]}]},{\"@type\":\"ImageObject\",\"inLanguage\":\"ca\",\"@id\":\"https:\/\/llenapampalona.com\/ca\/assessorament-laboral\/#primaryimage\",\"url\":\"https:\/\/llenapampalona.com\/wp-content\/uploads\/2025\/10\/icono-personas.png\",\"contentUrl\":\"https:\/\/llenapampalona.com\/wp-content\/uploads\/2025\/10\/icono-personas.png\"},{\"@type\":\"BreadcrumbList\",\"@id\":\"https:\/\/llenapampalona.com\/ca\/assessorament-laboral\/#breadcrumb\",\"itemListElement\":[{\"@type\":\"ListItem\",\"position\":1,\"name\":\"Portada\",\"item\":\"https:\/\/llenapampalona.com\/ca\/\"},{\"@type\":\"ListItem\",\"position\":2,\"name\":\"Assessorament laboral\"}]},{\"@type\":\"WebSite\",\"@id\":\"https:\/\/llenapampalona.com\/ca\/#website\",\"url\":\"https:\/\/llenapampalona.com\/ca\/\",\"name\":\"Llena Pampalona Arri\u00e0\",\"description\":\"\",\"publisher\":{\"@id\":\"https:\/\/llenapampalona.com\/ca\/#organization\"},\"potentialAction\":[{\"@type\":\"SearchAction\",\"target\":{\"@type\":\"EntryPoint\",\"urlTemplate\":\"https:\/\/llenapampalona.com\/ca\/?s={search_term_string}\"},\"query-input\":{\"@type\":\"PropertyValueSpecification\",\"valueRequired\":true,\"valueName\":\"search_term_string\"}}],\"inLanguage\":\"ca\"},{\"@type\":\"Organization\",\"@id\":\"https:\/\/llenapampalona.com\/ca\/#organization\",\"name\":\"Llena Pampalona Arri\u00e0\",\"url\":\"https:\/\/llenapampalona.com\/ca\/\",\"logo\":{\"@type\":\"ImageObject\",\"inLanguage\":\"ca\",\"@id\":\"https:\/\/llenapampalona.com\/ca\/#\/schema\/logo\/image\/\",\"url\":\"https:\/\/llenapampalona.com\/wp-content\/uploads\/2025\/10\/llena-pampalona-logo-2.png\",\"contentUrl\":\"https:\/\/llenapampalona.com\/wp-content\/uploads\/2025\/10\/llena-pampalona-logo-2.png\",\"width\":500,\"height\":60,\"caption\":\"Llena Pampalona Arri\u00e0\"},\"image\":{\"@id\":\"https:\/\/llenapampalona.com\/ca\/#\/schema\/logo\/image\/\"}}]}<\/script>\n<!-- \/ Yoast SEO plugin. -->","yoast_head_json":{"title":"Assessorament laboral - Abogados penalistas Lleida","description":"Abogados penalistas en Lleida con experiencia en defensa por delitos penales. Asistencia en detenciones, juicios r\u00e1pidos, violencia, robos, estafas y cancelaci\u00f3n de antecedentes","robots":{"index":"index","follow":"follow","max-snippet":"max-snippet:-1","max-image-preview":"max-image-preview:large","max-video-preview":"max-video-preview:-1"},"canonical":"https:\/\/llenapampalona.com\/ca\/assessorament-laboral\/","og_locale":"ca_ES","og_type":"article","og_title":"Assessorament laboral - Abogados penalistas Lleida","og_description":"Abogados penalistas en Lleida con experiencia en defensa por delitos penales. Asistencia en detenciones, juicios r\u00e1pidos, violencia, robos, estafas y cancelaci\u00f3n de antecedentes","og_url":"https:\/\/llenapampalona.com\/ca\/assessorament-laboral\/","og_site_name":"Llena Pampalona Arri\u00e0","article_modified_time":"2025-12-04T12:23:22+00:00","og_image":[{"width":500,"height":500,"url":"https:\/\/llenapampalona.com\/wp-content\/uploads\/2025\/10\/icono-personas.png","type":"image\/png"}],"twitter_card":"summary_large_image","twitter_misc":{"Temps estimat de lectura":"1 minut"},"schema":{"@context":"https:\/\/schema.org","@graph":[{"@type":"WebPage","@id":"https:\/\/llenapampalona.com\/ca\/assessorament-laboral\/","url":"https:\/\/llenapampalona.com\/ca\/assessorament-laboral\/","name":"Assessorament laboral - Abogados penalistas Lleida","isPartOf":{"@id":"https:\/\/llenapampalona.com\/ca\/#website"},"primaryImageOfPage":{"@id":"https:\/\/llenapampalona.com\/ca\/assessorament-laboral\/#primaryimage"},"image":{"@id":"https:\/\/llenapampalona.com\/ca\/assessorament-laboral\/#primaryimage"},"thumbnailUrl":"https:\/\/llenapampalona.com\/wp-content\/uploads\/2025\/10\/icono-personas.png","datePublished":"2025-10-28T13:51:24+00:00","dateModified":"2025-12-04T12:23:22+00:00","description":"Abogados penalistas en Lleida con experiencia en defensa por delitos penales. Asistencia en detenciones, juicios r\u00e1pidos, violencia, robos, estafas y cancelaci\u00f3n de antecedentes","breadcrumb":{"@id":"https:\/\/llenapampalona.com\/ca\/assessorament-laboral\/#breadcrumb"},"inLanguage":"ca","potentialAction":[{"@type":"ReadAction","target":["https:\/\/llenapampalona.com\/ca\/assessorament-laboral\/"]}]},{"@type":"ImageObject","inLanguage":"ca","@id":"https:\/\/llenapampalona.com\/ca\/assessorament-laboral\/#primaryimage","url":"https:\/\/llenapampalona.com\/wp-content\/uploads\/2025\/10\/icono-personas.png","contentUrl":"https:\/\/llenapampalona.com\/wp-content\/uploads\/2025\/10\/icono-personas.png"},{"@type":"BreadcrumbList","@id":"https:\/\/llenapampalona.com\/ca\/assessorament-laboral\/#breadcrumb","itemListElement":[{"@type":"ListItem","position":1,"name":"Portada","item":"https:\/\/llenapampalona.com\/ca\/"},{"@type":"ListItem","position":2,"name":"Assessorament laboral"}]},{"@type":"WebSite","@id":"https:\/\/llenapampalona.com\/ca\/#website","url":"https:\/\/llenapampalona.com\/ca\/","name":"Llena Pampalona Arri\u00e0","description":"","publisher":{"@id":"https:\/\/llenapampalona.com\/ca\/#organization"},"potentialAction":[{"@type":"SearchAction","target":{"@type":"EntryPoint","urlTemplate":"https:\/\/llenapampalona.com\/ca\/?s={search_term_string}"},"query-input":{"@type":"PropertyValueSpecification","valueRequired":true,"valueName":"search_term_string"}}],"inLanguage":"ca"},{"@type":"Organization","@id":"https:\/\/llenapampalona.com\/ca\/#organization","name":"Llena Pampalona Arri\u00e0","url":"https:\/\/llenapampalona.com\/ca\/","logo":{"@type":"ImageObject","inLanguage":"ca","@id":"https:\/\/llenapampalona.com\/ca\/#\/schema\/logo\/image\/","url":"https:\/\/llenapampalona.com\/wp-content\/uploads\/2025\/10\/llena-pampalona-logo-2.png","contentUrl":"https:\/\/llenapampalona.com\/wp-content\/uploads\/2025\/10\/llena-pampalona-logo-2.png","width":500,"height":60,"caption":"Llena Pampalona Arri\u00e0"},"image":{"@id":"https:\/\/llenapampalona.com\/ca\/#\/schema\/logo\/image\/"}}]}},"_links":{"self":[{"href":"https:\/\/llenapampalona.com\/ca\/wp-json\/wp\/v2\/pages\/457","targetHints":{"allow":["GET"]}}],"collection":[{"href":"https:\/\/llenapampalona.com\/ca\/wp-json\/wp\/v2\/pages"}],"about":[{"href":"https:\/\/llenapampalona.com\/ca\/wp-json\/wp\/v2\/types\/page"}],"author":[{"embeddable":true,"href":"https:\/\/llenapampalona.com\/ca\/wp-json\/wp\/v2\/users\/1"}],"replies":[{"embeddable":true,"href":"https:\/\/llenapampalona.com\/ca\/wp-json\/wp\/v2\/comments?post=457"}],"version-history":[{"count":4,"href":"https:\/\/llenapampalona.com\/ca\/wp-json\/wp\/v2\/pages\/457\/revisions"}],"predecessor-version":[{"id":539,"href":"https:\/\/llenapampalona.com\/ca\/wp-json\/wp\/v2\/pages\/457\/revisions\/539"}],"wp:attachment":[{"href":"https:\/\/llenapampalona.com\/ca\/wp-json\/wp\/v2\/media?parent=457"}],"curies":[{"name":"wp","href":"https:\/\/api.w.org\/{rel}","templated":true}]}}