{"id":459,"date":"2025-10-28T15:21:13","date_gmt":"2025-10-28T15:21:13","guid":{"rendered":"https:\/\/llenapampalona.panelserver.org\/asesoramiento-penal\/"},"modified":"2025-12-04T15:35:58","modified_gmt":"2025-12-04T15:35:58","slug":"assessorament-penal","status":"publish","type":"page","link":"https:\/\/llenapampalona.com\/ca\/assessorament-penal\/","title":{"rendered":"Assessorament penal"},"content":{"rendered":"\t\t<div data-elementor-type=\"wp-page\" data-elementor-id=\"459\" class=\"elementor elementor-459 elementor-120\" data-elementor-post-type=\"page\">\n\t\t\t\t<div class=\"elementor-element elementor-element-b0fcf60 e-flex e-con-boxed e-con e-parent\" data-id=\"b0fcf60\" data-element_type=\"container\" data-settings=\"{&quot;background_background&quot;:&quot;classic&quot;}\">\n\t\t\t\t\t<div class=\"e-con-inner\">\n\t\t\t\t<div class=\"elementor-element elementor-element-4227d20 elementor-widget elementor-widget-heading\" data-id=\"4227d20\" data-element_type=\"widget\" data-widget_type=\"heading.default\">\n\t\t\t\t\t<h2 class=\"elementor-heading-title elementor-size-default\">\nAssessorament PENAL<\/h2>\t\t\t\t<\/div>\n\t\t\t\t\t<\/div>\n\t\t\t\t<\/div>\n\t\t<div class=\"elementor-element elementor-element-2efcf36 e-flex e-con-boxed e-con e-parent\" data-id=\"2efcf36\" data-element_type=\"container\">\n\t\t\t\t\t<div class=\"e-con-inner\">\n\t\t<div class=\"elementor-element elementor-element-600d0f2 e-con-full e-flex e-con e-child\" data-id=\"600d0f2\" data-element_type=\"container\">\n\t\t\t\t<div class=\"elementor-element elementor-element-01da589 elementor-widget elementor-widget-heading\" data-id=\"01da589\" data-element_type=\"widget\" data-widget_type=\"heading.default\">\n\t\t\t\t\t<h1 class=\"elementor-heading-title elementor-size-default\">Advocats Penalistes a Lleida Especialistes en Casos Penals<\/h1>\t\t\t\t<\/div>\n\t\t\t\t<div class=\"elementor-element elementor-element-2556128 elementor-widget-divider--view-line elementor-widget elementor-widget-divider\" data-id=\"2556128\" data-element_type=\"widget\" data-widget_type=\"divider.default\">\n\t\t\t\t\t\t\t<div class=\"elementor-divider\">\n\t\t\t<span class=\"elementor-divider-separator\">\n\t\t\t\t\t\t<\/span>\n\t\t<\/div>\n\t\t\t\t\t\t<\/div>\n\t\t\t\t<div class=\"elementor-element elementor-element-16ff7a6 elementor-widget elementor-widget-text-editor\" data-id=\"16ff7a6\" data-element_type=\"widget\" data-widget_type=\"text-editor.default\">\n\t\t\t\t\t\t\t\t\t<p>En Plena Pampalona Arri\u00e0, el nostre equip d&#8217;advocats penalistes a Lleida est\u00e0 preparat per a defensar els teus drets davant qualsevol tipus de procediment penal. Sabem el delicat que pot ser enfrontar-se a una den\u00fancia, querella o detenci\u00f3, per aix\u00f2 treballem amb agilitat i discreci\u00f3.<\/p><p>T&#8217;oferim assist\u00e8ncia jur\u00eddica completa en qualsevol fase del proc\u00e9s: des de la recerca preliminar, fins al judici oral i la possible execuci\u00f3 de sent\u00e8ncia.<\/p>\t\t\t\t\t\t\t\t<\/div>\n\t\t\t\t<\/div>\n\t\t\t\t\t<\/div>\n\t\t\t\t<\/div>\n\t\t<div class=\"elementor-element elementor-element-fc46fb1 e-flex e-con-boxed elementor-invisible e-con e-parent\" data-id=\"fc46fb1\" data-element_type=\"container\" data-settings=\"{&quot;background_background&quot;:&quot;classic&quot;,&quot;animation&quot;:&quot;fadeInUp&quot;}\">\n\t\t\t\t\t<div class=\"e-con-inner\">\n\t\t\t\t\t<\/div>\n\t\t\t\t<\/div>\n\t\t<div class=\"elementor-element elementor-element-0b6c101 e-flex e-con-boxed e-con e-parent\" data-id=\"0b6c101\" data-element_type=\"container\">\n\t\t\t\t\t<div class=\"e-con-inner\">\n\t\t<div class=\"elementor-element elementor-element-96b99cc e-con-full e-flex e-con e-child\" data-id=\"96b99cc\" data-element_type=\"container\">\n\t\t\t\t<div class=\"elementor-element elementor-element-292c5f1 elementor-widget elementor-widget-heading\" data-id=\"292c5f1\" data-element_type=\"widget\" data-widget_type=\"heading.default\">\n\t\t\t\t\t<h2 class=\"elementor-heading-title elementor-size-default\">\nDefensem casos com:<\/h2>\t\t\t\t<\/div>\n\t\t\t\t<div class=\"elementor-element elementor-element-c750d9b elementor-widget elementor-widget-text-editor\" data-id=\"c750d9b\" data-element_type=\"widget\" data-widget_type=\"text-editor.default\">\n\t\t\t\t\t\t\t\t\t<ul><li><span class=\"a_GcMg font-feature-liga-off font-feature-clig-off font-feature-calt-off text-decoration-none text-strikethrough-none\">Delictes contra les persones (lesions, amenaces, viol\u00e8ncia)<\/span><\/li><li><span class=\"a_GcMg font-feature-liga-off font-feature-clig-off font-feature-calt-off text-decoration-none text-strikethrough-none\">Delictes contra el patrimoni (furts, robatoris, estafes)<\/span><\/li><li><span class=\"a_GcMg font-feature-liga-off font-feature-clig-off font-feature-calt-off text-decoration-none text-strikethrough-none\">Delictes econ\u00f2mics i societaris<\/span><\/li><li><span class=\"a_GcMg font-feature-liga-off font-feature-clig-off font-feature-calt-off text-decoration-none text-strikethrough-none\">Delictes contra la seguretat en el treball.<\/span><\/li><li><span class=\"a_GcMg font-feature-liga-off font-feature-clig-off font-feature-calt-off text-decoration-none text-strikethrough-none\">Judicis r\u00e0pids i assist\u00e8ncia al detingut<\/span><\/li><li><span class=\"a_GcMg font-feature-liga-off font-feature-clig-off font-feature-calt-off text-decoration-none text-strikethrough-none\">Cancel\u00b7laci\u00f3 d&#8217;antecedents.<\/span><\/li><li><span class=\"a_GcMg font-feature-liga-off font-feature-clig-off font-feature-calt-off text-decoration-none text-strikethrough-none\">Estrat\u00e8gia, rigor i discreci\u00f3 al servei de la seva defensa.<\/span><\/li><\/ul>\t\t\t\t\t\t\t\t<\/div>\n\t\t\t\t<\/div>\n\t\t<div class=\"elementor-element elementor-element-77809b3 e-con-full e-flex e-con e-child\" data-id=\"77809b3\" data-element_type=\"container\">\n\t\t\t\t<div class=\"elementor-element elementor-element-dec4bcd elementor-widget elementor-widget-image\" data-id=\"dec4bcd\" data-element_type=\"widget\" data-widget_type=\"image.default\">\n\t\t\t\t\t\t\t\t\t\t\t\t\t\t\t<img fetchpriority=\"high\" decoding=\"async\" width=\"500\" height=\"500\" src=\"https:\/\/llenapampalona.com\/wp-content\/uploads\/2025\/10\/justicia.png\" class=\"attachment-full size-full wp-image-485\" alt=\"justicia LOGO\" srcset=\"https:\/\/llenapampalona.com\/wp-content\/uploads\/2025\/10\/justicia.png 500w, https:\/\/llenapampalona.com\/wp-content\/uploads\/2025\/10\/justicia-300x300.png 300w, https:\/\/llenapampalona.com\/wp-content\/uploads\/2025\/10\/justicia-150x150.png 150w\" sizes=\"(max-width: 500px) 100vw, 500px\" \/>\t\t\t\t\t\t\t\t\t\t\t\t\t\t\t<\/div>\n\t\t\t\t<\/div>\n\t\t\t\t\t<\/div>\n\t\t\t\t<\/div>\n\t\t\t\t<\/div>\n\t\t","protected":false},"excerpt":{"rendered":"<p>Assessorament PENAL Advocats Penalistes a Lleida Especialistes en Casos Penals En Plena Pampalona Arri\u00e0, el nostre equip d&#8217;advocats penalistes a Lleida est\u00e0 preparat per a defensar els teus drets davant qualsevol tipus de procediment penal. Sabem el delicat que pot ser enfrontar-se a una den\u00fancia, querella o detenci\u00f3, per aix\u00f2 treballem amb agilitat i discreci\u00f3. [&hellip;]<\/p>\n","protected":false},"author":1,"featured_media":0,"parent":0,"menu_order":0,"comment_status":"closed","ping_status":"closed","template":"","meta":{"footnotes":""},"class_list":["post-459","page","type-page","status-publish","hentry"],"yoast_head":"<!-- This site is optimized with the Yoast SEO plugin v26.6 - https:\/\/yoast.com\/wordpress\/plugins\/seo\/ -->\n<title>Assessorament penal - Abogados penalistas Lleida<\/title>\n<meta name=\"description\" content=\"Abogados penalistas en Lleida con experiencia en defensa por delitos penales. Asistencia en detenciones, juicios r\u00e1pidos, violencia, robos, estafas y cancelaci\u00f3n de antecedentes.\" \/>\n<meta name=\"robots\" content=\"index, follow, max-snippet:-1, max-image-preview:large, max-video-preview:-1\" \/>\n<link rel=\"canonical\" href=\"https:\/\/llenapampalona.com\/ca\/assessorament-penal\/\" \/>\n<meta property=\"og:locale\" content=\"ca_ES\" \/>\n<meta property=\"og:type\" content=\"article\" \/>\n<meta property=\"og:title\" content=\"Assessorament penal - Abogados penalistas Lleida\" \/>\n<meta property=\"og:description\" content=\"Abogados penalistas en Lleida con experiencia en defensa por delitos penales. Asistencia en detenciones, juicios r\u00e1pidos, violencia, robos, estafas y cancelaci\u00f3n de antecedentes.\" \/>\n<meta property=\"og:url\" content=\"https:\/\/llenapampalona.com\/ca\/assessorament-penal\/\" \/>\n<meta property=\"og:site_name\" content=\"Llena Pampalona Arri\u00e0\" \/>\n<meta property=\"article:modified_time\" content=\"2025-12-04T15:35:58+00:00\" \/>\n<meta property=\"og:image\" content=\"https:\/\/llenapampalona.com\/wp-content\/uploads\/2025\/10\/justicia.png\" \/>\n\t<meta property=\"og:image:width\" content=\"500\" \/>\n\t<meta property=\"og:image:height\" content=\"500\" \/>\n\t<meta property=\"og:image:type\" content=\"image\/png\" \/>\n<meta name=\"twitter:card\" content=\"summary_large_image\" \/>\n<meta name=\"twitter:label1\" content=\"Temps estimat de lectura\" \/>\n\t<meta name=\"twitter:data1\" content=\"1 minut\" \/>\n<script type=\"application\/ld+json\" class=\"yoast-schema-graph\">{\"@context\":\"https:\/\/schema.org\",\"@graph\":[{\"@type\":\"WebPage\",\"@id\":\"https:\/\/llenapampalona.com\/ca\/assessorament-penal\/\",\"url\":\"https:\/\/llenapampalona.com\/ca\/assessorament-penal\/\",\"name\":\"Assessorament penal - Abogados penalistas Lleida\",\"isPartOf\":{\"@id\":\"https:\/\/llenapampalona.com\/ca\/#website\"},\"primaryImageOfPage\":{\"@id\":\"https:\/\/llenapampalona.com\/ca\/assessorament-penal\/#primaryimage\"},\"image\":{\"@id\":\"https:\/\/llenapampalona.com\/ca\/assessorament-penal\/#primaryimage\"},\"thumbnailUrl\":\"https:\/\/llenapampalona.com\/wp-content\/uploads\/2025\/10\/justicia.png\",\"datePublished\":\"2025-10-28T15:21:13+00:00\",\"dateModified\":\"2025-12-04T15:35:58+00:00\",\"description\":\"Abogados penalistas en Lleida con experiencia en defensa por delitos penales. Asistencia en detenciones, juicios r\u00e1pidos, violencia, robos, estafas y cancelaci\u00f3n de antecedentes.\",\"breadcrumb\":{\"@id\":\"https:\/\/llenapampalona.com\/ca\/assessorament-penal\/#breadcrumb\"},\"inLanguage\":\"ca\",\"potentialAction\":[{\"@type\":\"ReadAction\",\"target\":[\"https:\/\/llenapampalona.com\/ca\/assessorament-penal\/\"]}]},{\"@type\":\"ImageObject\",\"inLanguage\":\"ca\",\"@id\":\"https:\/\/llenapampalona.com\/ca\/assessorament-penal\/#primaryimage\",\"url\":\"https:\/\/llenapampalona.com\/wp-content\/uploads\/2025\/10\/justicia.png\",\"contentUrl\":\"https:\/\/llenapampalona.com\/wp-content\/uploads\/2025\/10\/justicia.png\"},{\"@type\":\"BreadcrumbList\",\"@id\":\"https:\/\/llenapampalona.com\/ca\/assessorament-penal\/#breadcrumb\",\"itemListElement\":[{\"@type\":\"ListItem\",\"position\":1,\"name\":\"Portada\",\"item\":\"https:\/\/llenapampalona.com\/ca\/\"},{\"@type\":\"ListItem\",\"position\":2,\"name\":\"Assessorament penal\"}]},{\"@type\":\"WebSite\",\"@id\":\"https:\/\/llenapampalona.com\/ca\/#website\",\"url\":\"https:\/\/llenapampalona.com\/ca\/\",\"name\":\"Llena Pampalona Arri\u00e0\",\"description\":\"\",\"publisher\":{\"@id\":\"https:\/\/llenapampalona.com\/ca\/#organization\"},\"potentialAction\":[{\"@type\":\"SearchAction\",\"target\":{\"@type\":\"EntryPoint\",\"urlTemplate\":\"https:\/\/llenapampalona.com\/ca\/?s={search_term_string}\"},\"query-input\":{\"@type\":\"PropertyValueSpecification\",\"valueRequired\":true,\"valueName\":\"search_term_string\"}}],\"inLanguage\":\"ca\"},{\"@type\":\"Organization\",\"@id\":\"https:\/\/llenapampalona.com\/ca\/#organization\",\"name\":\"Llena Pampalona Arri\u00e0\",\"url\":\"https:\/\/llenapampalona.com\/ca\/\",\"logo\":{\"@type\":\"ImageObject\",\"inLanguage\":\"ca\",\"@id\":\"https:\/\/llenapampalona.com\/ca\/#\/schema\/logo\/image\/\",\"url\":\"https:\/\/llenapampalona.com\/wp-content\/uploads\/2025\/10\/llena-pampalona-logo-2.png\",\"contentUrl\":\"https:\/\/llenapampalona.com\/wp-content\/uploads\/2025\/10\/llena-pampalona-logo-2.png\",\"width\":500,\"height\":60,\"caption\":\"Llena Pampalona Arri\u00e0\"},\"image\":{\"@id\":\"https:\/\/llenapampalona.com\/ca\/#\/schema\/logo\/image\/\"}}]}<\/script>\n<!-- \/ Yoast SEO plugin. -->","yoast_head_json":{"title":"Assessorament penal - Abogados penalistas Lleida","description":"Abogados penalistas en Lleida con experiencia en defensa por delitos penales. Asistencia en detenciones, juicios r\u00e1pidos, violencia, robos, estafas y cancelaci\u00f3n de antecedentes.","robots":{"index":"index","follow":"follow","max-snippet":"max-snippet:-1","max-image-preview":"max-image-preview:large","max-video-preview":"max-video-preview:-1"},"canonical":"https:\/\/llenapampalona.com\/ca\/assessorament-penal\/","og_locale":"ca_ES","og_type":"article","og_title":"Assessorament penal - Abogados penalistas Lleida","og_description":"Abogados penalistas en Lleida con experiencia en defensa por delitos penales. Asistencia en detenciones, juicios r\u00e1pidos, violencia, robos, estafas y cancelaci\u00f3n de antecedentes.","og_url":"https:\/\/llenapampalona.com\/ca\/assessorament-penal\/","og_site_name":"Llena Pampalona Arri\u00e0","article_modified_time":"2025-12-04T15:35:58+00:00","og_image":[{"width":500,"height":500,"url":"https:\/\/llenapampalona.com\/wp-content\/uploads\/2025\/10\/justicia.png","type":"image\/png"}],"twitter_card":"summary_large_image","twitter_misc":{"Temps estimat de lectura":"1 minut"},"schema":{"@context":"https:\/\/schema.org","@graph":[{"@type":"WebPage","@id":"https:\/\/llenapampalona.com\/ca\/assessorament-penal\/","url":"https:\/\/llenapampalona.com\/ca\/assessorament-penal\/","name":"Assessorament penal - Abogados penalistas Lleida","isPartOf":{"@id":"https:\/\/llenapampalona.com\/ca\/#website"},"primaryImageOfPage":{"@id":"https:\/\/llenapampalona.com\/ca\/assessorament-penal\/#primaryimage"},"image":{"@id":"https:\/\/llenapampalona.com\/ca\/assessorament-penal\/#primaryimage"},"thumbnailUrl":"https:\/\/llenapampalona.com\/wp-content\/uploads\/2025\/10\/justicia.png","datePublished":"2025-10-28T15:21:13+00:00","dateModified":"2025-12-04T15:35:58+00:00","description":"Abogados penalistas en Lleida con experiencia en defensa por delitos penales. Asistencia en detenciones, juicios r\u00e1pidos, violencia, robos, estafas y cancelaci\u00f3n de antecedentes.","breadcrumb":{"@id":"https:\/\/llenapampalona.com\/ca\/assessorament-penal\/#breadcrumb"},"inLanguage":"ca","potentialAction":[{"@type":"ReadAction","target":["https:\/\/llenapampalona.com\/ca\/assessorament-penal\/"]}]},{"@type":"ImageObject","inLanguage":"ca","@id":"https:\/\/llenapampalona.com\/ca\/assessorament-penal\/#primaryimage","url":"https:\/\/llenapampalona.com\/wp-content\/uploads\/2025\/10\/justicia.png","contentUrl":"https:\/\/llenapampalona.com\/wp-content\/uploads\/2025\/10\/justicia.png"},{"@type":"BreadcrumbList","@id":"https:\/\/llenapampalona.com\/ca\/assessorament-penal\/#breadcrumb","itemListElement":[{"@type":"ListItem","position":1,"name":"Portada","item":"https:\/\/llenapampalona.com\/ca\/"},{"@type":"ListItem","position":2,"name":"Assessorament penal"}]},{"@type":"WebSite","@id":"https:\/\/llenapampalona.com\/ca\/#website","url":"https:\/\/llenapampalona.com\/ca\/","name":"Llena Pampalona Arri\u00e0","description":"","publisher":{"@id":"https:\/\/llenapampalona.com\/ca\/#organization"},"potentialAction":[{"@type":"SearchAction","target":{"@type":"EntryPoint","urlTemplate":"https:\/\/llenapampalona.com\/ca\/?s={search_term_string}"},"query-input":{"@type":"PropertyValueSpecification","valueRequired":true,"valueName":"search_term_string"}}],"inLanguage":"ca"},{"@type":"Organization","@id":"https:\/\/llenapampalona.com\/ca\/#organization","name":"Llena Pampalona Arri\u00e0","url":"https:\/\/llenapampalona.com\/ca\/","logo":{"@type":"ImageObject","inLanguage":"ca","@id":"https:\/\/llenapampalona.com\/ca\/#\/schema\/logo\/image\/","url":"https:\/\/llenapampalona.com\/wp-content\/uploads\/2025\/10\/llena-pampalona-logo-2.png","contentUrl":"https:\/\/llenapampalona.com\/wp-content\/uploads\/2025\/10\/llena-pampalona-logo-2.png","width":500,"height":60,"caption":"Llena Pampalona Arri\u00e0"},"image":{"@id":"https:\/\/llenapampalona.com\/ca\/#\/schema\/logo\/image\/"}}]}},"_links":{"self":[{"href":"https:\/\/llenapampalona.com\/ca\/wp-json\/wp\/v2\/pages\/459","targetHints":{"allow":["GET"]}}],"collection":[{"href":"https:\/\/llenapampalona.com\/ca\/wp-json\/wp\/v2\/pages"}],"about":[{"href":"https:\/\/llenapampalona.com\/ca\/wp-json\/wp\/v2\/types\/page"}],"author":[{"embeddable":true,"href":"https:\/\/llenapampalona.com\/ca\/wp-json\/wp\/v2\/users\/1"}],"replies":[{"embeddable":true,"href":"https:\/\/llenapampalona.com\/ca\/wp-json\/wp\/v2\/comments?post=459"}],"version-history":[{"count":7,"href":"https:\/\/llenapampalona.com\/ca\/wp-json\/wp\/v2\/pages\/459\/revisions"}],"predecessor-version":[{"id":633,"href":"https:\/\/llenapampalona.com\/ca\/wp-json\/wp\/v2\/pages\/459\/revisions\/633"}],"wp:attachment":[{"href":"https:\/\/llenapampalona.com\/ca\/wp-json\/wp\/v2\/media?parent=459"}],"curies":[{"name":"wp","href":"https:\/\/api.w.org\/{rel}","templated":true}]}}