{"id":461,"date":"2025-10-30T09:49:42","date_gmt":"2025-10-30T09:49:42","guid":{"rendered":"https:\/\/llenapampalona.panelserver.org\/aviso-legal\/"},"modified":"2026-05-12T11:45:49","modified_gmt":"2026-05-12T11:45:49","slug":"avis-legal","status":"publish","type":"page","link":"https:\/\/llenapampalona.com\/ca\/avis-legal\/","title":{"rendered":"Av\u00eds legal"},"content":{"rendered":"\t\t<div data-elementor-type=\"wp-page\" data-elementor-id=\"461\" class=\"elementor elementor-461 elementor-219\" data-elementor-post-type=\"page\">\n\t\t\t\t<div class=\"elementor-element elementor-element-97a0a53 e-flex e-con-boxed e-con e-parent\" data-id=\"97a0a53\" data-element_type=\"container\" data-settings=\"{&quot;background_background&quot;:&quot;classic&quot;}\">\n\t\t\t\t\t<div class=\"e-con-inner\">\n\t\t\t\t<div class=\"elementor-element elementor-element-5616c96 elementor-widget elementor-widget-heading\" data-id=\"5616c96\" data-element_type=\"widget\" data-widget_type=\"heading.default\">\n\t\t\t\t\t<h2 class=\"elementor-heading-title elementor-size-default\">Av\u00eds legal<\/h2>\t\t\t\t<\/div>\n\t\t\t\t\t<\/div>\n\t\t\t\t<\/div>\n\t\t<div class=\"elementor-element elementor-element-ef1e9e5 e-flex e-con-boxed e-con e-parent\" data-id=\"ef1e9e5\" data-element_type=\"container\">\n\t\t\t\t\t<div class=\"e-con-inner\">\n\t\t\t\t<div class=\"elementor-element elementor-element-8216564 elementor-widget elementor-widget-text-editor\" data-id=\"8216564\" data-element_type=\"widget\" data-widget_type=\"text-editor.default\">\n\t\t\t\t\t\t\t\t\t<div>\n<div>\n<p>En compliment de l&#8217;article 10 de la Llei 34\/2002, d&#8217;11 de juliol, de serveis de la Societat de la Informaci\u00f3 i Comer\u00e7 Electr\u00f2nic (LSSICE) a continuaci\u00f3 es detallen les dades identificatives de l&#8217;entitat:<\/p>\n<p>Ra\u00f3 social: PLENA &amp; PAMPALONA &amp; ARRIA ADVOCATS SLP<\/p>\n<p>NIF: B70688791<\/p>\n<p>Adre\u00e7a: Rambla Ferran, 2, 6\u00e8 i 7\u00e8 \u2013 25007 \u2013 Lleida \u2013 LLEIDA<\/p>\n<p>Tel\u00e8fon:\u00a0973240075<\/p>\n<p>Email:\u00a0info@llenapampalona.com<\/p>\n<p><strong>FINALITAT DE LA P\u00c0GINA WEB<\/strong><\/p>\n<p>Informar degudament dels productes i\/o serveis prestats per l&#8217;entitat, de tots aquells esdeveniments celebrats amb relaci\u00f3 als seus serveis, aix\u00ed com facilitar el contacte amb aquesta.<\/p>\n<p>Aquest av\u00eds legal (d&#8217;ara endavant, l&#8217;Av\u00eds Legal) regula l&#8217;\u00fas del lloc web: www.llenapampalona.com<\/p>\n<p>\u00a0<\/p>\n<p><strong>LEGISLACI\u00d3<\/strong><\/p>\n<p>Amb car\u00e0cter general les relacions entre PLENA &amp; PAMPALONA &amp; ARRIA ADVOCATS SLP i els Usuaris dels seus serveis telem\u00e0tics, presents en aquest lloc web, estan sotmeses a la legislaci\u00f3 i jurisdicci\u00f3 espanyoles.<\/p>\n<p>\u00a0<\/p>\n<p><strong>\u00daS I ACC\u00c9S D&#8217;USUARIS<\/strong><\/p>\n<p>L&#8217;Usuari queda informat, i accepta, que l&#8217;acc\u00e9s a la present web no suposa, de cap manera, l&#8217;inici d&#8217;una relaci\u00f3 comercial amb LLENA &amp; PAMPALONA &amp; ARRIA ADVOCATS SLP o qualsevol de les delegacions.<\/p>\n<p>\u00a0<\/p>\n<p><strong>PROPIETAT INTEL\u00b7LECTUAL I INDUSTRIAL<\/strong><\/p>\n<p>Els drets de propietat intel\u00b7lectual del contingut de les p\u00e0gines web, el seu disseny gr\u00e0fic i codis s\u00f3n titularitat de LLENA &amp; PAMPALONA &amp; ARRIA ADVOCATS SLP i, per tant, queda prohibida la seva reproducci\u00f3, distribuci\u00f3, comunicaci\u00f3 p\u00fablica, transformaci\u00f3 o qualsevol altra activitat que es pugui realitzar amb els continguts de les seves p\u00e0gines web ni fins i tot citant les fonts, excepte consentiment per escrit<\/p>\n<p>\u00a0<\/p>\n<p><strong>CONTINGUT DE LA WEB I<\/strong> ENLLA\u00c7OS (LINKS)<\/p>\n<p>PLENA &amp; PAMPALONA &amp; ARRIA ADVOCATS SLP\u00a0 es reserva el dret a actualitzar, modificar o eliminar la informaci\u00f3 continguda a les seves p\u00e0gines web podent fins i tot limitar o no permetre l&#8217;acc\u00e9s a aquesta informaci\u00f3 a certs usuaris.<\/p>\n<p>LLENA &amp; PAMPALONA &amp; ARRIA ADVOCATS SLP no assumeix cap responsabilitat per la informaci\u00f3 continguda en p\u00e0gines web de tercers a les quals es pugui accedir per \u00ablinks\u00bb o enlla\u00e7os des de qualsevol p\u00e0gina web propietat de LLENA &amp; PAMPALONA &amp; ARRIA ADVOCATS SLP. La pres\u00e8ncia de \u00ablinks\u00bb o enlla\u00e7os a les p\u00e0gines web de LLENA &amp; PAMPALONA &amp; ARRIA ADVOCATS SLP t\u00e9 finalitat merament informativa i en cap cas suposa suggeriment, invitaci\u00f3 o recomanaci\u00f3 sobre aquests.<\/p>\n<\/div>\n<\/div>\t\t\t\t\t\t\t\t<\/div>\n\t\t\t\t\t<\/div>\n\t\t\t\t<\/div>\n\t\t\t\t<\/div>\n\t\t","protected":false},"excerpt":{"rendered":"<p>En compliment de l&#8217;article 10 de la Llei 34\/2002, d&#8217;11 de juliol, de serveis de la Societat de la Informaci\u00f3 i Comer\u00e7 Electr\u00f2nic (LSSICE) a continuaci\u00f3 es detallen les dades identificatives de l&#8217;entitat: Ra\u00f3 social: PLENA &amp; PAMPALONA &amp; ARRIA ADVOCATS SLP NIF: B70688791 Adre\u00e7a: Rambla Ferran, 2, 6\u00e8 i 7\u00e8 \u2013 25007 \u2013 Lleida [&hellip;]<\/p>\n","protected":false},"author":1,"featured_media":0,"parent":0,"menu_order":0,"comment_status":"closed","ping_status":"closed","template":"","meta":{"footnotes":""},"class_list":["post-461","page","type-page","status-publish","hentry"],"yoast_head":"<!-- This site is optimized with the Yoast SEO plugin v26.6 - https:\/\/yoast.com\/wordpress\/plugins\/seo\/ -->\n<title>Av\u00eds legal - Llena Pampalona Arri\u00e0<\/title>\n<meta name=\"robots\" content=\"index, follow, max-snippet:-1, max-image-preview:large, max-video-preview:-1\" \/>\n<link rel=\"canonical\" href=\"https:\/\/llenapampalona.com\/ca\/avis-legal\/\" \/>\n<meta property=\"og:locale\" content=\"ca_ES\" \/>\n<meta property=\"og:type\" content=\"article\" \/>\n<meta property=\"og:title\" content=\"Av\u00eds legal - Llena Pampalona Arri\u00e0\" \/>\n<meta property=\"og:description\" content=\"En compliment de l&#8217;article 10 de la Llei 34\/2002, d&#8217;11 de juliol, de serveis de la Societat de la Informaci\u00f3 i Comer\u00e7 Electr\u00f2nic (LSSICE) a continuaci\u00f3 es detallen les dades identificatives de l&#8217;entitat: Ra\u00f3 social: PLENA &amp; PAMPALONA &amp; ARRIA ADVOCATS SLP NIF: B70688791 Adre\u00e7a: Rambla Ferran, 2, 6\u00e8 i 7\u00e8 \u2013 25007 \u2013 Lleida [&hellip;]\" \/>\n<meta property=\"og:url\" content=\"https:\/\/llenapampalona.com\/ca\/avis-legal\/\" \/>\n<meta property=\"og:site_name\" content=\"Llena Pampalona Arri\u00e0\" \/>\n<meta property=\"article:modified_time\" content=\"2026-05-12T11:45:49+00:00\" \/>\n<meta name=\"twitter:card\" content=\"summary_large_image\" \/>\n<meta name=\"twitter:label1\" content=\"Temps estimat de lectura\" \/>\n\t<meta name=\"twitter:data1\" content=\"2 minuts\" \/>\n<script type=\"application\/ld+json\" class=\"yoast-schema-graph\">{\"@context\":\"https:\/\/schema.org\",\"@graph\":[{\"@type\":\"WebPage\",\"@id\":\"https:\/\/llenapampalona.com\/ca\/avis-legal\/\",\"url\":\"https:\/\/llenapampalona.com\/ca\/avis-legal\/\",\"name\":\"Av\u00eds legal - Llena Pampalona Arri\u00e0\",\"isPartOf\":{\"@id\":\"https:\/\/llenapampalona.com\/ca\/#website\"},\"datePublished\":\"2025-10-30T09:49:42+00:00\",\"dateModified\":\"2026-05-12T11:45:49+00:00\",\"breadcrumb\":{\"@id\":\"https:\/\/llenapampalona.com\/ca\/avis-legal\/#breadcrumb\"},\"inLanguage\":\"ca\",\"potentialAction\":[{\"@type\":\"ReadAction\",\"target\":[\"https:\/\/llenapampalona.com\/ca\/avis-legal\/\"]}]},{\"@type\":\"BreadcrumbList\",\"@id\":\"https:\/\/llenapampalona.com\/ca\/avis-legal\/#breadcrumb\",\"itemListElement\":[{\"@type\":\"ListItem\",\"position\":1,\"name\":\"Portada\",\"item\":\"https:\/\/llenapampalona.com\/ca\/\"},{\"@type\":\"ListItem\",\"position\":2,\"name\":\"Av\u00eds legal\"}]},{\"@type\":\"WebSite\",\"@id\":\"https:\/\/llenapampalona.com\/ca\/#website\",\"url\":\"https:\/\/llenapampalona.com\/ca\/\",\"name\":\"Llena Pampalona Arri\u00e0\",\"description\":\"\",\"publisher\":{\"@id\":\"https:\/\/llenapampalona.com\/ca\/#organization\"},\"potentialAction\":[{\"@type\":\"SearchAction\",\"target\":{\"@type\":\"EntryPoint\",\"urlTemplate\":\"https:\/\/llenapampalona.com\/ca\/?s={search_term_string}\"},\"query-input\":{\"@type\":\"PropertyValueSpecification\",\"valueRequired\":true,\"valueName\":\"search_term_string\"}}],\"inLanguage\":\"ca\"},{\"@type\":\"Organization\",\"@id\":\"https:\/\/llenapampalona.com\/ca\/#organization\",\"name\":\"Llena Pampalona Arri\u00e0\",\"url\":\"https:\/\/llenapampalona.com\/ca\/\",\"logo\":{\"@type\":\"ImageObject\",\"inLanguage\":\"ca\",\"@id\":\"https:\/\/llenapampalona.com\/ca\/#\/schema\/logo\/image\/\",\"url\":\"https:\/\/llenapampalona.com\/wp-content\/uploads\/2025\/10\/llena-pampalona-logo-2.png\",\"contentUrl\":\"https:\/\/llenapampalona.com\/wp-content\/uploads\/2025\/10\/llena-pampalona-logo-2.png\",\"width\":500,\"height\":60,\"caption\":\"Llena Pampalona Arri\u00e0\"},\"image\":{\"@id\":\"https:\/\/llenapampalona.com\/ca\/#\/schema\/logo\/image\/\"}}]}<\/script>\n<!-- \/ Yoast SEO plugin. -->","yoast_head_json":{"title":"Av\u00eds legal - Llena Pampalona Arri\u00e0","robots":{"index":"index","follow":"follow","max-snippet":"max-snippet:-1","max-image-preview":"max-image-preview:large","max-video-preview":"max-video-preview:-1"},"canonical":"https:\/\/llenapampalona.com\/ca\/avis-legal\/","og_locale":"ca_ES","og_type":"article","og_title":"Av\u00eds legal - Llena Pampalona Arri\u00e0","og_description":"En compliment de l&#8217;article 10 de la Llei 34\/2002, d&#8217;11 de juliol, de serveis de la Societat de la Informaci\u00f3 i Comer\u00e7 Electr\u00f2nic (LSSICE) a continuaci\u00f3 es detallen les dades identificatives de l&#8217;entitat: Ra\u00f3 social: PLENA &amp; PAMPALONA &amp; ARRIA ADVOCATS SLP NIF: B70688791 Adre\u00e7a: Rambla Ferran, 2, 6\u00e8 i 7\u00e8 \u2013 25007 \u2013 Lleida [&hellip;]","og_url":"https:\/\/llenapampalona.com\/ca\/avis-legal\/","og_site_name":"Llena Pampalona Arri\u00e0","article_modified_time":"2026-05-12T11:45:49+00:00","twitter_card":"summary_large_image","twitter_misc":{"Temps estimat de lectura":"2 minuts"},"schema":{"@context":"https:\/\/schema.org","@graph":[{"@type":"WebPage","@id":"https:\/\/llenapampalona.com\/ca\/avis-legal\/","url":"https:\/\/llenapampalona.com\/ca\/avis-legal\/","name":"Av\u00eds legal - Llena Pampalona Arri\u00e0","isPartOf":{"@id":"https:\/\/llenapampalona.com\/ca\/#website"},"datePublished":"2025-10-30T09:49:42+00:00","dateModified":"2026-05-12T11:45:49+00:00","breadcrumb":{"@id":"https:\/\/llenapampalona.com\/ca\/avis-legal\/#breadcrumb"},"inLanguage":"ca","potentialAction":[{"@type":"ReadAction","target":["https:\/\/llenapampalona.com\/ca\/avis-legal\/"]}]},{"@type":"BreadcrumbList","@id":"https:\/\/llenapampalona.com\/ca\/avis-legal\/#breadcrumb","itemListElement":[{"@type":"ListItem","position":1,"name":"Portada","item":"https:\/\/llenapampalona.com\/ca\/"},{"@type":"ListItem","position":2,"name":"Av\u00eds legal"}]},{"@type":"WebSite","@id":"https:\/\/llenapampalona.com\/ca\/#website","url":"https:\/\/llenapampalona.com\/ca\/","name":"Llena Pampalona Arri\u00e0","description":"","publisher":{"@id":"https:\/\/llenapampalona.com\/ca\/#organization"},"potentialAction":[{"@type":"SearchAction","target":{"@type":"EntryPoint","urlTemplate":"https:\/\/llenapampalona.com\/ca\/?s={search_term_string}"},"query-input":{"@type":"PropertyValueSpecification","valueRequired":true,"valueName":"search_term_string"}}],"inLanguage":"ca"},{"@type":"Organization","@id":"https:\/\/llenapampalona.com\/ca\/#organization","name":"Llena Pampalona Arri\u00e0","url":"https:\/\/llenapampalona.com\/ca\/","logo":{"@type":"ImageObject","inLanguage":"ca","@id":"https:\/\/llenapampalona.com\/ca\/#\/schema\/logo\/image\/","url":"https:\/\/llenapampalona.com\/wp-content\/uploads\/2025\/10\/llena-pampalona-logo-2.png","contentUrl":"https:\/\/llenapampalona.com\/wp-content\/uploads\/2025\/10\/llena-pampalona-logo-2.png","width":500,"height":60,"caption":"Llena Pampalona Arri\u00e0"},"image":{"@id":"https:\/\/llenapampalona.com\/ca\/#\/schema\/logo\/image\/"}}]}},"_links":{"self":[{"href":"https:\/\/llenapampalona.com\/ca\/wp-json\/wp\/v2\/pages\/461","targetHints":{"allow":["GET"]}}],"collection":[{"href":"https:\/\/llenapampalona.com\/ca\/wp-json\/wp\/v2\/pages"}],"about":[{"href":"https:\/\/llenapampalona.com\/ca\/wp-json\/wp\/v2\/types\/page"}],"author":[{"embeddable":true,"href":"https:\/\/llenapampalona.com\/ca\/wp-json\/wp\/v2\/users\/1"}],"replies":[{"embeddable":true,"href":"https:\/\/llenapampalona.com\/ca\/wp-json\/wp\/v2\/comments?post=461"}],"version-history":[{"count":15,"href":"https:\/\/llenapampalona.com\/ca\/wp-json\/wp\/v2\/pages\/461\/revisions"}],"predecessor-version":[{"id":690,"href":"https:\/\/llenapampalona.com\/ca\/wp-json\/wp\/v2\/pages\/461\/revisions\/690"}],"wp:attachment":[{"href":"https:\/\/llenapampalona.com\/ca\/wp-json\/wp\/v2\/media?parent=461"}],"curies":[{"name":"wp","href":"https:\/\/api.w.org\/{rel}","templated":true}]}}