{"id":468,"date":"2025-10-27T09:46:37","date_gmt":"2025-10-27T09:46:37","guid":{"rendered":"https:\/\/llenapampalona.panelserver.org\/inicio\/"},"modified":"2025-12-04T11:34:27","modified_gmt":"2025-12-04T11:34:27","slug":"inici","status":"publish","type":"page","link":"https:\/\/llenapampalona.com\/ca\/","title":{"rendered":"Inici"},"content":{"rendered":"\t\t<div data-elementor-type=\"wp-page\" data-elementor-id=\"468\" class=\"elementor elementor-468 elementor-12\" data-elementor-post-type=\"page\">\n\t\t\t\t<div class=\"elementor-element elementor-element-c0e5962 e-flex e-con-boxed elementor-invisible e-con e-parent\" data-id=\"c0e5962\" data-element_type=\"container\" data-settings=\"{&quot;background_background&quot;:&quot;classic&quot;,&quot;animation&quot;:&quot;fadeInUp&quot;}\">\n\t\t\t\t\t<div class=\"e-con-inner\">\n\t\t\t\t<div class=\"elementor-element elementor-element-3f8f39e elementor-widget elementor-widget-heading\" data-id=\"3f8f39e\" data-element_type=\"widget\" data-widget_type=\"heading.default\">\n\t\t\t\t\t<h1 class=\"elementor-heading-title elementor-size-default\">Despatx advocats Lleida<\/h1>\t\t\t\t<\/div>\n\t\t\t\t<div class=\"elementor-element elementor-element-1c484f5 elementor-widget elementor-widget-text-editor\" data-id=\"1c484f5\" data-element_type=\"widget\" data-widget_type=\"text-editor.default\">\n\t\t\t\t\t\t\t\t\t<p>Llena Pampalona Arria, el teu despatx d&#8217;advocats a Lleida.<br \/>Solucions legals en dret civil, penal, laboral,<br \/>mercantil, fiscal i administratiu. Atenci\u00f3 pr\u00f2xima, clara i professional.<\/p>\t\t\t\t\t\t\t\t<\/div>\n\t\t\t\t\t<\/div>\n\t\t\t\t<\/div>\n\t\t<div class=\"elementor-element elementor-element-bf87636 e-flex e-con-boxed elementor-invisible e-con e-parent\" data-id=\"bf87636\" data-element_type=\"container\" data-settings=\"{&quot;animation&quot;:&quot;fadeInUp&quot;}\">\n\t\t\t\t\t<div class=\"e-con-inner\">\n\t\t\t\t<div class=\"elementor-element elementor-element-d37e7dc elementor-widget elementor-widget-heading\" data-id=\"d37e7dc\" data-element_type=\"widget\" data-widget_type=\"heading.default\">\n\t\t\t\t\t<h2 class=\"elementor-heading-title elementor-size-default\">LLENA &amp; PAMPALONA &amp; ARRI\u00c0<\/h2>\t\t\t\t<\/div>\n\t\t\t\t<div class=\"elementor-element elementor-element-10ee79e elementor-widget-divider--view-line elementor-widget elementor-widget-divider\" data-id=\"10ee79e\" data-element_type=\"widget\" data-widget_type=\"divider.default\">\n\t\t\t\t\t\t\t<div class=\"elementor-divider\">\n\t\t\t<span class=\"elementor-divider-separator\">\n\t\t\t\t\t\t<\/span>\n\t\t<\/div>\n\t\t\t\t\t\t<\/div>\n\t\t\t\t<div class=\"elementor-element elementor-element-85abbe9 elementor-widget elementor-widget-text-editor\" data-id=\"85abbe9\" data-element_type=\"widget\" data-widget_type=\"text-editor.default\">\n\t\t\t\t\t\t\t\t\t<p class=\"cvGsUA direction-ltr align-center para-style-body\"><span class=\"a_GcMg font-feature-liga-off font-feature-clig-off font-feature-calt-off text-decoration-none text-strikethrough-none\">Llena &amp; Pampalona &amp; Arria\u0300 Advocats <\/span>\u00e9s un despatx d&#8217;advocats que \u00e9s present a Lleida i prov\u00edncia des de fa m\u00e9s de 60 anys, inicialment sota la denominaci\u00f3 de Bufet Jur\u00eddic Su\u00f1\u00e9.<\/p><p class=\"cvGsUA direction-ltr align-center para-style-body\">Assessorem importants associacions i institucions lleidatanes, aix\u00ed com a nombroses empreses i particulars en les principals \u00e0rees del dret, oferint a m\u00e9s el degut assessorament fiscal associat.<\/p><p>La nostra experi\u00e8ncia i sobretot, la satisfacci\u00f3 dels nostres clients, avalen la qualitat i l&#8217;efectivitat dels nostres serveis.<\/p><p>El nostre comprom\u00eds professional \u00e9s el d&#8217;aportar solucions innovadores i eficaces per a satisfer les necessitats i interessos dels nostres clients amb les m\u00e0ximes garanties. Per aquesta ra\u00f3, l&#8217;assessorament i intervenci\u00f3 dels nostres professionals es fonamenta en la serietat, honestedat i rigor, dins de la legalitat.<\/p>\t\t\t\t\t\t\t\t<\/div>\n\t\t\t\t\t<\/div>\n\t\t\t\t<\/div>\n\t\t<div class=\"elementor-element elementor-element-06ee892 e-flex e-con-boxed elementor-invisible e-con e-parent\" data-id=\"06ee892\" data-element_type=\"container\" data-settings=\"{&quot;background_background&quot;:&quot;classic&quot;,&quot;animation&quot;:&quot;fadeInUp&quot;}\">\n\t\t\t\t\t<div class=\"e-con-inner\">\n\t\t\t\t\t<\/div>\n\t\t\t\t<\/div>\n\t\t<div class=\"elementor-element elementor-element-fc0ce2a e-flex e-con-boxed elementor-invisible e-con e-parent\" data-id=\"fc0ce2a\" data-element_type=\"container\" data-settings=\"{&quot;animation&quot;:&quot;fadeInUp&quot;}\">\n\t\t\t\t\t<div class=\"e-con-inner\">\n\t\t<div class=\"elementor-element elementor-element-2618ebf e-con-full e-flex e-con e-child\" data-id=\"2618ebf\" data-element_type=\"container\">\n\t\t<div class=\"elementor-element elementor-element-ed68186 e-con-full e-flex e-con e-child\" data-id=\"ed68186\" data-element_type=\"container\">\n\t\t\t\t<div class=\"elementor-element elementor-element-a5ede6f elementor-widget elementor-widget-image\" data-id=\"a5ede6f\" data-element_type=\"widget\" data-widget_type=\"image.default\">\n\t\t\t\t\t\t\t\t\t\t\t\t\t\t\t<img decoding=\"async\" width=\"100\" height=\"100\" src=\"https:\/\/llenapampalona.com\/wp-content\/uploads\/2025\/10\/lena-icon-justice-1-1.png\" class=\"attachment-full size-full wp-image-508\" alt=\"lena-icon-justice-1\" \/>\t\t\t\t\t\t\t\t\t\t\t\t\t\t\t<\/div>\n\t\t\t\t<\/div>\n\t\t<div class=\"elementor-element elementor-element-b5bd9c4 e-con-full e-flex e-con e-child\" data-id=\"b5bd9c4\" data-element_type=\"container\">\n\t\t\t\t<div class=\"elementor-element elementor-element-f2d7075 elementor-widget elementor-widget-heading\" data-id=\"f2d7075\" data-element_type=\"widget\" data-widget_type=\"heading.default\">\n\t\t\t\t\t<h2 class=\"elementor-heading-title elementor-size-default\">JUR\u00cdDICA<\/h2>\t\t\t\t<\/div>\n\t\t\t\t<div class=\"elementor-element elementor-element-407edd1 elementor-widget elementor-widget-text-editor\" data-id=\"407edd1\" data-element_type=\"widget\" data-widget_type=\"text-editor.default\">\n\t\t\t\t\t\t\t\t\t<ul><li><span class=\"a_GcMg font-feature-liga-off font-feature-clig-off font-feature-calt-off text-decoration-none text-strikethrough-none\">Processal \u2013 Civil<\/span><\/li><li><span class=\"a_GcMg font-feature-liga-off font-feature-clig-off font-feature-calt-off text-decoration-none text-strikethrough-none\">Processal \u2013 Laboral<\/span><\/li><li><span class=\"a_GcMg font-feature-liga-off font-feature-clig-off font-feature-calt-off text-decoration-none text-strikethrough-none\">Mercantil \u2013 Concursal<\/span><\/li><li><span class=\"a_GcMg font-feature-liga-off font-feature-clig-off font-feature-calt-off text-decoration-none text-strikethrough-none\">Penal<\/span><\/li><li><span class=\"a_GcMg font-feature-liga-off font-feature-clig-off font-feature-calt-off text-decoration-none text-strikethrough-none\">Matrimonial<\/span><\/li><li><span class=\"a_GcMg font-feature-liga-off font-feature-clig-off font-feature-calt-off text-decoration-none text-strikethrough-none\">Arbitratge privat<\/span><\/li><li><span class=\"a_GcMg font-feature-liga-off font-feature-clig-off font-feature-calt-off text-decoration-none text-strikethrough-none\">Bancari<\/span><\/li><li><span class=\"a_GcMg font-feature-liga-off font-feature-clig-off font-feature-calt-off text-decoration-none text-strikethrough-none\">Administratiu<\/span><\/li><li><span class=\"a_GcMg font-feature-liga-off font-feature-clig-off font-feature-calt-off text-decoration-none text-strikethrough-none\">Circulaci\u00f3<\/span><\/li><\/ul>\t\t\t\t\t\t\t\t<\/div>\n\t\t\t\t<\/div>\n\t\t\t\t<\/div>\n\t\t<div class=\"elementor-element elementor-element-63f87a8 e-con-full e-flex e-con e-child\" data-id=\"63f87a8\" data-element_type=\"container\">\n\t\t<div class=\"elementor-element elementor-element-011a0e7 e-con-full e-flex e-con e-child\" data-id=\"011a0e7\" data-element_type=\"container\">\n\t\t\t\t<div class=\"elementor-element elementor-element-a68ef18 elementor-widget elementor-widget-image\" data-id=\"a68ef18\" data-element_type=\"widget\" data-widget_type=\"image.default\">\n\t\t\t\t\t\t\t\t\t\t\t\t\t\t\t<img decoding=\"async\" width=\"100\" height=\"100\" src=\"https:\/\/llenapampalona.com\/wp-content\/uploads\/2025\/10\/lena-icon-text.png\" class=\"attachment-full size-full wp-image-509\" alt=\"lena-icon-text\" \/>\t\t\t\t\t\t\t\t\t\t\t\t\t\t\t<\/div>\n\t\t\t\t<\/div>\n\t\t<div class=\"elementor-element elementor-element-bb40943 e-con-full e-flex e-con e-child\" data-id=\"bb40943\" data-element_type=\"container\">\n\t\t\t\t<div class=\"elementor-element elementor-element-e0496bf elementor-widget elementor-widget-heading\" data-id=\"e0496bf\" data-element_type=\"widget\" data-widget_type=\"heading.default\">\n\t\t\t\t\t<h2 class=\"elementor-heading-title elementor-size-default\">LABORAL<\/h2>\t\t\t\t<\/div>\n\t\t\t\t<div class=\"elementor-element elementor-element-4704183 elementor-widget elementor-widget-text-editor\" data-id=\"4704183\" data-element_type=\"widget\" data-widget_type=\"text-editor.default\">\n\t\t\t\t\t\t\t\t\t<ul><li><span class=\"a_GcMg font-feature-liga-off font-feature-clig-off font-feature-calt-off text-decoration-none text-strikethrough-none\">Confecci\u00f3 de n\u00f2mines<\/span><\/li><li><span class=\"a_GcMg font-feature-liga-off font-feature-clig-off font-feature-calt-off text-decoration-none text-strikethrough-none\">Assegurances Socials<\/span><\/li><li><span class=\"a_GcMg font-feature-liga-off font-feature-clig-off font-feature-calt-off text-decoration-none text-strikethrough-none\">Contractes de treball<\/span><\/li><li><span class=\"a_GcMg font-feature-liga-off font-feature-clig-off font-feature-calt-off text-decoration-none text-strikethrough-none\">Conflictes laborals<\/span><\/li><li><span class=\"a_GcMg font-feature-liga-off font-feature-clig-off font-feature-calt-off text-decoration-none text-strikethrough-none\">Negociacions convenis<\/span><\/li><li><span class=\"a_GcMg font-feature-liga-off font-feature-clig-off font-feature-calt-off text-decoration-none text-strikethrough-none\">Acomiadaments \u2013 actes de conciliaci\u00f3<\/span><\/li><li><span class=\"a_GcMg font-feature-liga-off font-feature-clig-off font-feature-calt-off text-decoration-none text-strikethrough-none\">Eros<\/span><\/li><\/ul>\t\t\t\t\t\t\t\t<\/div>\n\t\t\t\t<\/div>\n\t\t\t\t<\/div>\n\t\t<div class=\"elementor-element elementor-element-4ca70ff e-con-full e-flex e-con e-child\" data-id=\"4ca70ff\" data-element_type=\"container\">\n\t\t<div class=\"elementor-element elementor-element-b9373c0 e-con-full e-flex e-con e-child\" data-id=\"b9373c0\" data-element_type=\"container\">\n\t\t\t\t<div class=\"elementor-element elementor-element-1b9dc9d elementor-widget elementor-widget-image\" data-id=\"1b9dc9d\" data-element_type=\"widget\" data-widget_type=\"image.default\">\n\t\t\t\t\t\t\t\t\t\t\t\t\t\t\t<img decoding=\"async\" width=\"100\" height=\"100\" src=\"https:\/\/llenapampalona.com\/wp-content\/uploads\/2025\/10\/lena-icon-service.png\" class=\"attachment-full size-full wp-image-510\" alt=\"lena-icon-service\" \/>\t\t\t\t\t\t\t\t\t\t\t\t\t\t\t<\/div>\n\t\t\t\t<\/div>\n\t\t<div class=\"elementor-element elementor-element-06c5254 e-con-full e-flex e-con e-child\" data-id=\"06c5254\" data-element_type=\"container\">\n\t\t\t\t<div class=\"elementor-element elementor-element-f46ac9d elementor-widget elementor-widget-heading\" data-id=\"f46ac9d\" data-element_type=\"widget\" data-widget_type=\"heading.default\">\n\t\t\t\t\t<h2 class=\"elementor-heading-title elementor-size-default\">ALTRES<\/h2>\t\t\t\t<\/div>\n\t\t\t\t<div class=\"elementor-element elementor-element-8dd29af elementor-widget elementor-widget-text-editor\" data-id=\"8dd29af\" data-element_type=\"widget\" data-widget_type=\"text-editor.default\">\n\t\t\t\t\t\t\t\t\t<ul><li><span class=\"a_GcMg font-feature-liga-off font-feature-clig-off font-feature-calt-off text-decoration-none text-strikethrough-none\">Constituci\u00f3 i dissoluci\u00f3 de societats<\/span><\/li><li><span class=\"a_GcMg font-feature-liga-off font-feature-clig-off font-feature-calt-off text-decoration-none text-strikethrough-none\">Consultoria dret societats<\/span><\/li><li><span class=\"a_GcMg font-feature-liga-off font-feature-clig-off font-feature-calt-off text-decoration-none text-strikethrough-none\">Reestructuracions i refinan\u00e7aments<\/span><\/li><li><span class=\"a_GcMg font-feature-liga-off font-feature-clig-off font-feature-calt-off text-decoration-none text-strikethrough-none\">Contractes en general<\/span><\/li><li><span class=\"a_GcMg font-feature-liga-off font-feature-clig-off font-feature-calt-off text-decoration-none text-strikethrough-none\">Gesti\u00f3 documents notarials<\/span><\/li><li><span class=\"a_GcMg font-feature-liga-off font-feature-clig-off font-feature-calt-off text-decoration-none text-strikethrough-none\">Her\u00e8ncies<\/span><\/li><\/ul>\t\t\t\t\t\t\t\t<\/div>\n\t\t\t\t<\/div>\n\t\t\t\t<\/div>\n\t\t\t\t\t<\/div>\n\t\t\t\t<\/div>\n\t\t\t\t<\/div>\n\t\t","protected":false},"excerpt":{"rendered":"<p>Despatx advocats Lleida Llena Pampalona Arria, el teu despatx d&#8217;advocats a Lleida.Solucions legals en dret civil, penal, laboral,mercantil, fiscal i administratiu. Atenci\u00f3 pr\u00f2xima, clara i professional. LLENA &amp; PAMPALONA &amp; ARRI\u00c0 Llena &amp; Pampalona &amp; Arria\u0300 Advocats \u00e9s un despatx d&#8217;advocats que \u00e9s present a Lleida i prov\u00edncia des de fa m\u00e9s de 60 anys, [&hellip;]<\/p>\n","protected":false},"author":1,"featured_media":0,"parent":0,"menu_order":0,"comment_status":"closed","ping_status":"closed","template":"","meta":{"footnotes":""},"class_list":["post-468","page","type-page","status-publish","hentry"],"yoast_head":"<!-- This site is optimized with the Yoast SEO plugin v26.6 - https:\/\/yoast.com\/wordpress\/plugins\/seo\/ -->\n<title>Inici - Llena Pampalona Arri\u00e0<\/title>\n<meta name=\"description\" content=\"Llena pampalona Arria, tu despacho de abogados en Lleida. Soluciones legales eficaces en derecho civil, penal, laboral, mercantil, fiscal y administrativo. Atenci\u00f3n cercana, clara y profesional\" \/>\n<meta name=\"robots\" content=\"index, follow, max-snippet:-1, max-image-preview:large, max-video-preview:-1\" \/>\n<link rel=\"canonical\" href=\"https:\/\/llenapampalona.com\/ca\/\" \/>\n<meta property=\"og:locale\" content=\"ca_ES\" \/>\n<meta property=\"og:type\" content=\"article\" \/>\n<meta property=\"og:title\" content=\"Inici - Llena Pampalona Arri\u00e0\" \/>\n<meta property=\"og:description\" content=\"Llena pampalona Arria, tu despacho de abogados en Lleida. Soluciones legales eficaces en derecho civil, penal, laboral, mercantil, fiscal y administrativo. Atenci\u00f3n cercana, clara y profesional\" \/>\n<meta property=\"og:url\" content=\"https:\/\/llenapampalona.com\/ca\/\" \/>\n<meta property=\"og:site_name\" content=\"Llena Pampalona Arri\u00e0\" \/>\n<meta property=\"article:modified_time\" content=\"2025-12-04T11:34:27+00:00\" \/>\n<meta property=\"og:image\" content=\"https:\/\/llenapampalona.com\/wp-content\/uploads\/2025\/10\/lena-icon-justice-1-1.png\" \/>\n<meta name=\"twitter:card\" content=\"summary_large_image\" \/>\n<meta name=\"twitter:label1\" content=\"Temps estimat de lectura\" \/>\n\t<meta name=\"twitter:data1\" content=\"2 minuts\" \/>\n<script type=\"application\/ld+json\" class=\"yoast-schema-graph\">{\"@context\":\"https:\/\/schema.org\",\"@graph\":[{\"@type\":\"WebPage\",\"@id\":\"https:\/\/llenapampalona.com\/ca\/\",\"url\":\"https:\/\/llenapampalona.com\/ca\/\",\"name\":\"Inici - Llena Pampalona Arri\u00e0\",\"isPartOf\":{\"@id\":\"https:\/\/llenapampalona.com\/ca\/#website\"},\"primaryImageOfPage\":{\"@id\":\"https:\/\/llenapampalona.com\/ca\/#primaryimage\"},\"image\":{\"@id\":\"https:\/\/llenapampalona.com\/ca\/#primaryimage\"},\"thumbnailUrl\":\"https:\/\/llenapampalona.com\/wp-content\/uploads\/2025\/10\/lena-icon-justice-1-1.png\",\"datePublished\":\"2025-10-27T09:46:37+00:00\",\"dateModified\":\"2025-12-04T11:34:27+00:00\",\"description\":\"Llena pampalona Arria, tu despacho de abogados en Lleida. Soluciones legales eficaces en derecho civil, penal, laboral, mercantil, fiscal y administrativo. Atenci\u00f3n cercana, clara y profesional\",\"breadcrumb\":{\"@id\":\"https:\/\/llenapampalona.com\/ca\/#breadcrumb\"},\"inLanguage\":\"ca\",\"potentialAction\":[{\"@type\":\"ReadAction\",\"target\":[\"https:\/\/llenapampalona.com\/ca\/\"]}]},{\"@type\":\"ImageObject\",\"inLanguage\":\"ca\",\"@id\":\"https:\/\/llenapampalona.com\/ca\/#primaryimage\",\"url\":\"https:\/\/llenapampalona.com\/wp-content\/uploads\/2025\/10\/lena-icon-justice-1-1.png\",\"contentUrl\":\"https:\/\/llenapampalona.com\/wp-content\/uploads\/2025\/10\/lena-icon-justice-1-1.png\"},{\"@type\":\"BreadcrumbList\",\"@id\":\"https:\/\/llenapampalona.com\/ca\/#breadcrumb\",\"itemListElement\":[{\"@type\":\"ListItem\",\"position\":1,\"name\":\"Portada\",\"item\":\"https:\/\/llenapampalona.com\/ca\/\"},{\"@type\":\"ListItem\",\"position\":2,\"name\":\"Inici\"}]},{\"@type\":\"WebSite\",\"@id\":\"https:\/\/llenapampalona.com\/ca\/#website\",\"url\":\"https:\/\/llenapampalona.com\/ca\/\",\"name\":\"Llena Pampalona Arri\u00e0\",\"description\":\"\",\"publisher\":{\"@id\":\"https:\/\/llenapampalona.com\/ca\/#organization\"},\"potentialAction\":[{\"@type\":\"SearchAction\",\"target\":{\"@type\":\"EntryPoint\",\"urlTemplate\":\"https:\/\/llenapampalona.com\/ca\/?s={search_term_string}\"},\"query-input\":{\"@type\":\"PropertyValueSpecification\",\"valueRequired\":true,\"valueName\":\"search_term_string\"}}],\"inLanguage\":\"ca\"},{\"@type\":\"Organization\",\"@id\":\"https:\/\/llenapampalona.com\/ca\/#organization\",\"name\":\"Llena Pampalona Arri\u00e0\",\"url\":\"https:\/\/llenapampalona.com\/ca\/\",\"logo\":{\"@type\":\"ImageObject\",\"inLanguage\":\"ca\",\"@id\":\"https:\/\/llenapampalona.com\/ca\/#\/schema\/logo\/image\/\",\"url\":\"https:\/\/llenapampalona.com\/wp-content\/uploads\/2025\/10\/llena-pampalona-logo-2.png\",\"contentUrl\":\"https:\/\/llenapampalona.com\/wp-content\/uploads\/2025\/10\/llena-pampalona-logo-2.png\",\"width\":500,\"height\":60,\"caption\":\"Llena Pampalona Arri\u00e0\"},\"image\":{\"@id\":\"https:\/\/llenapampalona.com\/ca\/#\/schema\/logo\/image\/\"}}]}<\/script>\n<!-- \/ Yoast SEO plugin. -->","yoast_head_json":{"title":"Inici - Llena Pampalona Arri\u00e0","description":"Llena pampalona Arria, tu despacho de abogados en Lleida. Soluciones legales eficaces en derecho civil, penal, laboral, mercantil, fiscal y administrativo. Atenci\u00f3n cercana, clara y profesional","robots":{"index":"index","follow":"follow","max-snippet":"max-snippet:-1","max-image-preview":"max-image-preview:large","max-video-preview":"max-video-preview:-1"},"canonical":"https:\/\/llenapampalona.com\/ca\/","og_locale":"ca_ES","og_type":"article","og_title":"Inici - Llena Pampalona Arri\u00e0","og_description":"Llena pampalona Arria, tu despacho de abogados en Lleida. Soluciones legales eficaces en derecho civil, penal, laboral, mercantil, fiscal y administrativo. Atenci\u00f3n cercana, clara y profesional","og_url":"https:\/\/llenapampalona.com\/ca\/","og_site_name":"Llena Pampalona Arri\u00e0","article_modified_time":"2025-12-04T11:34:27+00:00","og_image":[{"url":"https:\/\/llenapampalona.com\/wp-content\/uploads\/2025\/10\/lena-icon-justice-1-1.png","type":"","width":"","height":""}],"twitter_card":"summary_large_image","twitter_misc":{"Temps estimat de lectura":"2 minuts"},"schema":{"@context":"https:\/\/schema.org","@graph":[{"@type":"WebPage","@id":"https:\/\/llenapampalona.com\/ca\/","url":"https:\/\/llenapampalona.com\/ca\/","name":"Inici - Llena Pampalona Arri\u00e0","isPartOf":{"@id":"https:\/\/llenapampalona.com\/ca\/#website"},"primaryImageOfPage":{"@id":"https:\/\/llenapampalona.com\/ca\/#primaryimage"},"image":{"@id":"https:\/\/llenapampalona.com\/ca\/#primaryimage"},"thumbnailUrl":"https:\/\/llenapampalona.com\/wp-content\/uploads\/2025\/10\/lena-icon-justice-1-1.png","datePublished":"2025-10-27T09:46:37+00:00","dateModified":"2025-12-04T11:34:27+00:00","description":"Llena pampalona Arria, tu despacho de abogados en Lleida. Soluciones legales eficaces en derecho civil, penal, laboral, mercantil, fiscal y administrativo. Atenci\u00f3n cercana, clara y profesional","breadcrumb":{"@id":"https:\/\/llenapampalona.com\/ca\/#breadcrumb"},"inLanguage":"ca","potentialAction":[{"@type":"ReadAction","target":["https:\/\/llenapampalona.com\/ca\/"]}]},{"@type":"ImageObject","inLanguage":"ca","@id":"https:\/\/llenapampalona.com\/ca\/#primaryimage","url":"https:\/\/llenapampalona.com\/wp-content\/uploads\/2025\/10\/lena-icon-justice-1-1.png","contentUrl":"https:\/\/llenapampalona.com\/wp-content\/uploads\/2025\/10\/lena-icon-justice-1-1.png"},{"@type":"BreadcrumbList","@id":"https:\/\/llenapampalona.com\/ca\/#breadcrumb","itemListElement":[{"@type":"ListItem","position":1,"name":"Portada","item":"https:\/\/llenapampalona.com\/ca\/"},{"@type":"ListItem","position":2,"name":"Inici"}]},{"@type":"WebSite","@id":"https:\/\/llenapampalona.com\/ca\/#website","url":"https:\/\/llenapampalona.com\/ca\/","name":"Llena Pampalona Arri\u00e0","description":"","publisher":{"@id":"https:\/\/llenapampalona.com\/ca\/#organization"},"potentialAction":[{"@type":"SearchAction","target":{"@type":"EntryPoint","urlTemplate":"https:\/\/llenapampalona.com\/ca\/?s={search_term_string}"},"query-input":{"@type":"PropertyValueSpecification","valueRequired":true,"valueName":"search_term_string"}}],"inLanguage":"ca"},{"@type":"Organization","@id":"https:\/\/llenapampalona.com\/ca\/#organization","name":"Llena Pampalona Arri\u00e0","url":"https:\/\/llenapampalona.com\/ca\/","logo":{"@type":"ImageObject","inLanguage":"ca","@id":"https:\/\/llenapampalona.com\/ca\/#\/schema\/logo\/image\/","url":"https:\/\/llenapampalona.com\/wp-content\/uploads\/2025\/10\/llena-pampalona-logo-2.png","contentUrl":"https:\/\/llenapampalona.com\/wp-content\/uploads\/2025\/10\/llena-pampalona-logo-2.png","width":500,"height":60,"caption":"Llena Pampalona Arri\u00e0"},"image":{"@id":"https:\/\/llenapampalona.com\/ca\/#\/schema\/logo\/image\/"}}]}},"_links":{"self":[{"href":"https:\/\/llenapampalona.com\/ca\/wp-json\/wp\/v2\/pages\/468","targetHints":{"allow":["GET"]}}],"collection":[{"href":"https:\/\/llenapampalona.com\/ca\/wp-json\/wp\/v2\/pages"}],"about":[{"href":"https:\/\/llenapampalona.com\/ca\/wp-json\/wp\/v2\/types\/page"}],"author":[{"embeddable":true,"href":"https:\/\/llenapampalona.com\/ca\/wp-json\/wp\/v2\/users\/1"}],"replies":[{"embeddable":true,"href":"https:\/\/llenapampalona.com\/ca\/wp-json\/wp\/v2\/comments?post=468"}],"version-history":[{"count":4,"href":"https:\/\/llenapampalona.com\/ca\/wp-json\/wp\/v2\/pages\/468\/revisions"}],"predecessor-version":[{"id":516,"href":"https:\/\/llenapampalona.com\/ca\/wp-json\/wp\/v2\/pages\/468\/revisions\/516"}],"wp:attachment":[{"href":"https:\/\/llenapampalona.com\/ca\/wp-json\/wp\/v2\/media?parent=468"}],"curies":[{"name":"wp","href":"https:\/\/api.w.org\/{rel}","templated":true}]}}