{"id":470,"date":"2025-10-30T10:34:33","date_gmt":"2025-10-30T10:34:33","guid":{"rendered":"https:\/\/llenapampalona.panelserver.org\/politica-de-cookies\/"},"modified":"2026-05-12T11:53:11","modified_gmt":"2026-05-12T11:53:11","slug":"politica-de-cookies","status":"publish","type":"page","link":"https:\/\/llenapampalona.com\/ca\/politica-de-cookies\/","title":{"rendered":"Pol\u00edtica de cookies"},"content":{"rendered":"\t\t<div data-elementor-type=\"wp-page\" data-elementor-id=\"470\" class=\"elementor elementor-470 elementor-231\" data-elementor-post-type=\"page\">\n\t\t\t\t<div class=\"elementor-element elementor-element-0280cac e-flex e-con-boxed e-con e-parent\" data-id=\"0280cac\" data-element_type=\"container\" data-settings=\"{&quot;background_background&quot;:&quot;classic&quot;}\">\n\t\t\t\t\t<div class=\"e-con-inner\">\n\t\t\t\t<div class=\"elementor-element elementor-element-9728580 elementor-widget elementor-widget-heading\" data-id=\"9728580\" data-element_type=\"widget\" data-widget_type=\"heading.default\">\n\t\t\t\t\t<h2 class=\"elementor-heading-title elementor-size-default\">Pol\u00edtica de cookies<\/h2>\t\t\t\t<\/div>\n\t\t\t\t\t<\/div>\n\t\t\t\t<\/div>\n\t\t<div class=\"elementor-element elementor-element-a7d69d7 e-flex e-con-boxed e-con e-parent\" data-id=\"a7d69d7\" data-element_type=\"container\">\n\t\t\t\t\t<div class=\"e-con-inner\">\n\t\t\t\t<div class=\"elementor-element elementor-element-a629071 elementor-widget elementor-widget-text-editor\" data-id=\"a629071\" data-element_type=\"widget\" data-widget_type=\"text-editor.default\">\n\t\t\t\t\t\t\t\t\t<div class=\"wpb_text_column wpb_content_element \"><div class=\"wpb_wrapper\"><div class=\"wpb_text_column wpb_content_element \"><div class=\"wpb_wrapper\"><div class=\"wpb_text_column wpb_content_element \"><div class=\"wpb_wrapper\"><p><strong>Responsable:<\/strong> PLENA &amp; PAMPALONA &amp; ARRIA ADVOCATS SLP<\/p><p><strong>Finalitat i \u00fas de cookies:<\/strong> Recopilar informaci\u00f3 que ajuda a optimitzar la visita de l&#8217;usuari<\/p><p><strong>Base jur\u00eddica de l&#8217;\u00fas de cookies:<\/strong> Per consentiment de l&#8217;usuari, doncs, l&#8217;usuari en pot permetre l&#8217;\u00fas o rebutjar-lo, o canviar-ne la configuraci\u00f3 sempre que ho desitgi<\/p><p><strong>Destinataris del tractament de dades a trav\u00e9s de l&#8217;\u00fas de cookies:<\/strong> segons la seva tipologia, se cediran a \u00abgoogle analytics, youtube, doubleclick\u2026\u00bb<\/p><p><strong>Termini de conservaci\u00f3 de les dades obtingudes a trav\u00e9s de l&#8217;\u00fas de cookies:<\/strong> el m\u00ednim indispensable d&#8217;acord amb la seva finalitat<\/p><p>Per a m\u00e9s informaci\u00f3 podeu accedir a la nostra pol\u00edtica de privadesa<\/p><p>PLENA &amp; PAMPALONA &amp; ARRIA ADVOCATS SLP, a trav\u00e9s del present document, recull la seva Pol\u00edtica de recollida i tractament de cookies, en compliment del que disposa l&#8217;article 22.2 de la Llei 34\/2002, d&#8217;11 de juliol, de Serveis de la Societat de la Informaci\u00f3 i de Comer\u00e7 Electr\u00f2nic (LSSICE).<\/p><p>Les cookies s&#8217;emmagatzemen a l&#8217;equip terminal de l&#8217;usuari (ordinador o dispositiu m\u00f2bil) i recopilen informaci\u00f3 en visitar la p\u00e0gina web www.llenapampalona.com, per tal de millorar-ne la usabilitat, con\u00e8ixer els seus h\u00e0bits o necessitats de navegaci\u00f3 dels usuaris per poder adaptar-s&#8217;hi, aix\u00ed com obtenir informaci\u00f3 amb finalitats estad\u00edstiques. En el cas d&#8217;aquells usuaris que ja siguin clients de l&#8217;entitat, la informaci\u00f3 demanada amb les galetes servir\u00e0 tamb\u00e9 per a la seva identificaci\u00f3 en accedir a les diferents eines que l&#8217;entitat posa a la vostra disposici\u00f3 per a la gesti\u00f3 dels serveis.<\/p><p>Aquesta Pol\u00edtica de Cookies ser\u00e0 aplicable als usuaris que volunt\u00e0riament visitin les p\u00e0gines web de l&#8217;entitat, omplin formularis de recollida de dades, accedeixen a les eines que l&#8217;entitat posa a disposici\u00f3 dels seus clients per gestionar els seus serveis, o utilitzen qualsevol altre servei present al lloc web que impliqui la comunicaci\u00f3 de dades a l&#8217;entitat, o l&#8217;acc\u00e9s a dades per l&#8217;entitat, per a la prestaci\u00f3 dels seus serveis.<\/p><p>PLENA &amp; PAMPALONA &amp; ARRIA ADVOCATS SLP informa els usuaris de les seves p\u00e0gines web, de l&#8217;exist\u00e8ncia de cookies i posa a la seva disposici\u00f3 aquesta Pol\u00edtica a fi d&#8217;informar-los sobre l&#8217;\u00fas i l&#8217;objecte d&#8217;aquestes. El fet de continuar la navegaci\u00f3 a trav\u00e9s de les seves p\u00e0gines suposa el coneixement i l&#8217;acceptaci\u00f3 d&#8217;aquesta Pol\u00edtica per part d&#8217;aquests usuaris.<\/p><p>\u00a0<\/p><p><strong>TIPUS DE COOKIES:<\/strong><\/p><p>Classificades per la titularitat:<\/p><p>* Cookies pr\u00f2pies: enviades i gestionades directament per l&#8217;entitat.<\/p><p>* Cookies de tercers: enviades i gestionades per un tercer ali\u00e8 a l&#8217;entitat, de forma an\u00f2nima, per tal de fer estudis estad\u00edstics de navegaci\u00f3 per les p\u00e0gines web de l&#8217;entitat.<\/p><p>Classificades per la finalitat:<\/p><p>* Galetes t\u00e8cniques i\/o de personalitzaci\u00f3: faciliten la navegaci\u00f3, en identificar la sessi\u00f3, permetre l&#8217;acc\u00e9s a eines d&#8217;acc\u00e9s restringit, a m\u00e9s de configurar a mida les opcions disponibles. Possibiliten la prestaci\u00f3 del servei sol\u00b7licitat pr\u00e8viament per lusuari.<\/p><p>* Cookies d&#8217;an\u00e0lisi i\/o publicitat: permeten con\u00e8ixer el nombre de visites rebudes a les diferents seccions de les p\u00e0gines web, els h\u00e0bits i tend\u00e8ncies dels seus usuaris i en conseq\u00fc\u00e8ncia, poder millorar la navegaci\u00f3 i el servei ofert per l&#8217;entitat ( fonamentalment, Google Analytics), aix\u00ed com gestionar els espais publicitaris inclosos a la p\u00e0gina web visitada per l&#8217;usuari. Recopila dades de manera an\u00f2nima per obtenir perfils de navegaci\u00f3 dels usuaris.<\/p><p>* Galetes de xarxes socials externes: s&#8217;utilitzen perqu\u00e8 els visitants puguin interactuar amb el contingut de diferents plataformes socials (facebook, youtube, twitter, linkedIn, etc..) i que es generin \u00fanicament per als usuaris d&#8217;aquestes xarxes socials. Les condicions d&#8217;utilitzaci\u00f3 d&#8217;aquestes galetes i la informaci\u00f3 recopilada es regula per la pol\u00edtica de privadesa de la plataforma social corresponent.<\/p><p>Classificades per la durada:<\/p><p>* Cookies de sessi\u00f3: recullen i emmagatzemen les dades mentre l&#8217;usuari accedeix a la p\u00e0gina web.<\/p><p>* Cookies persistents: recullen i emmagatzemen les dades al terminal de l&#8217;usuari durant un per\u00edode de temps variable en funci\u00f3 de quina sigui la finalitat per a la qual han estat utilitzades.<\/p><p>\u00a0<\/p><p><strong>DESACTIVACI\u00d3 I ELIMINACI\u00d3 DE COOKIES<\/strong><\/p><p>Teniu l&#8217;opci\u00f3 de permetre, bloquejar o eliminar les cookies instal\u00b7lades al vostre equip mitjan\u00e7ant la configuraci\u00f3 de les opcions del navegador instal\u00b7lat al vostre equip. En desactivar galetes, alguns dels serveis disponibles podrien deixar d&#8217;estar operatius. La manera de deshabilitar les galetes \u00e9s diferent per a cada navegador, per\u00f2 normalment es pot fer des del men\u00fa Eines o Opcions. Tamb\u00e9 podeu consultar el men\u00fa d&#8217;Ajuda del navegador on podeu trobar instruccions.<\/p><p>L&#8217;usuari podr\u00e0 en qualsevol moment triar quines galetes desitja que funcionin en aquest lloc web. Podeu permetre, bloquejar o eliminar les cookies instal\u00b7lades al vostre equip<\/p><p>\u00a0<\/p><table width=\"1162\"><tbody><tr><td width=\"299\"><strong>Nombre<\/strong><\/td><td width=\"121\"><strong>Proveidor<\/strong><\/td><td width=\"119\"><strong>Prop\u00f3sito<\/strong><\/td><td width=\"94\"><strong>Caducidad<\/strong><\/td><td width=\"75\"><strong>Tipo<\/strong><\/td><\/tr><tr><td width=\"299\">_icl_current_language<\/td><td width=\"121\">llenapampalona.com<\/td><td width=\"119\"><p>Cookie utilizada para mantener y recordar el idioma actual en que navega el usuario.<\/p><\/td><td width=\"94\">Sesi\u00f3n<\/td><td width=\"75\">de sesi\u00f3n<\/td><\/tr><tr><td width=\"299\">WordPress_logged_in_64a70fea15ef6faefef408688845d031<\/td><td width=\"121\">llenapampalona.com<\/td><td width=\"119\"><p>Cookie utilizada para mantener y recordar la sesi\u00f3n \u00a0actual en que navega el usuario.<\/p><\/td><td width=\"94\">Sesi\u00f3n<\/td><td width=\"75\">de sesi\u00f3n<\/td><\/tr><tr><td width=\"299\">_icl_visitor_lang_js<\/td><td width=\"121\">llenapampalona.com<\/td><td width=\"119\">Presentar la p\u00e1gina web en el idioma<\/td><td width=\"94\">Sesi\u00f3n<\/td><td width=\"75\">de sesi\u00f3n<\/td><\/tr><tr><td width=\"299\"><p>CONSENT<\/p><\/td><td width=\"121\">\u00a0<\/td><td width=\"119\">Funci\u00f3n de aceptaci\u00f3n de cookies en sitios web<\/td><td width=\"94\"><p>\u00a020 a\u00f1os<\/p><\/td><td width=\"75\">De terceros<\/td><\/tr><tr><td width=\"299\">\u00a0<\/td><td width=\"121\">\u00a0<\/td><td width=\"119\">\u00a0<\/td><td width=\"94\">\u00a0<\/td><td width=\"75\">\u00a0<\/td><\/tr><tr><td width=\"299\">\u00a0<\/td><td width=\"121\">\u00a0<\/td><td width=\"119\">\u00a0<\/td><td width=\"94\">\u00a0<\/td><td width=\"75\">\u00a0<\/td><\/tr><tr><td width=\"299\">\u00a0<\/td><td width=\"121\">\u00a0<\/td><td width=\"119\">\u00a0<\/td><td width=\"94\">\u00a0<\/td><td width=\"75\">\u00a0<\/td><\/tr><\/tbody><\/table><p>\u00a0<\/p><p>\u00a0<\/p><\/div><\/div><\/div><div class=\"vc_empty_space\"><p>El temps de conservaci\u00f3 de les galetes dependr\u00e0 del tipus de qu\u00e8 es tracti i ser\u00e0 sempre el m\u00ednim indispensable per complir la seva finalitat.<\/p><p>En qualsevol cas, els usuaris poden configurar el vostre navegador, de manera que es deshabiliti o bloquegi la recepci\u00f3 de totes o algunes de les cookies. No desitjar rebre aquestes cookies no constitueix un impediment per poder accedir a la informaci\u00f3 dels llocs web de l&#8217;entitat encara que l&#8217;\u00fas d&#8217;alguns serveis podr\u00e0 ser limitat. Si un cop atorgat el consentiment per a la recepci\u00f3 de cookies, es vol retirar aquest, s&#8217;han d&#8217;eliminar aquelles emmagatzemades a l&#8217;equip de l&#8217;usuari, a trav\u00e9s de les opcions dels diferents navegadors.<\/p><\/div><\/div><\/div><\/div>\t\t\t\t\t\t\t\t<\/div>\n\t\t\t\t\t<\/div>\n\t\t\t\t<\/div>\n\t\t\t\t<\/div>\n\t\t","protected":false},"excerpt":{"rendered":"<p>Responsable: PLENA &amp; PAMPALONA &amp; ARRIA ADVOCATS SLP Finalitat i \u00fas de cookies: Recopilar informaci\u00f3 que ajuda a optimitzar la visita de l&#8217;usuari Base jur\u00eddica de l&#8217;\u00fas de cookies: Per consentiment de l&#8217;usuari, doncs, l&#8217;usuari en pot permetre l&#8217;\u00fas o rebutjar-lo, o canviar-ne la configuraci\u00f3 sempre que ho desitgi Destinataris del tractament de dades a [&hellip;]<\/p>\n","protected":false},"author":1,"featured_media":0,"parent":0,"menu_order":0,"comment_status":"closed","ping_status":"closed","template":"","meta":{"footnotes":""},"class_list":["post-470","page","type-page","status-publish","hentry"],"yoast_head":"<!-- This site is optimized with the Yoast SEO plugin v26.6 - https:\/\/yoast.com\/wordpress\/plugins\/seo\/ -->\n<title>Pol\u00edtica de cookies - Llena Pampalona Arri\u00e0<\/title>\n<meta name=\"robots\" content=\"index, follow, max-snippet:-1, max-image-preview:large, max-video-preview:-1\" \/>\n<link rel=\"canonical\" href=\"https:\/\/llenapampalona.com\/ca\/politica-de-cookies\/\" \/>\n<meta property=\"og:locale\" content=\"ca_ES\" \/>\n<meta property=\"og:type\" content=\"article\" \/>\n<meta property=\"og:title\" content=\"Pol\u00edtica de cookies - Llena Pampalona Arri\u00e0\" \/>\n<meta property=\"og:description\" content=\"Responsable: PLENA &amp; PAMPALONA &amp; ARRIA ADVOCATS SLP Finalitat i \u00fas de cookies: Recopilar informaci\u00f3 que ajuda a optimitzar la visita de l&#8217;usuari Base jur\u00eddica de l&#8217;\u00fas de cookies: Per consentiment de l&#8217;usuari, doncs, l&#8217;usuari en pot permetre l&#8217;\u00fas o rebutjar-lo, o canviar-ne la configuraci\u00f3 sempre que ho desitgi Destinataris del tractament de dades a [&hellip;]\" \/>\n<meta property=\"og:url\" content=\"https:\/\/llenapampalona.com\/ca\/politica-de-cookies\/\" \/>\n<meta property=\"og:site_name\" content=\"Llena Pampalona Arri\u00e0\" \/>\n<meta property=\"article:modified_time\" content=\"2026-05-12T11:53:11+00:00\" \/>\n<meta name=\"twitter:card\" content=\"summary_large_image\" \/>\n<meta name=\"twitter:label1\" content=\"Temps estimat de lectura\" \/>\n\t<meta name=\"twitter:data1\" content=\"5 minuts\" \/>\n<script type=\"application\/ld+json\" class=\"yoast-schema-graph\">{\"@context\":\"https:\/\/schema.org\",\"@graph\":[{\"@type\":\"WebPage\",\"@id\":\"https:\/\/llenapampalona.com\/ca\/politica-de-cookies\/\",\"url\":\"https:\/\/llenapampalona.com\/ca\/politica-de-cookies\/\",\"name\":\"Pol\u00edtica de cookies - Llena Pampalona Arri\u00e0\",\"isPartOf\":{\"@id\":\"https:\/\/llenapampalona.com\/ca\/#website\"},\"datePublished\":\"2025-10-30T10:34:33+00:00\",\"dateModified\":\"2026-05-12T11:53:11+00:00\",\"breadcrumb\":{\"@id\":\"https:\/\/llenapampalona.com\/ca\/politica-de-cookies\/#breadcrumb\"},\"inLanguage\":\"ca\",\"potentialAction\":[{\"@type\":\"ReadAction\",\"target\":[\"https:\/\/llenapampalona.com\/ca\/politica-de-cookies\/\"]}]},{\"@type\":\"BreadcrumbList\",\"@id\":\"https:\/\/llenapampalona.com\/ca\/politica-de-cookies\/#breadcrumb\",\"itemListElement\":[{\"@type\":\"ListItem\",\"position\":1,\"name\":\"Portada\",\"item\":\"https:\/\/llenapampalona.com\/ca\/\"},{\"@type\":\"ListItem\",\"position\":2,\"name\":\"Pol\u00edtica de cookies\"}]},{\"@type\":\"WebSite\",\"@id\":\"https:\/\/llenapampalona.com\/ca\/#website\",\"url\":\"https:\/\/llenapampalona.com\/ca\/\",\"name\":\"Llena Pampalona Arri\u00e0\",\"description\":\"\",\"publisher\":{\"@id\":\"https:\/\/llenapampalona.com\/ca\/#organization\"},\"potentialAction\":[{\"@type\":\"SearchAction\",\"target\":{\"@type\":\"EntryPoint\",\"urlTemplate\":\"https:\/\/llenapampalona.com\/ca\/?s={search_term_string}\"},\"query-input\":{\"@type\":\"PropertyValueSpecification\",\"valueRequired\":true,\"valueName\":\"search_term_string\"}}],\"inLanguage\":\"ca\"},{\"@type\":\"Organization\",\"@id\":\"https:\/\/llenapampalona.com\/ca\/#organization\",\"name\":\"Llena Pampalona Arri\u00e0\",\"url\":\"https:\/\/llenapampalona.com\/ca\/\",\"logo\":{\"@type\":\"ImageObject\",\"inLanguage\":\"ca\",\"@id\":\"https:\/\/llenapampalona.com\/ca\/#\/schema\/logo\/image\/\",\"url\":\"https:\/\/llenapampalona.com\/wp-content\/uploads\/2025\/10\/llena-pampalona-logo-2.png\",\"contentUrl\":\"https:\/\/llenapampalona.com\/wp-content\/uploads\/2025\/10\/llena-pampalona-logo-2.png\",\"width\":500,\"height\":60,\"caption\":\"Llena Pampalona Arri\u00e0\"},\"image\":{\"@id\":\"https:\/\/llenapampalona.com\/ca\/#\/schema\/logo\/image\/\"}}]}<\/script>\n<!-- \/ Yoast SEO plugin. -->","yoast_head_json":{"title":"Pol\u00edtica de cookies - Llena Pampalona Arri\u00e0","robots":{"index":"index","follow":"follow","max-snippet":"max-snippet:-1","max-image-preview":"max-image-preview:large","max-video-preview":"max-video-preview:-1"},"canonical":"https:\/\/llenapampalona.com\/ca\/politica-de-cookies\/","og_locale":"ca_ES","og_type":"article","og_title":"Pol\u00edtica de cookies - Llena Pampalona Arri\u00e0","og_description":"Responsable: PLENA &amp; PAMPALONA &amp; ARRIA ADVOCATS SLP Finalitat i \u00fas de cookies: Recopilar informaci\u00f3 que ajuda a optimitzar la visita de l&#8217;usuari Base jur\u00eddica de l&#8217;\u00fas de cookies: Per consentiment de l&#8217;usuari, doncs, l&#8217;usuari en pot permetre l&#8217;\u00fas o rebutjar-lo, o canviar-ne la configuraci\u00f3 sempre que ho desitgi Destinataris del tractament de dades a [&hellip;]","og_url":"https:\/\/llenapampalona.com\/ca\/politica-de-cookies\/","og_site_name":"Llena Pampalona Arri\u00e0","article_modified_time":"2026-05-12T11:53:11+00:00","twitter_card":"summary_large_image","twitter_misc":{"Temps estimat de lectura":"5 minuts"},"schema":{"@context":"https:\/\/schema.org","@graph":[{"@type":"WebPage","@id":"https:\/\/llenapampalona.com\/ca\/politica-de-cookies\/","url":"https:\/\/llenapampalona.com\/ca\/politica-de-cookies\/","name":"Pol\u00edtica de cookies - Llena Pampalona Arri\u00e0","isPartOf":{"@id":"https:\/\/llenapampalona.com\/ca\/#website"},"datePublished":"2025-10-30T10:34:33+00:00","dateModified":"2026-05-12T11:53:11+00:00","breadcrumb":{"@id":"https:\/\/llenapampalona.com\/ca\/politica-de-cookies\/#breadcrumb"},"inLanguage":"ca","potentialAction":[{"@type":"ReadAction","target":["https:\/\/llenapampalona.com\/ca\/politica-de-cookies\/"]}]},{"@type":"BreadcrumbList","@id":"https:\/\/llenapampalona.com\/ca\/politica-de-cookies\/#breadcrumb","itemListElement":[{"@type":"ListItem","position":1,"name":"Portada","item":"https:\/\/llenapampalona.com\/ca\/"},{"@type":"ListItem","position":2,"name":"Pol\u00edtica de cookies"}]},{"@type":"WebSite","@id":"https:\/\/llenapampalona.com\/ca\/#website","url":"https:\/\/llenapampalona.com\/ca\/","name":"Llena Pampalona Arri\u00e0","description":"","publisher":{"@id":"https:\/\/llenapampalona.com\/ca\/#organization"},"potentialAction":[{"@type":"SearchAction","target":{"@type":"EntryPoint","urlTemplate":"https:\/\/llenapampalona.com\/ca\/?s={search_term_string}"},"query-input":{"@type":"PropertyValueSpecification","valueRequired":true,"valueName":"search_term_string"}}],"inLanguage":"ca"},{"@type":"Organization","@id":"https:\/\/llenapampalona.com\/ca\/#organization","name":"Llena Pampalona Arri\u00e0","url":"https:\/\/llenapampalona.com\/ca\/","logo":{"@type":"ImageObject","inLanguage":"ca","@id":"https:\/\/llenapampalona.com\/ca\/#\/schema\/logo\/image\/","url":"https:\/\/llenapampalona.com\/wp-content\/uploads\/2025\/10\/llena-pampalona-logo-2.png","contentUrl":"https:\/\/llenapampalona.com\/wp-content\/uploads\/2025\/10\/llena-pampalona-logo-2.png","width":500,"height":60,"caption":"Llena Pampalona Arri\u00e0"},"image":{"@id":"https:\/\/llenapampalona.com\/ca\/#\/schema\/logo\/image\/"}}]}},"_links":{"self":[{"href":"https:\/\/llenapampalona.com\/ca\/wp-json\/wp\/v2\/pages\/470","targetHints":{"allow":["GET"]}}],"collection":[{"href":"https:\/\/llenapampalona.com\/ca\/wp-json\/wp\/v2\/pages"}],"about":[{"href":"https:\/\/llenapampalona.com\/ca\/wp-json\/wp\/v2\/types\/page"}],"author":[{"embeddable":true,"href":"https:\/\/llenapampalona.com\/ca\/wp-json\/wp\/v2\/users\/1"}],"replies":[{"embeddable":true,"href":"https:\/\/llenapampalona.com\/ca\/wp-json\/wp\/v2\/comments?post=470"}],"version-history":[{"count":10,"href":"https:\/\/llenapampalona.com\/ca\/wp-json\/wp\/v2\/pages\/470\/revisions"}],"predecessor-version":[{"id":697,"href":"https:\/\/llenapampalona.com\/ca\/wp-json\/wp\/v2\/pages\/470\/revisions\/697"}],"wp:attachment":[{"href":"https:\/\/llenapampalona.com\/ca\/wp-json\/wp\/v2\/media?parent=470"}],"curies":[{"name":"wp","href":"https:\/\/api.w.org\/{rel}","templated":true}]}}