{"id":471,"date":"2025-10-30T10:01:46","date_gmt":"2025-10-30T10:01:46","guid":{"rendered":"https:\/\/llenapampalona.panelserver.org\/politica-de-privacidad\/"},"modified":"2026-05-12T11:48:44","modified_gmt":"2026-05-12T11:48:44","slug":"politica-de-privacitat","status":"publish","type":"page","link":"https:\/\/llenapampalona.com\/ca\/politica-de-privacitat\/","title":{"rendered":"Pol\u00edtica de privacitat"},"content":{"rendered":"\t\t<div data-elementor-type=\"wp-page\" data-elementor-id=\"471\" class=\"elementor elementor-471 elementor-225\" data-elementor-post-type=\"page\">\n\t\t\t\t<div class=\"elementor-element elementor-element-ad971ad e-flex e-con-boxed e-con e-parent\" data-id=\"ad971ad\" data-element_type=\"container\" data-settings=\"{&quot;background_background&quot;:&quot;classic&quot;}\">\n\t\t\t\t\t<div class=\"e-con-inner\">\n\t\t\t\t<div class=\"elementor-element elementor-element-ff419f4 elementor-widget elementor-widget-heading\" data-id=\"ff419f4\" data-element_type=\"widget\" data-widget_type=\"heading.default\">\n\t\t\t\t\t<h2 class=\"elementor-heading-title elementor-size-default\">Pol\u00edtica de privacitat<\/h2>\t\t\t\t<\/div>\n\t\t\t\t\t<\/div>\n\t\t\t\t<\/div>\n\t\t<div class=\"elementor-element elementor-element-399b93a e-flex e-con-boxed e-con e-parent\" data-id=\"399b93a\" data-element_type=\"container\">\n\t\t\t\t\t<div class=\"e-con-inner\">\n\t\t\t\t<div class=\"elementor-element elementor-element-8483495 elementor-widget elementor-widget-text-editor\" data-id=\"8483495\" data-element_type=\"widget\" data-widget_type=\"text-editor.default\">\n\t\t\t\t\t\t\t\t\t<div class=\"wpb_text_column wpb_content_element \"><div class=\"wpb_wrapper\"><div class=\"wpb_text_column wpb_content_element \"><div class=\"wpb_wrapper\"><p><strong>INFORMACI\u00d3 B\u00c0SICA SOBRE PROTECCI\u00d3 DE DADES:<\/strong><\/p><p><strong>Responsable:<\/strong> PLENA &amp; PAMPALONA &amp; ARRIA ADVOCATS SLP<\/p><p><strong>Finalitat:<\/strong>\u00a0Informar-lo sobre els productes i serveis publicats a la nostra web<\/p><p><strong>Legitimaci\u00f3:<\/strong> per consentiment de l&#8217;interessat<\/p><p><strong>Termini de conservaci\u00f3:<\/strong>\u00a0el legalment establert<\/p><p><strong>Destinataris:<\/strong> No se cediran dades a tercers, excepte obligaci\u00f3 legal<\/p><p><strong>Drets:<\/strong> Teniu dret a accedir, rectificar i suprimir les dades, aix\u00ed com altres drets, com s&#8217;explica a la informaci\u00f3 addicional.<\/p><p><strong>Ubicaci\u00f3:<\/strong> Podeu consultar la informaci\u00f3 addicional i detallada sobre Protecci\u00f3 de Dades a l&#8217;apartat\u00a0AV\u00cdS LEGAL, situat en aquesta mateixa web<\/p><p><strong>Responsable:<\/strong><\/p><p>Titular: PLENA &amp; PAMPALONA &amp; ARRIA ADVOCATS SLP<\/p><p>C.I.F: B70688791<\/p><p>Domicili social: Rambla Ferran, 2, 6\u00e8 i 7\u00e8 \u2013 25007 \u2013 Lleida \u2013 LLEIDA, Lleida<\/p><p>E-mail: info@llenapampalona.com<\/p><p>Tel\u00e8fon: 973240075<\/p><p>PLENA &amp; PAMPALONA &amp; ARRIA ADVOCATS SLP \u00e9s el responsable del tractament de les dades personals i els informa que aquestes dades seran tractades de conformitat amb el que disposa el Reglament (UE) 2016\/679 de 27 d&#8217;abril de 2016 (GDPR), per la qual cosa se li facilita la informaci\u00f3 seg\u00fcent del tractament:<\/p><p><strong>Finalitat del tractament:<\/strong><\/p><p>\u2013 La prestaci\u00f3 dels nostres serveis relacionats amb serveis jur\u00eddics, assessorament laboral i formalitzaci\u00f3 de n\u00f2mines<\/p><p>\u2013 Donar resposta a les sol\u00b7licituds d&#8217;informaci\u00f3 que ens feu arribar a trav\u00e9s dels formularis de contacte<\/p><p>Les dades personals que l&#8217;Usuari de la nostra web ens facilita mitjan\u00e7ant els formularis i funcionalitats habilitades en aquesta, seran tractades amb car\u00e0cter general a fi de facilitar la informaci\u00f3 sol\u00b7licitada pels Usuaris, atendre les seves consultes o sol\u00b7licituds, aix\u00ed com amb qualsevol altra finalitat a qu\u00e8 es refereixin els formularis i funcionalitats ofertes a cada moment a trav\u00e9s del web.<\/p><p><strong>Legitimaci\u00f3:<\/strong><\/p><p>PLENA &amp; PAMPALONA &amp; ARRIA ADVOCATS SLP, tractar\u00e0 les dades personals facilitades pel mateix interessat per donar resposta a la vostra sol\u00b7licitud d&#8217;informaci\u00f3, o per a la prestaci\u00f3 del servei sol\u00b7licitat, mitjan\u00e7ant el consentiment de l&#8217;interessat. Lusuari t\u00e9 dret a retirar el consentiment prestat en qualsevol moment.<\/p><p>La base legal dels tractaments \u00e9s el consentiment atorgat pels Usuaris prestats mitjan\u00e7ant l&#8217;acceptaci\u00f3 de la present Pol\u00edtica de Privadesa i les caselles corresponents.<\/p><p><strong>Criteris de conservaci\u00f3 de les dades:<\/strong><\/p><p>Es conservaran mentre hi hagi un inter\u00e8s mutu per mantenir la fi del tractament i quan ja no sigui necessari per a aquesta finalitat, se suprimiran amb mesures de seguretat adequades per garantir la pseudonimitzaci\u00f3 de les dades o la seva destrucci\u00f3 total.<\/p><p><strong>Destinataris:<\/strong><\/p><p>PLENA &amp; PAMPALONA &amp; ARRIA ADVOCATS SLP no cedir\u00e0 dades personals a tercers, excepte quan hi hagi una obligaci\u00f3 legal sobre aix\u00f2. En aquests casos, ens assegurem que els destinataris respecten la confidencialitat i compten amb les mesures adequades per protegir les dades personals.<\/p><p>Els prove\u00efdors de serveis externs amb qu\u00e8 PLENA &amp; PAMPALONA &amp; ARRIA ADVOCATS SLP treballa, poden tenir acc\u00e9s a dades per proporcionar els serveis corresponents, no obstant, no usen aquesta informaci\u00f3 per a fins propis o per a cessi\u00f3 a tercers.<\/p><p><strong>Drets que assisteixen a l&#8217;interessat:<\/strong><\/p><p>\u2013 Dret a retirar el consentiment en qualsevol moment.<\/p><p>\u2013 Dret d&#8217;acc\u00e9s, rectificaci\u00f3, portabilitat i supressi\u00f3 de les seves dades ia la limitaci\u00f3 o oposici\u00f3 al seu tractament.<\/p><p>\u2013 Dret a presentar una reclamaci\u00f3 davant de l&#8217;Autoritat de control (www.agpd.es) si considera que el tractament no s&#8217;ajusta a la normativa vigent.<\/p><p>Dades de contacte del Responsable del Tractament, per exercir els seus drets:<\/p><p>Titular: PLENA &amp; PAMPALONA &amp; ARRIA ADVOCATS SLP<\/p><p>C.I.F: B70688791<\/p><p>Domicili social: Rambla Ferran, 2, 6\u00e8 i 7\u00e8 \u2013 25007 \u2013 Lleida \u2013 LLEIDA<\/p><p>E-mail: info@llenapampalona.com<\/p><p>Tel\u00e8fon: 973240075<\/p><\/div><\/div><\/div><\/div>\t\t\t\t\t\t\t\t<\/div>\n\t\t\t\t\t<\/div>\n\t\t\t\t<\/div>\n\t\t\t\t<\/div>\n\t\t","protected":false},"excerpt":{"rendered":"<p>INFORMACI\u00d3 B\u00c0SICA SOBRE PROTECCI\u00d3 DE DADES: Responsable: PLENA &amp; PAMPALONA &amp; ARRIA ADVOCATS SLP Finalitat:\u00a0Informar-lo sobre els productes i serveis publicats a la nostra web Legitimaci\u00f3: per consentiment de l&#8217;interessat Termini de conservaci\u00f3:\u00a0el legalment establert Destinataris: No se cediran dades a tercers, excepte obligaci\u00f3 legal Drets: Teniu dret a accedir, rectificar i suprimir les dades, [&hellip;]<\/p>\n","protected":false},"author":1,"featured_media":0,"parent":0,"menu_order":0,"comment_status":"closed","ping_status":"closed","template":"","meta":{"footnotes":""},"class_list":["post-471","page","type-page","status-publish","hentry"],"yoast_head":"<!-- This site is optimized with the Yoast SEO plugin v26.6 - https:\/\/yoast.com\/wordpress\/plugins\/seo\/ -->\n<title>Pol\u00edtica de privacitat - Llena Pampalona Arri\u00e0<\/title>\n<meta name=\"robots\" content=\"index, follow, max-snippet:-1, max-image-preview:large, max-video-preview:-1\" \/>\n<link rel=\"canonical\" href=\"https:\/\/llenapampalona.com\/ca\/politica-de-privacitat\/\" \/>\n<meta property=\"og:locale\" content=\"ca_ES\" \/>\n<meta property=\"og:type\" content=\"article\" \/>\n<meta property=\"og:title\" content=\"Pol\u00edtica de privacitat - Llena Pampalona Arri\u00e0\" \/>\n<meta property=\"og:description\" content=\"INFORMACI\u00d3 B\u00c0SICA SOBRE PROTECCI\u00d3 DE DADES: Responsable: PLENA &amp; PAMPALONA &amp; ARRIA ADVOCATS SLP Finalitat:\u00a0Informar-lo sobre els productes i serveis publicats a la nostra web Legitimaci\u00f3: per consentiment de l&#8217;interessat Termini de conservaci\u00f3:\u00a0el legalment establert Destinataris: No se cediran dades a tercers, excepte obligaci\u00f3 legal Drets: Teniu dret a accedir, rectificar i suprimir les dades, [&hellip;]\" \/>\n<meta property=\"og:url\" content=\"https:\/\/llenapampalona.com\/ca\/politica-de-privacitat\/\" \/>\n<meta property=\"og:site_name\" content=\"Llena Pampalona Arri\u00e0\" \/>\n<meta property=\"article:modified_time\" content=\"2026-05-12T11:48:44+00:00\" \/>\n<meta name=\"twitter:card\" content=\"summary_large_image\" \/>\n<meta name=\"twitter:label1\" content=\"Temps estimat de lectura\" \/>\n\t<meta name=\"twitter:data1\" content=\"3 minuts\" \/>\n<script type=\"application\/ld+json\" class=\"yoast-schema-graph\">{\"@context\":\"https:\/\/schema.org\",\"@graph\":[{\"@type\":\"WebPage\",\"@id\":\"https:\/\/llenapampalona.com\/ca\/politica-de-privacitat\/\",\"url\":\"https:\/\/llenapampalona.com\/ca\/politica-de-privacitat\/\",\"name\":\"Pol\u00edtica de privacitat - Llena Pampalona Arri\u00e0\",\"isPartOf\":{\"@id\":\"https:\/\/llenapampalona.com\/ca\/#website\"},\"datePublished\":\"2025-10-30T10:01:46+00:00\",\"dateModified\":\"2026-05-12T11:48:44+00:00\",\"breadcrumb\":{\"@id\":\"https:\/\/llenapampalona.com\/ca\/politica-de-privacitat\/#breadcrumb\"},\"inLanguage\":\"ca\",\"potentialAction\":[{\"@type\":\"ReadAction\",\"target\":[\"https:\/\/llenapampalona.com\/ca\/politica-de-privacitat\/\"]}]},{\"@type\":\"BreadcrumbList\",\"@id\":\"https:\/\/llenapampalona.com\/ca\/politica-de-privacitat\/#breadcrumb\",\"itemListElement\":[{\"@type\":\"ListItem\",\"position\":1,\"name\":\"Portada\",\"item\":\"https:\/\/llenapampalona.com\/ca\/\"},{\"@type\":\"ListItem\",\"position\":2,\"name\":\"Pol\u00edtica de privacitat\"}]},{\"@type\":\"WebSite\",\"@id\":\"https:\/\/llenapampalona.com\/ca\/#website\",\"url\":\"https:\/\/llenapampalona.com\/ca\/\",\"name\":\"Llena Pampalona Arri\u00e0\",\"description\":\"\",\"publisher\":{\"@id\":\"https:\/\/llenapampalona.com\/ca\/#organization\"},\"potentialAction\":[{\"@type\":\"SearchAction\",\"target\":{\"@type\":\"EntryPoint\",\"urlTemplate\":\"https:\/\/llenapampalona.com\/ca\/?s={search_term_string}\"},\"query-input\":{\"@type\":\"PropertyValueSpecification\",\"valueRequired\":true,\"valueName\":\"search_term_string\"}}],\"inLanguage\":\"ca\"},{\"@type\":\"Organization\",\"@id\":\"https:\/\/llenapampalona.com\/ca\/#organization\",\"name\":\"Llena Pampalona Arri\u00e0\",\"url\":\"https:\/\/llenapampalona.com\/ca\/\",\"logo\":{\"@type\":\"ImageObject\",\"inLanguage\":\"ca\",\"@id\":\"https:\/\/llenapampalona.com\/ca\/#\/schema\/logo\/image\/\",\"url\":\"https:\/\/llenapampalona.com\/wp-content\/uploads\/2025\/10\/llena-pampalona-logo-2.png\",\"contentUrl\":\"https:\/\/llenapampalona.com\/wp-content\/uploads\/2025\/10\/llena-pampalona-logo-2.png\",\"width\":500,\"height\":60,\"caption\":\"Llena Pampalona Arri\u00e0\"},\"image\":{\"@id\":\"https:\/\/llenapampalona.com\/ca\/#\/schema\/logo\/image\/\"}}]}<\/script>\n<!-- \/ Yoast SEO plugin. -->","yoast_head_json":{"title":"Pol\u00edtica de privacitat - Llena Pampalona Arri\u00e0","robots":{"index":"index","follow":"follow","max-snippet":"max-snippet:-1","max-image-preview":"max-image-preview:large","max-video-preview":"max-video-preview:-1"},"canonical":"https:\/\/llenapampalona.com\/ca\/politica-de-privacitat\/","og_locale":"ca_ES","og_type":"article","og_title":"Pol\u00edtica de privacitat - Llena Pampalona Arri\u00e0","og_description":"INFORMACI\u00d3 B\u00c0SICA SOBRE PROTECCI\u00d3 DE DADES: Responsable: PLENA &amp; PAMPALONA &amp; ARRIA ADVOCATS SLP Finalitat:\u00a0Informar-lo sobre els productes i serveis publicats a la nostra web Legitimaci\u00f3: per consentiment de l&#8217;interessat Termini de conservaci\u00f3:\u00a0el legalment establert Destinataris: No se cediran dades a tercers, excepte obligaci\u00f3 legal Drets: Teniu dret a accedir, rectificar i suprimir les dades, [&hellip;]","og_url":"https:\/\/llenapampalona.com\/ca\/politica-de-privacitat\/","og_site_name":"Llena Pampalona Arri\u00e0","article_modified_time":"2026-05-12T11:48:44+00:00","twitter_card":"summary_large_image","twitter_misc":{"Temps estimat de lectura":"3 minuts"},"schema":{"@context":"https:\/\/schema.org","@graph":[{"@type":"WebPage","@id":"https:\/\/llenapampalona.com\/ca\/politica-de-privacitat\/","url":"https:\/\/llenapampalona.com\/ca\/politica-de-privacitat\/","name":"Pol\u00edtica de privacitat - Llena Pampalona Arri\u00e0","isPartOf":{"@id":"https:\/\/llenapampalona.com\/ca\/#website"},"datePublished":"2025-10-30T10:01:46+00:00","dateModified":"2026-05-12T11:48:44+00:00","breadcrumb":{"@id":"https:\/\/llenapampalona.com\/ca\/politica-de-privacitat\/#breadcrumb"},"inLanguage":"ca","potentialAction":[{"@type":"ReadAction","target":["https:\/\/llenapampalona.com\/ca\/politica-de-privacitat\/"]}]},{"@type":"BreadcrumbList","@id":"https:\/\/llenapampalona.com\/ca\/politica-de-privacitat\/#breadcrumb","itemListElement":[{"@type":"ListItem","position":1,"name":"Portada","item":"https:\/\/llenapampalona.com\/ca\/"},{"@type":"ListItem","position":2,"name":"Pol\u00edtica de privacitat"}]},{"@type":"WebSite","@id":"https:\/\/llenapampalona.com\/ca\/#website","url":"https:\/\/llenapampalona.com\/ca\/","name":"Llena Pampalona Arri\u00e0","description":"","publisher":{"@id":"https:\/\/llenapampalona.com\/ca\/#organization"},"potentialAction":[{"@type":"SearchAction","target":{"@type":"EntryPoint","urlTemplate":"https:\/\/llenapampalona.com\/ca\/?s={search_term_string}"},"query-input":{"@type":"PropertyValueSpecification","valueRequired":true,"valueName":"search_term_string"}}],"inLanguage":"ca"},{"@type":"Organization","@id":"https:\/\/llenapampalona.com\/ca\/#organization","name":"Llena Pampalona Arri\u00e0","url":"https:\/\/llenapampalona.com\/ca\/","logo":{"@type":"ImageObject","inLanguage":"ca","@id":"https:\/\/llenapampalona.com\/ca\/#\/schema\/logo\/image\/","url":"https:\/\/llenapampalona.com\/wp-content\/uploads\/2025\/10\/llena-pampalona-logo-2.png","contentUrl":"https:\/\/llenapampalona.com\/wp-content\/uploads\/2025\/10\/llena-pampalona-logo-2.png","width":500,"height":60,"caption":"Llena Pampalona Arri\u00e0"},"image":{"@id":"https:\/\/llenapampalona.com\/ca\/#\/schema\/logo\/image\/"}}]}},"_links":{"self":[{"href":"https:\/\/llenapampalona.com\/ca\/wp-json\/wp\/v2\/pages\/471","targetHints":{"allow":["GET"]}}],"collection":[{"href":"https:\/\/llenapampalona.com\/ca\/wp-json\/wp\/v2\/pages"}],"about":[{"href":"https:\/\/llenapampalona.com\/ca\/wp-json\/wp\/v2\/types\/page"}],"author":[{"embeddable":true,"href":"https:\/\/llenapampalona.com\/ca\/wp-json\/wp\/v2\/users\/1"}],"replies":[{"embeddable":true,"href":"https:\/\/llenapampalona.com\/ca\/wp-json\/wp\/v2\/comments?post=471"}],"version-history":[{"count":11,"href":"https:\/\/llenapampalona.com\/ca\/wp-json\/wp\/v2\/pages\/471\/revisions"}],"predecessor-version":[{"id":694,"href":"https:\/\/llenapampalona.com\/ca\/wp-json\/wp\/v2\/pages\/471\/revisions\/694"}],"wp:attachment":[{"href":"https:\/\/llenapampalona.com\/ca\/wp-json\/wp\/v2\/media?parent=471"}],"curies":[{"name":"wp","href":"https:\/\/api.w.org\/{rel}","templated":true}]}}